{"id":710240,"date":"2025-08-27T16:33:52","date_gmt":"2025-08-27T13:33:52","guid":{"rendered":"https:\/\/roveyayinevi.com.tr\/index.php\/urun\/kastilya-kirlari-1907-1917\/"},"modified":"2026-04-16T02:18:54","modified_gmt":"2026-04-15T23:18:54","slug":"kastilya-kirlari-1907-1917","status":"publish","type":"product","link":"https:\/\/roveyayinevi.com.tr\/index.php\/urun\/kastilya-kirlari-1907-1917\/","title":{"rendered":"Kastilya K\u0131rlar\u0131 (1907-1917)"},"content":{"rendered":"<p>Antonio Machado (1875-1939) Neruda\u2019n\u0131n \u201cg\u00fcng\u00f6rm\u00fc\u015f eski bir \u0130spanya a\u011fac\u0131 gibi sessiz ve bilge, sakin ve \u015fiddetli\u201d olarak niteledi\u011fi b\u00fcy\u00fck \u015fiirin ozan\u0131. Ald\u0131\u011f\u0131 k\u00f6kl\u00fc e\u011fitimi, zorluklarla ge\u00e7en ya\u015fam\u0131n\u0131n birikimleriyle harmanlam\u0131\u015f; simgecilik, izlenimcilik gibi ak\u0131mlar\u0131n, ku\u015fkuculu\u011fun iklimlerinde dola\u015fm\u0131\u015f; modernismo olarak an\u0131lan yeni e\u011filimin \u015fiirsel olanaklar\u0131ndan yararlanarak ard\u0131nda g\u00f6rkemli bir ya\u015fam yap\u0131t\u0131 b\u0131rakm\u0131\u015ft\u0131r. Kastilya K\u0131rlar\u0131, b\u00fcy\u00fck ozan\u0131n \u00fclkesinin \u201cinsan manzaralar\u0131\u201dn\u0131 do\u011fa sevgisi, laiklik, umut, gelece\u011fin g\u00fcc\u00fcne ve ya\u015fam\u0131n s\u00fcreklili\u011fine inan\u00e7 gibi izlekler temelinde \u015fiire, kendi deyi\u015fiyle \u201czaman\u0131n \u00f6z\u00fcndeki s\u00f6z\u201de b\u00fcr\u00fcnd\u00fcrerek i\u015fledi\u011fi ba\u015fyap\u0131t\u0131d\u0131r. <\/p>\n","protected":false},"excerpt":{"rendered":"<p>Antonio Machado (1875-1939) Neruda\u2019n\u0131n \u201cg\u00fcng\u00f6rm\u00fc\u015f eski bir \u0130spanya a\u011fac\u0131 gibi sessiz ve bilge, sakin ve \u015fiddetli\u201d olarak niteledi\u011fi b\u00fcy\u00fck \u015fiirin ozan\u0131. Ald\u0131\u011f\u0131 k\u00f6kl\u00fc e\u011fitimi, zorluklarla ge\u00e7en<span class=\"excerpt-hellip\"> [\u2026]<\/span><\/p>\n","protected":false},"featured_media":0,"template":"","meta":{"_monsterinsights_skip_tracking":false,"_monsterinsights_sitenote_active":false,"_monsterinsights_sitenote_note":"","_monsterinsights_sitenote_category":0},"product_brand":[],"product_cat":[12291,12711],"product_tag":[],"class_list":{"0":"post-710240","1":"product","2":"type-product","3":"status-publish","5":"product_cat-edebiyat","6":"product_cat-roman-oyku","7":"pa_cilt-ciltsiz","8":"pa_tur-kitap","9":"pa_yayinevi-ayrinti-yayinlari","10":"pa_yazar-antonio-machado","12":"first","13":"instock","14":"sale","15":"shipping-taxable","16":"purchasable","17":"product-type-simple"},"_links":{"self":[{"href":"https:\/\/roveyayinevi.com.tr\/index.php\/wp-json\/wp\/v2\/product\/710240","targetHints":{"allow":["GET"]}}],"collection":[{"href":"https:\/\/roveyayinevi.com.tr\/index.php\/wp-json\/wp\/v2\/product"}],"about":[{"href":"https:\/\/roveyayinevi.com.tr\/index.php\/wp-json\/wp\/v2\/types\/product"}],"wp:attachment":[{"href":"https:\/\/roveyayinevi.com.tr\/index.php\/wp-json\/wp\/v2\/media?parent=710240"}],"wp:term":[{"taxonomy":"product_brand","embeddable":true,"href":"https:\/\/roveyayinevi.com.tr\/index.php\/wp-json\/wp\/v2\/product_brand?post=710240"},{"taxonomy":"product_cat","embeddable":true,"href":"https:\/\/roveyayinevi.com.tr\/index.php\/wp-json\/wp\/v2\/product_cat?post=710240"},{"taxonomy":"product_tag","embeddable":true,"href":"https:\/\/roveyayinevi.com.tr\/index.php\/wp-json\/wp\/v2\/product_tag?post=710240"}],"curies":[{"name":"wp","href":"https:\/\/api.w.org\/{rel}","templated":true}]}}