{"id":710239,"date":"2025-08-27T16:33:52","date_gmt":"2025-08-27T13:33:52","guid":{"rendered":"https:\/\/roveyayinevi.com.tr\/index.php\/urun\/grimm-masallari-tuutin-taydelta-tarroja\/"},"modified":"2026-04-16T02:18:54","modified_gmt":"2026-04-15T23:18:54","slug":"grimm-masallari-tuutin-taydelta-tarroja","status":"publish","type":"product","link":"https:\/\/roveyayinevi.com.tr\/index.php\/urun\/grimm-masallari-tuutin-taydelta-tarroja\/","title":{"rendered":"Grimm Masallar\u0131 (Tuutin T\u00e4ydelt\u00e4 Tarroja)"},"content":{"rendered":"<p>Grimm Karde\u015fler\u2019in Alman halk efsanelerinden derledi\u011fi, Rapunzel, Cesur Terzi ve Hansel ile Gretel gibi \u00e7ocuklu\u011fumuzdan bildi\u011fimiz masallar, Zeynep Atayman\u2019\u0131n \u00e7evirisi ve Aysun Alt\u0131nda\u011f\u2019\u0131n \u00f6zgu\u0308n \u00e7izimleriyle bulu\u015ftu. Grimm Masallar\u0131, dil ve edebiyat a\u00e7\u0131s\u0131ndan iyi bir kaynak olman\u0131n yan\u0131 s\u0131ra gu\u0308nu\u0308mu\u0308z masallar\u0131na hem ilham vermi\u015f hem de yol g\u00f6sterici olmu\u015ftur. Her \u00e7ocu\u011fun ku\u0308tu\u0308phanesinde yer alacak bu masal kitab\u0131n\u0131n anlatt\u0131\u011f\u0131 insan hik\u00e2yeleri, korku, cesaret, k\u00f6tu\u0308lu\u0308k, merhamet ve adanm\u0131\u015fl\u0131k temalar\u0131yla ba\u015fucumuzda.Masallar\u0131n du\u0308nyas\u0131na dalmak i\u00e7in \u00e7ocuklarla masal okuyal\u0131m, onlara masal anlatal\u0131m, kendi masal \u00e7emberlerimizi kural\u0131m&#8230; <\/p>\n","protected":false},"excerpt":{"rendered":"<p>Grimm Karde\u015fler\u2019in Alman halk efsanelerinden derledi\u011fi, Rapunzel, Cesur Terzi ve Hansel ile Gretel gibi \u00e7ocuklu\u011fumuzdan bildi\u011fimiz masallar, Zeynep Atayman\u2019\u0131n \u00e7evirisi ve Aysun Alt\u0131nda\u011f\u2019\u0131n \u00f6zgu\u0308n \u00e7izimleriyle bulu\u015ftu.<span class=\"excerpt-hellip\"> [\u2026]<\/span><\/p>\n","protected":false},"featured_media":0,"template":"","meta":{"_monsterinsights_skip_tracking":false,"_monsterinsights_sitenote_active":false,"_monsterinsights_sitenote_note":"","_monsterinsights_sitenote_category":0},"product_brand":[],"product_cat":[12274,12284],"product_tag":[],"class_list":{"0":"post-710239","1":"product","2":"type-product","3":"status-publish","5":"product_cat-cocuk-ve-genclik-kitaplari","6":"product_cat-hikayeler","7":"pa_cilt-ciltsiz","8":"pa_tur-kitap","9":"pa_yayinevi-ayrinti-yayinlari","10":"pa_yazar-grimm-kardesler","12":"first","13":"instock","14":"sale","15":"shipping-taxable","16":"purchasable","17":"product-type-simple"},"_links":{"self":[{"href":"https:\/\/roveyayinevi.com.tr\/index.php\/wp-json\/wp\/v2\/product\/710239","targetHints":{"allow":["GET"]}}],"collection":[{"href":"https:\/\/roveyayinevi.com.tr\/index.php\/wp-json\/wp\/v2\/product"}],"about":[{"href":"https:\/\/roveyayinevi.com.tr\/index.php\/wp-json\/wp\/v2\/types\/product"}],"wp:attachment":[{"href":"https:\/\/roveyayinevi.com.tr\/index.php\/wp-json\/wp\/v2\/media?parent=710239"}],"wp:term":[{"taxonomy":"product_brand","embeddable":true,"href":"https:\/\/roveyayinevi.com.tr\/index.php\/wp-json\/wp\/v2\/product_brand?post=710239"},{"taxonomy":"product_cat","embeddable":true,"href":"https:\/\/roveyayinevi.com.tr\/index.php\/wp-json\/wp\/v2\/product_cat?post=710239"},{"taxonomy":"product_tag","embeddable":true,"href":"https:\/\/roveyayinevi.com.tr\/index.php\/wp-json\/wp\/v2\/product_tag?post=710239"}],"curies":[{"name":"wp","href":"https:\/\/api.w.org\/{rel}","templated":true}]}}