{"id":710235,"date":"2025-08-27T16:33:43","date_gmt":"2025-08-27T13:33:43","guid":{"rendered":"https:\/\/roveyayinevi.com.tr\/index.php\/urun\/kum-saatinden-harfler-sokulgan-okurlar-icin-icbukeyler\/"},"modified":"2026-04-16T02:18:54","modified_gmt":"2026-04-15T23:18:54","slug":"kum-saatinden-harfler-sokulgan-okurlar-icin-icbukeyler","status":"publish","type":"product","link":"https:\/\/roveyayinevi.com.tr\/index.php\/urun\/kum-saatinden-harfler-sokulgan-okurlar-icin-icbukeyler\/","title":{"rendered":"Kum Saatinden Harfler &#8211; Sokulgan Okurlar \u0130\u00e7in \u0130\u00e7b\u00fckeyler"},"content":{"rendered":"<p>\u201cHer kum tanesini bir harf olarak g\u00f6rmek. Onlar\u0131n ak\u0131\u015f\u0131ndan do\u011fan, do\u011facak c\u00fcmleler, paragraflar, sayfalar; orada beliren, netle\u015fen ve bulanan anlamlar, imgeler: Kal\u0131nl\u0131k d\u00fc\u015f\u00fcyle, umuduyla ge\u00e7icilik korkusu, umutsuzlu\u011fu ayn\u0131 \u00f6rg\u00fc d\u00fczene\u011finin i\u00e7inde yeralan ilmeklerdir.Beyaz, bo\u015f bir sayfa \u00e7ekiyorum \u00f6n\u00fcme, her seferinde.Kum saat\u0131n\u0131 \u00e7eviriyorum.Taneler bo\u015fubo\u015funa harekete ge\u00e7iyorlar \u2013 biliyorum.\u201d\u0130\u00e7b\u00fckeylerin devam\u0131 olan Kum Saat\u0131ndan Harfler, bir \u00f6nceki i\u00e7b\u00fckey Iss\u0131z D\u00f6nme Dolap benzeri bir ku\u015fat\u0131m mant\u0131\u011f\u0131 i\u00e7inde, 1998-2000 d\u00f6neminde yaz\u0131lm\u0131\u015f metinlerden haz\u0131rlanan bir se\u00e7kiyi i\u00e7eriyor. Enis Batur, koydu\u011fu altba\u015fl\u0131kla \u2013yaln\u0131zca\u2013 sokulgan okura seslenerek mesafeli durma iste\u011fini belirtse de, i\u00e7b\u00fckeylerin \u201ci\u00e7ten\u201d labirentinde dola\u015fmaya, par\u00e7alanm\u0131\u015f zamanda parampar\u00e7a yaz\u0131lar yazmaya devam ediyor. <\/p>\n","protected":false},"excerpt":{"rendered":"<p>\u201cHer kum tanesini bir harf olarak g\u00f6rmek. Onlar\u0131n ak\u0131\u015f\u0131ndan do\u011fan, do\u011facak c\u00fcmleler, paragraflar, sayfalar; orada beliren, netle\u015fen ve bulanan anlamlar, imgeler: Kal\u0131nl\u0131k d\u00fc\u015f\u00fcyle, umuduyla ge\u00e7icilik korkusu,<span class=\"excerpt-hellip\"> [\u2026]<\/span><\/p>\n","protected":false},"featured_media":0,"template":"","meta":{"_monsterinsights_skip_tracking":false,"_monsterinsights_sitenote_active":false,"_monsterinsights_sitenote_note":"","_monsterinsights_sitenote_category":0},"product_brand":[],"product_cat":[12777,12291],"product_tag":[],"class_list":{"0":"post-710235","1":"product","2":"type-product","3":"status-publish","5":"product_cat-deneme","6":"product_cat-edebiyat","7":"pa_cilt-ciltsiz","8":"pa_tur-kitap","9":"pa_yayinevi-kirmizi-kedi-yayinevi","10":"pa_yazar-enis-batur","12":"first","13":"instock","14":"sale","15":"shipping-taxable","16":"purchasable","17":"product-type-simple"},"_links":{"self":[{"href":"https:\/\/roveyayinevi.com.tr\/index.php\/wp-json\/wp\/v2\/product\/710235","targetHints":{"allow":["GET"]}}],"collection":[{"href":"https:\/\/roveyayinevi.com.tr\/index.php\/wp-json\/wp\/v2\/product"}],"about":[{"href":"https:\/\/roveyayinevi.com.tr\/index.php\/wp-json\/wp\/v2\/types\/product"}],"wp:attachment":[{"href":"https:\/\/roveyayinevi.com.tr\/index.php\/wp-json\/wp\/v2\/media?parent=710235"}],"wp:term":[{"taxonomy":"product_brand","embeddable":true,"href":"https:\/\/roveyayinevi.com.tr\/index.php\/wp-json\/wp\/v2\/product_brand?post=710235"},{"taxonomy":"product_cat","embeddable":true,"href":"https:\/\/roveyayinevi.com.tr\/index.php\/wp-json\/wp\/v2\/product_cat?post=710235"},{"taxonomy":"product_tag","embeddable":true,"href":"https:\/\/roveyayinevi.com.tr\/index.php\/wp-json\/wp\/v2\/product_tag?post=710235"}],"curies":[{"name":"wp","href":"https:\/\/api.w.org\/{rel}","templated":true}]}}