{"id":710230,"date":"2025-08-27T16:33:41","date_gmt":"2025-08-27T13:33:41","guid":{"rendered":"https:\/\/roveyayinevi.com.tr\/index.php\/urun\/can-ile-canan-serisi-2-salincagi-kim-sevmez\/"},"modified":"2026-04-12T02:21:57","modified_gmt":"2026-04-11T23:21:57","slug":"can-ile-canan-serisi-2-salincagi-kim-sevmez","status":"publish","type":"product","link":"https:\/\/roveyayinevi.com.tr\/index.php\/urun\/can-ile-canan-serisi-2-salincagi-kim-sevmez\/","title":{"rendered":"Can \u0130le Canan Serisi 2 &#8211; Sal\u0131nca\u011f\u0131 Kim Sevmez?"},"content":{"rendered":"<p>Bir\u00e7ok insan gibi, Can ile Canan\u2019\u0131n da en b\u00fcy\u00fck hayali zaman makinesini icat etmekti. Bir g\u00fcn hayalleri ilgin\u00e7 bir \u015fekilde ger\u00e7ek oldu. B\u00fcy\u00fck dedelerinden kalan gizemli bir defter, onlar\u0131 zamanda \u00e7ok heyecanl\u0131 bir yolculu\u011fa \u00e7\u0131kard\u0131. Hatta bu yolculuk, zaman yolculu\u011fu olman\u0131n \u00f6tesine de ge\u00e7ti.Bir g\u00fcn kendilerini \u0130stiklal Mar\u015f\u0131\u2019m\u0131z\u0131n ince ruhlu, duyarl\u0131 \u015fairi Mehmet Akif Ersoy\u2019un hi\u00e7 bilmedikleri di\u011fer \u015fiirlerine yolculuk yaparken buldular. \u015eiirlerin i\u00e7inde yolculuk yapmak&#8230; Bu, hayallerinin de \u00f6tesindeydi. Mehmet Akif Ersoy\u2019un birbirinden ilgin\u00e7 \u015fiirlerini bazen g\u00fclerek bazen a\u011flayarak bazen \u015fa\u015f\u0131rarak y\u00fcreklerinin derinliklerinde hissetmenin g\u00fczelli\u011fini, b\u00fct\u00fcn d\u00fcnya ile payla\u015fmak istediler. <\/p>\n","protected":false},"excerpt":{"rendered":"<p>Bir\u00e7ok insan gibi, Can ile Canan\u2019\u0131n da en b\u00fcy\u00fck hayali zaman makinesini icat etmekti. Bir g\u00fcn hayalleri ilgin\u00e7 bir \u015fekilde ger\u00e7ek oldu. B\u00fcy\u00fck dedelerinden kalan gizemli<span class=\"excerpt-hellip\"> [\u2026]<\/span><\/p>\n","protected":false},"featured_media":0,"template":"","meta":{"_monsterinsights_skip_tracking":false,"_monsterinsights_sitenote_active":false,"_monsterinsights_sitenote_note":"","_monsterinsights_sitenote_category":0},"product_brand":[],"product_cat":[12274,12284],"product_tag":[],"class_list":{"0":"post-710230","1":"product","2":"type-product","3":"status-publish","5":"product_cat-cocuk-ve-genclik-kitaplari","6":"product_cat-hikayeler","7":"pa_cilt-ciltsiz","8":"pa_tur-kitap","9":"pa_yayinevi-timas-cocuk","10":"pa_yazar-nefise-atcakarlar","12":"first","13":"instock","14":"sale","15":"shipping-taxable","16":"purchasable","17":"product-type-simple"},"_links":{"self":[{"href":"https:\/\/roveyayinevi.com.tr\/index.php\/wp-json\/wp\/v2\/product\/710230","targetHints":{"allow":["GET"]}}],"collection":[{"href":"https:\/\/roveyayinevi.com.tr\/index.php\/wp-json\/wp\/v2\/product"}],"about":[{"href":"https:\/\/roveyayinevi.com.tr\/index.php\/wp-json\/wp\/v2\/types\/product"}],"wp:attachment":[{"href":"https:\/\/roveyayinevi.com.tr\/index.php\/wp-json\/wp\/v2\/media?parent=710230"}],"wp:term":[{"taxonomy":"product_brand","embeddable":true,"href":"https:\/\/roveyayinevi.com.tr\/index.php\/wp-json\/wp\/v2\/product_brand?post=710230"},{"taxonomy":"product_cat","embeddable":true,"href":"https:\/\/roveyayinevi.com.tr\/index.php\/wp-json\/wp\/v2\/product_cat?post=710230"},{"taxonomy":"product_tag","embeddable":true,"href":"https:\/\/roveyayinevi.com.tr\/index.php\/wp-json\/wp\/v2\/product_tag?post=710230"}],"curies":[{"name":"wp","href":"https:\/\/api.w.org\/{rel}","templated":true}]}}