{"id":710228,"date":"2025-08-27T16:33:39","date_gmt":"2025-08-27T13:33:39","guid":{"rendered":"https:\/\/roveyayinevi.com.tr\/index.php\/urun\/savas-sanati-8\/"},"modified":"2026-04-16T02:18:53","modified_gmt":"2026-04-15T23:18:53","slug":"savas-sanati-8","status":"publish","type":"product","link":"https:\/\/roveyayinevi.com.tr\/index.php\/urun\/savas-sanati-8\/","title":{"rendered":"Sava\u015f Sanat\u0131"},"content":{"rendered":"<p>M.\u00d6. 400\u2019lerde Sun Tzu taraf\u0131ndan kaleme al\u0131nan ve aradan ge\u00e7en binlerce y\u0131la ra\u011fmen g\u00fcn\u00fcm\u00fczde h\u00e2l\u00e2 de\u011ferini koruyan Sava\u015f Sanat\u0131, yaz\u0131l\u0131 tarihin en de\u011ferli taktik-strateji eserlerinden birisidir.Do\u011fu ve Bat\u0131 ordular\u0131na k\u0131lavuzluk etmesinin yan\u0131 s\u0131ra, Sava\u015f Sanat\u0131 \u015fimdilerde b\u00fcy\u00fck ya da k\u00fc\u00e7\u00fck i\u015f adamlar\u0131n\u0131n ve liderlerin dayand\u0131\u011f\u0131 temel kaynaklardan biri haline gelmi\u015ftir.Hayat\u0131n her safhas\u0131nda m\u00fccadele etmek zorunda kald\u0131\u011f\u0131m\u0131z \u015fu g\u00fcnlerde Sun Tzu\u2019nun Sava\u015f Sanat\u0131, h\u00e2l\u00e2 uygulanabilir \u00f6rneklerle, ba\u015far\u0131l\u0131 olmak ve g\u00fc\u00e7l\u00fc kalmak isteyenler i\u00e7in mutlaka okunmas\u0131 gereken bir eser. <\/p>\n","protected":false},"excerpt":{"rendered":"<p>M.\u00d6. 400\u2019lerde Sun Tzu taraf\u0131ndan kaleme al\u0131nan ve aradan ge\u00e7en binlerce y\u0131la ra\u011fmen g\u00fcn\u00fcm\u00fczde h\u00e2l\u00e2 de\u011ferini koruyan Sava\u015f Sanat\u0131, yaz\u0131l\u0131 tarihin en de\u011ferli taktik-strateji eserlerinden birisidir.Do\u011fu<span class=\"excerpt-hellip\"> [\u2026]<\/span><\/p>\n","protected":false},"featured_media":0,"template":"","meta":{"_monsterinsights_skip_tracking":false,"_monsterinsights_sitenote_active":false,"_monsterinsights_sitenote_note":"","_monsterinsights_sitenote_category":0},"product_brand":[],"product_cat":[12312,12304],"product_tag":[],"class_list":{"0":"post-710228","1":"product","2":"type-product","3":"status-publish","5":"product_cat-diger","6":"product_cat-tarih","7":"pa_cilt-ciltsiz","8":"pa_tur-kitap","9":"pa_yayinevi-indigo-kitap","10":"pa_yazar-sun-tzu","12":"first","13":"instock","14":"sale","15":"shipping-taxable","16":"purchasable","17":"product-type-simple"},"_links":{"self":[{"href":"https:\/\/roveyayinevi.com.tr\/index.php\/wp-json\/wp\/v2\/product\/710228","targetHints":{"allow":["GET"]}}],"collection":[{"href":"https:\/\/roveyayinevi.com.tr\/index.php\/wp-json\/wp\/v2\/product"}],"about":[{"href":"https:\/\/roveyayinevi.com.tr\/index.php\/wp-json\/wp\/v2\/types\/product"}],"wp:attachment":[{"href":"https:\/\/roveyayinevi.com.tr\/index.php\/wp-json\/wp\/v2\/media?parent=710228"}],"wp:term":[{"taxonomy":"product_brand","embeddable":true,"href":"https:\/\/roveyayinevi.com.tr\/index.php\/wp-json\/wp\/v2\/product_brand?post=710228"},{"taxonomy":"product_cat","embeddable":true,"href":"https:\/\/roveyayinevi.com.tr\/index.php\/wp-json\/wp\/v2\/product_cat?post=710228"},{"taxonomy":"product_tag","embeddable":true,"href":"https:\/\/roveyayinevi.com.tr\/index.php\/wp-json\/wp\/v2\/product_tag?post=710228"}],"curies":[{"name":"wp","href":"https:\/\/api.w.org\/{rel}","templated":true}]}}