{"id":710227,"date":"2025-08-27T16:33:39","date_gmt":"2025-08-27T13:33:39","guid":{"rendered":"https:\/\/roveyayinevi.com.tr\/index.php\/urun\/13-cinayet\/"},"modified":"2026-04-16T02:18:53","modified_gmt":"2026-04-15T23:18:53","slug":"13-cinayet","status":"publish","type":"product","link":"https:\/\/roveyayinevi.com.tr\/index.php\/urun\/13-cinayet\/","title":{"rendered":"13. Cinayet"},"content":{"rendered":"<p>Hak etmedi\u011fi \u015feyleri ya\u015fatt\u0131\u011f\u0131n\u0131z insanlar size hak etti\u011finizi ya\u015fat\u0131r. Bu nedenle geri veremeyece\u011finiz \u015feyleri almaya hakk\u0131n\u0131z yok. E\u011fer bir \u015feyi alm\u0131\u015fsan\u0131z kar\u015f\u0131l\u0131\u011f\u0131nda sizden mutlaka bir \u015fey al\u0131rlar. Adalet yanl\u0131\u015f ya da do\u011fru mutlaka yerini bulur. <\/p>\n","protected":false},"excerpt":{"rendered":"<p>Hak etmedi\u011fi \u015feyleri ya\u015fatt\u0131\u011f\u0131n\u0131z insanlar size hak etti\u011finizi ya\u015fat\u0131r. Bu nedenle geri veremeyece\u011finiz \u015feyleri almaya hakk\u0131n\u0131z yok. E\u011fer bir \u015feyi alm\u0131\u015fsan\u0131z kar\u015f\u0131l\u0131\u011f\u0131nda sizden mutlaka bir \u015fey<span class=\"excerpt-hellip\"> [\u2026]<\/span><\/p>\n","protected":false},"featured_media":0,"template":"","meta":{"_monsterinsights_skip_tracking":false,"_monsterinsights_sitenote_active":false,"_monsterinsights_sitenote_note":"","_monsterinsights_sitenote_category":0},"product_brand":[],"product_cat":[12291,12711],"product_tag":[],"class_list":{"0":"post-710227","1":"product","2":"type-product","3":"status-publish","5":"product_cat-edebiyat","6":"product_cat-roman-oyku","7":"pa_cilt-ciltsiz","8":"pa_tur-kitap","9":"pa_yayinevi-ayata-kitap","10":"pa_yazar-murat-ali-bilkay","12":"first","13":"instock","14":"sale","15":"shipping-taxable","16":"purchasable","17":"product-type-simple"},"_links":{"self":[{"href":"https:\/\/roveyayinevi.com.tr\/index.php\/wp-json\/wp\/v2\/product\/710227","targetHints":{"allow":["GET"]}}],"collection":[{"href":"https:\/\/roveyayinevi.com.tr\/index.php\/wp-json\/wp\/v2\/product"}],"about":[{"href":"https:\/\/roveyayinevi.com.tr\/index.php\/wp-json\/wp\/v2\/types\/product"}],"wp:attachment":[{"href":"https:\/\/roveyayinevi.com.tr\/index.php\/wp-json\/wp\/v2\/media?parent=710227"}],"wp:term":[{"taxonomy":"product_brand","embeddable":true,"href":"https:\/\/roveyayinevi.com.tr\/index.php\/wp-json\/wp\/v2\/product_brand?post=710227"},{"taxonomy":"product_cat","embeddable":true,"href":"https:\/\/roveyayinevi.com.tr\/index.php\/wp-json\/wp\/v2\/product_cat?post=710227"},{"taxonomy":"product_tag","embeddable":true,"href":"https:\/\/roveyayinevi.com.tr\/index.php\/wp-json\/wp\/v2\/product_tag?post=710227"}],"curies":[{"name":"wp","href":"https:\/\/api.w.org\/{rel}","templated":true}]}}