{"id":710226,"date":"2025-08-27T16:33:38","date_gmt":"2025-08-27T13:33:38","guid":{"rendered":"https:\/\/roveyayinevi.com.tr\/index.php\/urun\/yasak-elma\/"},"modified":"2026-04-16T02:18:53","modified_gmt":"2026-04-15T23:18:53","slug":"yasak-elma","status":"publish","type":"product","link":"https:\/\/roveyayinevi.com.tr\/index.php\/urun\/yasak-elma\/","title":{"rendered":"Yasak Elma"},"content":{"rendered":"<p>Kim demi\u015f, Y\u0131ld\u0131z kayd\u0131\u011f\u0131nda, Bir insan \u00f6l\u00fcr. \u0130nanmam bu bir yalan&#8230;! Bir y\u0131ld\u0131z kayd\u0131\u011f\u0131nda, Birine kayar g\u00f6n\u00fcl, Eros atar okunu, A\u015fk olur, insan olur. As\u0131l, sevmezse insan \u00f6l\u00fcr. <\/p>\n","protected":false},"excerpt":{"rendered":"<p>Kim demi\u015f, Y\u0131ld\u0131z kayd\u0131\u011f\u0131nda, Bir insan \u00f6l\u00fcr. \u0130nanmam bu bir yalan&#8230;! Bir y\u0131ld\u0131z kayd\u0131\u011f\u0131nda, Birine kayar g\u00f6n\u00fcl, Eros atar okunu, A\u015fk olur, insan olur. As\u0131l, sevmezse<span class=\"excerpt-hellip\"> [\u2026]<\/span><\/p>\n","protected":false},"featured_media":0,"template":"","meta":{"_monsterinsights_skip_tracking":false,"_monsterinsights_sitenote_active":false,"_monsterinsights_sitenote_note":"","_monsterinsights_sitenote_category":0},"product_brand":[],"product_cat":[12291,12509],"product_tag":[],"class_list":{"0":"post-710226","1":"product","2":"type-product","3":"status-publish","5":"product_cat-edebiyat","6":"product_cat-siir","7":"pa_cilt-ciltsiz","8":"pa_tur-kitap","9":"pa_yayinevi-ayata-kitap","10":"pa_yazar-ayse-kantaroglu","12":"first","13":"instock","14":"sale","15":"shipping-taxable","16":"purchasable","17":"product-type-simple"},"_links":{"self":[{"href":"https:\/\/roveyayinevi.com.tr\/index.php\/wp-json\/wp\/v2\/product\/710226","targetHints":{"allow":["GET"]}}],"collection":[{"href":"https:\/\/roveyayinevi.com.tr\/index.php\/wp-json\/wp\/v2\/product"}],"about":[{"href":"https:\/\/roveyayinevi.com.tr\/index.php\/wp-json\/wp\/v2\/types\/product"}],"wp:attachment":[{"href":"https:\/\/roveyayinevi.com.tr\/index.php\/wp-json\/wp\/v2\/media?parent=710226"}],"wp:term":[{"taxonomy":"product_brand","embeddable":true,"href":"https:\/\/roveyayinevi.com.tr\/index.php\/wp-json\/wp\/v2\/product_brand?post=710226"},{"taxonomy":"product_cat","embeddable":true,"href":"https:\/\/roveyayinevi.com.tr\/index.php\/wp-json\/wp\/v2\/product_cat?post=710226"},{"taxonomy":"product_tag","embeddable":true,"href":"https:\/\/roveyayinevi.com.tr\/index.php\/wp-json\/wp\/v2\/product_tag?post=710226"}],"curies":[{"name":"wp","href":"https:\/\/api.w.org\/{rel}","templated":true}]}}