{"id":710222,"date":"2025-08-27T16:33:36","date_gmt":"2025-08-27T13:33:36","guid":{"rendered":"https:\/\/roveyayinevi.com.tr\/index.php\/urun\/15-temmuzun-adi-ens-t-darbe\/"},"modified":"2026-04-16T02:18:53","modified_gmt":"2026-04-15T23:18:53","slug":"15-temmuzun-adi-ens-t-darbe","status":"publish","type":"product","link":"https:\/\/roveyayinevi.com.tr\/index.php\/urun\/15-temmuzun-adi-ens-t-darbe\/","title":{"rendered":"15 Temmuz&#8217;un Ad\u0131 &#8211; &#8221;Ens..t&#8221; Darbe"},"content":{"rendered":"<p>15 Temmuzda, y\u0131llard\u0131r ayn\u0131 \u00e7at\u0131 alt\u0131nda ya\u015fad\u0131\u011f\u0131m\u0131z, suyumuzu ekme\u011fimizi payla\u015ft\u0131\u011f\u0131m\u0131z, beraber sevinip beraber a\u011flad\u0131\u011f\u0131m\u0131z karde\u015flerimiz(!) bize, yani kendi annelerine, babalar\u0131na, karde\u015flerine, akrabalar\u0131na, kom\u015fular\u0131na, silah arkada\u015flar\u0131na, vatana, millete, bayra\u011fa, devlete, siyasal sisteme, TBMM\u2019ye, Cumhurba\u015fkan\u0131na, k\u0131saca \u00f6z de\u011ferlerimizin t\u00fcm\u00fcne tecav\u00fcz etmeye kalk\u0131\u015ft\u0131. T\u0131pk\u0131, Darwin\u2019den m\u00fclhem di\u011fer t\u00fcm duygu, d\u00fc\u015f\u00fcnce, akli ve vicdani melekelerini kaybedip cinsel \u015fehveti tek d\u00fc\u015f\u00fcnce-ama\u00e7 haline getirmi\u015f \u015fifa bulmaz klinik vaka psikopatlar gibi. Bu sebeple bu kalk\u0131\u015fmaya en \u00e7ok yak\u0131\u015fan isim, kelime i\u011fren\u00e7 de olsa \u201cEnsest Darbe\u201d, darbecilerin \u00f6n adlar\u0131 da \u201ctecav\u00fczc\u00fc\u201dd\u00fcr. &#8230;Ancak Amerikal\u0131 stratejistler, giderek ileti\u015fim \u00e7a\u011f\u0131n\u0131n i\u00e7ine girilen 1970\u2019lerin d\u00fcnyas\u0131nda, sadece askerle yap\u0131lan m\u00fcdahalelerin fazla kal\u0131c\u0131 olamayaca\u011f\u0131n\u0131, aksine kar\u015f\u0131t hareketler do\u011furabilece\u011fini, dahas\u0131 T\u00fcrkiye ekonomisini geri g\u00f6t\u00fcrerek kendileri i\u00e7in de k\u00e2rdan ziyan bir durum yarataca\u011f\u0131n\u0131 g\u00f6rd\u00fcler ve i\u015fin i\u00e7ine bir de din \u00f6\u011fesi sokman\u0131n, yani darbeyi din temelli bir yolla ve \u00e7at\u0131\u015fmadan yapman\u0131n daha etkin olaca\u011f\u0131na kanaat getirdiler.Bu sebeple F ETO (F ethullah G\u00fclen) bulundu ve 1970\u2019lerin ba\u015f\u0131ndan itibaren, a\u2019dan z\u2019ye her t\u00fcrl\u00fc destek verilerek piyasaya s\u00fcr\u00fcld\u00fc. <\/p>\n","protected":false},"excerpt":{"rendered":"<p>15 Temmuzda, y\u0131llard\u0131r ayn\u0131 \u00e7at\u0131 alt\u0131nda ya\u015fad\u0131\u011f\u0131m\u0131z, suyumuzu ekme\u011fimizi payla\u015ft\u0131\u011f\u0131m\u0131z, beraber sevinip beraber a\u011flad\u0131\u011f\u0131m\u0131z karde\u015flerimiz(!) bize, yani kendi annelerine, babalar\u0131na, karde\u015flerine, akrabalar\u0131na, kom\u015fular\u0131na, silah arkada\u015flar\u0131na, vatana,<span class=\"excerpt-hellip\"> [\u2026]<\/span><\/p>\n","protected":false},"featured_media":0,"template":"","meta":{"_monsterinsights_skip_tracking":false,"_monsterinsights_sitenote_active":false,"_monsterinsights_sitenote_note":"","_monsterinsights_sitenote_category":0},"product_brand":[],"product_cat":[12337,14543],"product_tag":[],"class_list":{"0":"post-710222","1":"product","2":"type-product","3":"status-publish","5":"product_cat-politika-siyaset","6":"product_cat-turkiye-siyaseti-ve-politikasi","7":"pa_cilt-ciltsiz","8":"pa_tur-kitap","9":"pa_yayinevi-baris-kitap","10":"pa_yazar-saban-simsek","12":"first","13":"instock","14":"sale","15":"shipping-taxable","16":"purchasable","17":"product-type-simple"},"_links":{"self":[{"href":"https:\/\/roveyayinevi.com.tr\/index.php\/wp-json\/wp\/v2\/product\/710222","targetHints":{"allow":["GET"]}}],"collection":[{"href":"https:\/\/roveyayinevi.com.tr\/index.php\/wp-json\/wp\/v2\/product"}],"about":[{"href":"https:\/\/roveyayinevi.com.tr\/index.php\/wp-json\/wp\/v2\/types\/product"}],"wp:attachment":[{"href":"https:\/\/roveyayinevi.com.tr\/index.php\/wp-json\/wp\/v2\/media?parent=710222"}],"wp:term":[{"taxonomy":"product_brand","embeddable":true,"href":"https:\/\/roveyayinevi.com.tr\/index.php\/wp-json\/wp\/v2\/product_brand?post=710222"},{"taxonomy":"product_cat","embeddable":true,"href":"https:\/\/roveyayinevi.com.tr\/index.php\/wp-json\/wp\/v2\/product_cat?post=710222"},{"taxonomy":"product_tag","embeddable":true,"href":"https:\/\/roveyayinevi.com.tr\/index.php\/wp-json\/wp\/v2\/product_tag?post=710222"}],"curies":[{"name":"wp","href":"https:\/\/api.w.org\/{rel}","templated":true}]}}