{"id":710219,"date":"2025-08-27T16:33:35","date_gmt":"2025-08-27T13:33:35","guid":{"rendered":"https:\/\/roveyayinevi.com.tr\/index.php\/urun\/bir-siirden\/"},"modified":"2026-04-16T02:18:53","modified_gmt":"2026-04-15T23:18:53","slug":"bir-siirden","status":"publish","type":"product","link":"https:\/\/roveyayinevi.com.tr\/index.php\/urun\/bir-siirden\/","title":{"rendered":"Bir \u015eiirden"},"content":{"rendered":"<p>Turgut Uyar\u2019dan E\u015fsiz Bir \u015eiir \u0130ncelemesi Bir \u015eiirdenBug\u00fcn \u015fiir \u00fcst\u00fcne b\u00fct\u00fcn konu\u015ftuklar\u0131m\u0131z, edebiyat\u0131m\u0131z\u0131n gelene\u011fi, olanaklar\u0131, s\u0131n\u0131rlar\u0131 i\u00e7inde d\u00f6nenir. Ancak olup bitmi\u015fler, yap\u0131lm\u0131\u015flar \u00fcst\u00fcnde d\u00fc\u015f\u00fcn\u00fcp yarg\u0131lara varabiliriz. Bir tak\u0131m verilerdir d\u00fc\u015f\u00fcncemizi yeden. \u015eiir \u00fczerine, ger\u00e7ekten yeni olan \u015fiirle, yeni bir \u015feyler \u00f6\u011frenebiliriz ancak; \u015fiir \u00fczerine yaz\u0131lanlarla de\u011fil.Modern \u015fiirimizin ustalar\u0131 ayn\u0131 zamanda \u015fiiri d\u00fc\u015f\u00fcnm\u00fc\u015f, incelemi\u015f ve denemelere konu etmi\u015flerdir. Abd\u00fclhak H\u00e2mit\u2019ten Cemal K\u0131rca\u2019ya 21 \u015fairden birer \u015fiirle T\u00fcrk \u015fiirinin ufuklar\u0131n\u0131 \u00e7izen bu e\u015fsiz kitaba imza atan Turgut Uyar da, farkl\u0131 bir y\u00f6ntemle, bir \u00e7e\u015fit \u015fiir antolojisi ya da \u015fiir tarihi ortaya koymu\u015ftur.Bir \u015eiirden, 1983 y\u0131l\u0131nda yay\u0131mland\u0131\u011f\u0131ndan bu yana \u015fiirimiz \u00fcst\u00fcne yaz\u0131lm\u0131\u015f g\u00f6zde kitaplardan biri olmu\u015ftur. Kitab\u0131n bu \u00f6nemini, ayr\u0131cal\u0131kl\u0131 yerini belirlemek ve yeniden g\u00fcndeme gelmesini sa\u011flamak amac\u0131yla ayr\u0131 bir bas\u0131m\u0131n\u0131 yapma gere\u011fi duyduk.Birer \u015fiiri \u00fcst\u00fcnden incelenen 21 \u015fair \u015funlard\u0131r: Abd\u00fclhak H\u00e2mit, Mehmet Emin Yurdakul, Yahya Kemal Beyatl\u0131, Faruk Nafiz \u00c7aml\u0131bel, Orhan Seyfi Orhon, Kemalettin K\u00e2mi Kamu, Necip Faz\u0131l K\u0131sak\u00fcrek, N\u00e2z\u0131m Hikmet Ran, Ahmet Kutsi Tecer, M\u00fcmtaz Zeki Ta\u015fk\u0131n, Bedri Rahmi Eyubo\u011flu, Ahmet Muhip D\u0131ranas, Cahit S\u0131tk\u0131 Taranc\u0131, Muzaffer Tayyip, R\u00fc\u015ft\u00fc Onur, Orhan Veli Kan\u0131k, Oktay Rifat, Sabahattin Kudret Aksal, Cahit K\u00fclebi, Metin Elo\u011flu, Cemal K\u0131rca. <\/p>\n","protected":false},"excerpt":{"rendered":"<p>Turgut Uyar\u2019dan E\u015fsiz Bir \u015eiir \u0130ncelemesi Bir \u015eiirdenBug\u00fcn \u015fiir \u00fcst\u00fcne b\u00fct\u00fcn konu\u015ftuklar\u0131m\u0131z, edebiyat\u0131m\u0131z\u0131n gelene\u011fi, olanaklar\u0131, s\u0131n\u0131rlar\u0131 i\u00e7inde d\u00f6nenir. Ancak olup bitmi\u015fler, yap\u0131lm\u0131\u015flar \u00fcst\u00fcnde d\u00fc\u015f\u00fcn\u00fcp yarg\u0131lara varabiliriz.<span class=\"excerpt-hellip\"> [\u2026]<\/span><\/p>\n","protected":false},"featured_media":0,"template":"","meta":{"_monsterinsights_skip_tracking":false,"_monsterinsights_sitenote_active":false,"_monsterinsights_sitenote_note":"","_monsterinsights_sitenote_category":0},"product_brand":[],"product_cat":[12291,12610],"product_tag":[],"class_list":{"0":"post-710219","1":"product","2":"type-product","3":"status-publish","5":"product_cat-edebiyat","6":"product_cat-elestiri-inceleme-kuram","7":"pa_cilt-ciltsiz","8":"pa_tur-kitap","9":"pa_yayinevi-yapi-kredi-yayinlari","10":"pa_yazar-turgut-uyar","12":"first","13":"instock","14":"sale","15":"shipping-taxable","16":"purchasable","17":"product-type-simple"},"_links":{"self":[{"href":"https:\/\/roveyayinevi.com.tr\/index.php\/wp-json\/wp\/v2\/product\/710219","targetHints":{"allow":["GET"]}}],"collection":[{"href":"https:\/\/roveyayinevi.com.tr\/index.php\/wp-json\/wp\/v2\/product"}],"about":[{"href":"https:\/\/roveyayinevi.com.tr\/index.php\/wp-json\/wp\/v2\/types\/product"}],"wp:attachment":[{"href":"https:\/\/roveyayinevi.com.tr\/index.php\/wp-json\/wp\/v2\/media?parent=710219"}],"wp:term":[{"taxonomy":"product_brand","embeddable":true,"href":"https:\/\/roveyayinevi.com.tr\/index.php\/wp-json\/wp\/v2\/product_brand?post=710219"},{"taxonomy":"product_cat","embeddable":true,"href":"https:\/\/roveyayinevi.com.tr\/index.php\/wp-json\/wp\/v2\/product_cat?post=710219"},{"taxonomy":"product_tag","embeddable":true,"href":"https:\/\/roveyayinevi.com.tr\/index.php\/wp-json\/wp\/v2\/product_tag?post=710219"}],"curies":[{"name":"wp","href":"https:\/\/api.w.org\/{rel}","templated":true}]}}