{"id":710218,"date":"2025-08-27T16:33:34","date_gmt":"2025-08-27T13:33:34","guid":{"rendered":"https:\/\/roveyayinevi.com.tr\/index.php\/urun\/kan-dolasimi-ameliyat-ve-musiki-makamlari\/"},"modified":"2026-04-16T02:18:53","modified_gmt":"2026-04-15T23:18:53","slug":"kan-dolasimi-ameliyat-ve-musiki-makamlari","status":"publish","type":"product","link":"https:\/\/roveyayinevi.com.tr\/index.php\/urun\/kan-dolasimi-ameliyat-ve-musiki-makamlari\/","title":{"rendered":"Kan Dola\u015f\u0131m\u0131, Ameliyat ve Mus\u0131ki Makamlar\u0131"},"content":{"rendered":"<p>\u2018\u2018Kantemiro\u011flu ad\u0131yla bildi\u011fimiz Bo\u011fdan Prensi Demetrius Cantemir\u2019in (1673-1723) \u00f6mr\u00fcn\u00fcn toplam olarak yirmi iki y\u0131l\u0131n\u0131 ge\u00e7irdi\u011fi \u0130stanbul\u2019da b\u00fcy\u00fck bir ihtimalle son \u015feklini 1703 ve 1710 y\u0131llar\u0131 aras\u0131nda verdi\u011fi ve \u2018Kantemiro\u011flu edv\u00e2r\u0131\u2019 diye adland\u0131rageldi\u011fimiz Kitabu\u2018ilmi\u2019l-m\u00fbs\u0131ki \u2018al\u00e2 vechi\u2019l-hur\u00fbf\u00e2t adl\u0131 eseri geleneksel Osmanl\u0131\/T\u00fcrk mus\u0131kisi tarihinin en \u00f6nemli metinlerinden biridir.Bir tarih\u00e7i a\u00e7\u0131s\u0131ndan bak\u0131ld\u0131\u011f\u0131nda mus\u0131ki gelene\u011fimizin on yedinci y\u00fczy\u0131l\u0131 en ilgin\u00e7 fakat eldeki tarih\u00ee belge ve bilgi azl\u0131\u011f\u0131 dolay\u0131s\u0131yla da incelenmesi en zor y\u00fczy\u0131l\u0131d\u0131r. D\u00f6nemin mus\u0131ki kaynaklar\u0131n\u0131n belki en \u00f6nemlisi olan Kantemiro\u011flu edv\u00e2r\u0131n\u0131 \u00f6ncelikle bir somut bilgi kayna\u011f\u0131, geleneksel Osmanl\u0131\/T\u00fcrk mus\u0131kisinin olu\u015fum d\u00f6nemine ait bir tarih\u00ee belge s\u0131fat\u0131yla de\u011ferlendirebilmek \u00f6nem ta\u015f\u0131yor.\u2019\u2019Cem Behar, Kantemiro\u011flu\u2019nu merkeze alan Kan Dola\u015f\u0131m\u0131, Ameliyat ve Mus\u0131k\u00ee Makamlar\u0131 isimli kitab\u0131yla T\u00fcrk mus\u0131ki tarihine dair \u00f6zg\u00fcn \u00e7al\u0131\u015fmalar\u0131na bir yenisini daha ekliyor. <\/p>\n","protected":false},"excerpt":{"rendered":"<p>\u2018\u2018Kantemiro\u011flu ad\u0131yla bildi\u011fimiz Bo\u011fdan Prensi Demetrius Cantemir\u2019in (1673-1723) \u00f6mr\u00fcn\u00fcn toplam olarak yirmi iki y\u0131l\u0131n\u0131 ge\u00e7irdi\u011fi \u0130stanbul\u2019da b\u00fcy\u00fck bir ihtimalle son \u015feklini 1703 ve 1710 y\u0131llar\u0131 aras\u0131nda<span class=\"excerpt-hellip\"> [\u2026]<\/span><\/p>\n","protected":false},"featured_media":0,"template":"","meta":{"_monsterinsights_skip_tracking":false,"_monsterinsights_sitenote_active":false,"_monsterinsights_sitenote_note":"","_monsterinsights_sitenote_category":0},"product_brand":[],"product_cat":[12408,14197],"product_tag":[],"class_list":{"0":"post-710218","1":"product","2":"type-product","3":"status-publish","5":"product_cat-sanat","6":"product_cat-sanat-tarihi","7":"pa_cilt-ciltsiz","8":"pa_tur-kitap","9":"pa_yayinevi-yapi-kredi-yayinlari","10":"pa_yazar-cem-behar","12":"first","13":"instock","14":"sale","15":"shipping-taxable","16":"purchasable","17":"product-type-simple"},"_links":{"self":[{"href":"https:\/\/roveyayinevi.com.tr\/index.php\/wp-json\/wp\/v2\/product\/710218","targetHints":{"allow":["GET"]}}],"collection":[{"href":"https:\/\/roveyayinevi.com.tr\/index.php\/wp-json\/wp\/v2\/product"}],"about":[{"href":"https:\/\/roveyayinevi.com.tr\/index.php\/wp-json\/wp\/v2\/types\/product"}],"wp:attachment":[{"href":"https:\/\/roveyayinevi.com.tr\/index.php\/wp-json\/wp\/v2\/media?parent=710218"}],"wp:term":[{"taxonomy":"product_brand","embeddable":true,"href":"https:\/\/roveyayinevi.com.tr\/index.php\/wp-json\/wp\/v2\/product_brand?post=710218"},{"taxonomy":"product_cat","embeddable":true,"href":"https:\/\/roveyayinevi.com.tr\/index.php\/wp-json\/wp\/v2\/product_cat?post=710218"},{"taxonomy":"product_tag","embeddable":true,"href":"https:\/\/roveyayinevi.com.tr\/index.php\/wp-json\/wp\/v2\/product_tag?post=710218"}],"curies":[{"name":"wp","href":"https:\/\/api.w.org\/{rel}","templated":true}]}}