{"id":710211,"date":"2025-08-27T16:33:31","date_gmt":"2025-08-27T13:33:31","guid":{"rendered":"https:\/\/roveyayinevi.com.tr\/index.php\/urun\/goldilocks-ve-uc-ayi-1001-cicek-kitaplar\/"},"modified":"2026-04-16T02:18:53","modified_gmt":"2026-04-15T23:18:53","slug":"goldilocks-ve-uc-ayi-1001-cicek-kitaplar","status":"publish","type":"product","link":"https:\/\/roveyayinevi.com.tr\/index.php\/urun\/goldilocks-ve-uc-ayi-1001-cicek-kitaplar\/","title":{"rendered":"Goldilocks ve \u00dc\u00e7 Ay\u0131 1001 \u00c7i\u00e7ek Kitaplar"},"content":{"rendered":"<p>Goldilocks, sevimli oldu\u011fu kadar da yaramaz bir k\u0131zd\u0131r.Ormanda bo\u015f bir kul\u00fcbe buldu\u011funda, i\u00e7eri girip yaramazl\u0131k yapmaya koyulur.Ama dikkatli olmal\u0131d\u0131r, \u00e7\u00fcnk\u00fc ev sahipleri neredeyse eve d\u00f6nmek \u00fczeredirler! <\/p>\n","protected":false},"excerpt":{"rendered":"<p>Goldilocks, sevimli oldu\u011fu kadar da yaramaz bir k\u0131zd\u0131r.Ormanda bo\u015f bir kul\u00fcbe buldu\u011funda, i\u00e7eri girip yaramazl\u0131k yapmaya koyulur.Ama dikkatli olmal\u0131d\u0131r, \u00e7\u00fcnk\u00fc ev sahipleri neredeyse eve d\u00f6nmek \u00fczeredirler!<\/p>\n","protected":false},"featured_media":0,"template":"","meta":{"_monsterinsights_skip_tracking":false,"_monsterinsights_sitenote_active":false,"_monsterinsights_sitenote_note":"","_monsterinsights_sitenote_category":0},"product_brand":[],"product_cat":[12274,12284],"product_tag":[],"class_list":{"0":"post-710211","1":"product","2":"type-product","3":"status-publish","5":"product_cat-cocuk-ve-genclik-kitaplari","6":"product_cat-hikayeler","7":"pa_cilt-ciltsiz","8":"pa_tur-kitap","9":"pa_yayinevi-1001-cicek-kitaplar","10":"pa_yazar-komisyon","12":"first","13":"instock","14":"sale","15":"shipping-taxable","16":"purchasable","17":"product-type-simple"},"_links":{"self":[{"href":"https:\/\/roveyayinevi.com.tr\/index.php\/wp-json\/wp\/v2\/product\/710211","targetHints":{"allow":["GET"]}}],"collection":[{"href":"https:\/\/roveyayinevi.com.tr\/index.php\/wp-json\/wp\/v2\/product"}],"about":[{"href":"https:\/\/roveyayinevi.com.tr\/index.php\/wp-json\/wp\/v2\/types\/product"}],"wp:attachment":[{"href":"https:\/\/roveyayinevi.com.tr\/index.php\/wp-json\/wp\/v2\/media?parent=710211"}],"wp:term":[{"taxonomy":"product_brand","embeddable":true,"href":"https:\/\/roveyayinevi.com.tr\/index.php\/wp-json\/wp\/v2\/product_brand?post=710211"},{"taxonomy":"product_cat","embeddable":true,"href":"https:\/\/roveyayinevi.com.tr\/index.php\/wp-json\/wp\/v2\/product_cat?post=710211"},{"taxonomy":"product_tag","embeddable":true,"href":"https:\/\/roveyayinevi.com.tr\/index.php\/wp-json\/wp\/v2\/product_tag?post=710211"}],"curies":[{"name":"wp","href":"https:\/\/api.w.org\/{rel}","templated":true}]}}