{"id":710210,"date":"2025-08-27T16:33:30","date_gmt":"2025-08-27T13:33:30","guid":{"rendered":"https:\/\/roveyayinevi.com.tr\/index.php\/urun\/en-mavi-goz\/"},"modified":"2026-04-16T02:18:53","modified_gmt":"2026-04-15T23:18:53","slug":"en-mavi-goz","status":"publish","type":"product","link":"https:\/\/roveyayinevi.com.tr\/index.php\/urun\/en-mavi-goz\/","title":{"rendered":"En Mavi G\u00f6z"},"content":{"rendered":"<p>\u0130nsan, derisinin renginden nas\u0131l kurtulabilir?Dokunakl\u0131 diliyle \u0131rk ayr\u0131mc\u0131l\u0131\u011f\u0131n\u0131 edebiyat alan\u0131nda su y\u00fcz\u00fcne \u00e7\u0131karan, Nobel ve Pulitzer \u00f6d\u00fcll\u00fc yazar Toni Morrison, t\u00fcm d\u00fcnyada en \u00e7ok okunan roman\u0131 En Mavi G\u00f6z&#8217;de bir \u00e7ocu\u011fun g\u00f6z\u00fcnden horg\u00f6r\u00fclmenin, ayr\u0131mc\u0131l\u0131\u011f\u0131n, \u0131rka dayal\u0131 g\u00fczellik anlay\u0131\u015f\u0131n\u0131n ve ki\u015finin kendisine duydu\u011fu nefretin yaratt\u0131\u011f\u0131 bireysel ve toplumsal travmaya odaklan\u0131yor.\u0130kinci D\u00fcnya Sava\u015f\u0131 arifesinde Amerika&#8217;da bir gettoda ya\u015fayan Pecola, &#8220;\u00e7irkin&#8221; ve siyah bir k\u0131z \u00e7ocu\u011fudur. Farkl\u0131 kesimler taraf\u0131ndan a\u015fa\u011f\u0131lanan ve ayr\u0131mc\u0131l\u0131\u011fa maruz kalan Pecola, g\u00f6zleri beyazlar\u0131nki gibi mavi olursa her \u015feyin yoluna girece\u011fine, insanlar\u0131n onu be\u011fenece\u011fine ve sevece\u011fine inan\u0131r. Oysa mahallenin dillendirmeksizin kabullendi\u011fi ac\u0131lar konusunda y\u00fcr\u00fctt\u00fc\u011f\u00fc su\u00e7 ortakl\u0131\u011f\u0131, herkesin kalbinde ta\u015f\u0131d\u0131\u011f\u0131 nefrete ayna tutan Pecola&#8217;n\u0131n trajedisine d\u00f6n\u00fc\u015f\u00fcr.Irk\u00e7\u0131l\u0131k ve aile i\u00e7i \u015fiddet alan\u0131nda referans metinlerden biri haline gelen En Mavi G\u00f6z, olay \u00f6rg\u00fcs\u00fc ve al\u0131\u015f\u0131lmad\u0131k \u00fcslubuyla yirminci y\u00fczy\u0131l boyunca kimi zaman ac\u0131mas\u0131zla\u015fan insani ayr\u0131nt\u0131lar\u0131 d\u00fcnya edebiyat\u0131na ta\u015f\u0131yan bir kitap olarak sembolikle\u015fmi\u015ftir.<\/p>\n","protected":false},"excerpt":{"rendered":"<p>\u0130nsan, derisinin renginden nas\u0131l kurtulabilir?Dokunakl\u0131 diliyle \u0131rk ayr\u0131mc\u0131l\u0131\u011f\u0131n\u0131 edebiyat alan\u0131nda su y\u00fcz\u00fcne \u00e7\u0131karan, Nobel ve Pulitzer \u00f6d\u00fcll\u00fc yazar Toni Morrison, t\u00fcm d\u00fcnyada en \u00e7ok okunan roman\u0131<span class=\"excerpt-hellip\"> [\u2026]<\/span><\/p>\n","protected":false},"featured_media":0,"template":"","meta":{"_monsterinsights_skip_tracking":false,"_monsterinsights_sitenote_active":false,"_monsterinsights_sitenote_note":"","_monsterinsights_sitenote_category":0},"product_brand":[],"product_cat":[12291,12711],"product_tag":[],"class_list":{"0":"post-710210","1":"product","2":"type-product","3":"status-publish","5":"product_cat-edebiyat","6":"product_cat-roman-oyku","7":"pa_cilt-ciltsiz","8":"pa_tur-kitap","9":"pa_yayinevi-sel-yayincilik","10":"pa_yazar-toni-morrison","12":"first","13":"instock","14":"sale","15":"shipping-taxable","16":"purchasable","17":"product-type-simple"},"_links":{"self":[{"href":"https:\/\/roveyayinevi.com.tr\/index.php\/wp-json\/wp\/v2\/product\/710210","targetHints":{"allow":["GET"]}}],"collection":[{"href":"https:\/\/roveyayinevi.com.tr\/index.php\/wp-json\/wp\/v2\/product"}],"about":[{"href":"https:\/\/roveyayinevi.com.tr\/index.php\/wp-json\/wp\/v2\/types\/product"}],"wp:attachment":[{"href":"https:\/\/roveyayinevi.com.tr\/index.php\/wp-json\/wp\/v2\/media?parent=710210"}],"wp:term":[{"taxonomy":"product_brand","embeddable":true,"href":"https:\/\/roveyayinevi.com.tr\/index.php\/wp-json\/wp\/v2\/product_brand?post=710210"},{"taxonomy":"product_cat","embeddable":true,"href":"https:\/\/roveyayinevi.com.tr\/index.php\/wp-json\/wp\/v2\/product_cat?post=710210"},{"taxonomy":"product_tag","embeddable":true,"href":"https:\/\/roveyayinevi.com.tr\/index.php\/wp-json\/wp\/v2\/product_tag?post=710210"}],"curies":[{"name":"wp","href":"https:\/\/api.w.org\/{rel}","templated":true}]}}