{"id":710209,"date":"2025-08-27T16:33:30","date_gmt":"2025-08-27T13:33:30","guid":{"rendered":"https:\/\/roveyayinevi.com.tr\/index.php\/urun\/amerikali-tolstoy\/"},"modified":"2026-04-16T02:18:53","modified_gmt":"2026-04-15T23:18:53","slug":"amerikali-tolstoy","status":"publish","type":"product","link":"https:\/\/roveyayinevi.com.tr\/index.php\/urun\/amerikali-tolstoy\/","title":{"rendered":"Amerikal\u0131 Tolstoy"},"content":{"rendered":"<p>\u201cAslan denemeci\u201dlerden Sal\u00e2h Birsel, 1001 Gece Denemeleri\u2019nin bu kitab\u0131nda da yine u\u00e7suz bucaks\u0131z s\u00f6z denizlerinde pupa yelken seyrediyor, \u0130stanbul\u2019unsonbahar a\u011fa\u00e7lar\u0131ndan Y\u00fcksekkald\u0131r\u0131m\u2019\u0131n sokaklar\u0131na, gen\u00e7li\u011fin ne ince bilim oldu\u011funu \u00e7akm\u0131\u015f yazarlardan sezarlar\u0131n, \u00e7arlar\u0131n, sultanlar\u0131n hafiyelerinevar\u0131ncaya dek yedi d\u00fcvelden yedi bin konu \u00fczerine kafa yoruyor. \u0130nce k\u0131y\u0131m bir deneme dersi de cabas\u0131: \u201cBir denemecinin i\u015fi kitaplarda, do\u011fada ve de ya\u015fam\u0131n i\u00e7inde t\u0131k eden alt\u0131n\u0131 bulup \u00e7\u0131karmak, okurlar\u0131n g\u00f6nl\u00fcnde bir d\u00fc\u015f\u00fcnce uyand\u0131rmakt\u0131r. Bunu yaparken, \u00fcst\u00fcn\u00fc ba\u015f\u0131n\u0131 alt\u0131n tozuna bular, kalemini de yald\u0131z \u00e7ana\u011f\u0131n\u0131n i\u00e7ine d\u00fc\u015f\u00fcr\u00fcrse oh, gel keyfim gel.\u201dYine kafam\u0131z kar\u0131\u015facak ama ne gam! Ne de olsa \u201cdenemenin bir tan\u0131m\u0131 da \u00e7etrefil olmayan \u015feyleri \u00e7etrefil yapma sanat\u0131d\u0131r.\u201d <\/p>\n","protected":false},"excerpt":{"rendered":"<p>\u201cAslan denemeci\u201dlerden Sal\u00e2h Birsel, 1001 Gece Denemeleri\u2019nin bu kitab\u0131nda da yine u\u00e7suz bucaks\u0131z s\u00f6z denizlerinde pupa yelken seyrediyor, \u0130stanbul\u2019unsonbahar a\u011fa\u00e7lar\u0131ndan Y\u00fcksekkald\u0131r\u0131m\u2019\u0131n sokaklar\u0131na, gen\u00e7li\u011fin ne ince bilim<span class=\"excerpt-hellip\"> [\u2026]<\/span><\/p>\n","protected":false},"featured_media":0,"template":"","meta":{"_monsterinsights_skip_tracking":false,"_monsterinsights_sitenote_active":false,"_monsterinsights_sitenote_note":"","_monsterinsights_sitenote_category":0},"product_brand":[],"product_cat":[12777,12291],"product_tag":[],"class_list":{"0":"post-710209","1":"product","2":"type-product","3":"status-publish","5":"product_cat-deneme","6":"product_cat-edebiyat","7":"pa_cilt-ciltsiz","8":"pa_tur-kitap","9":"pa_yayinevi-sel-yayincilik","10":"pa_yazar-salah-birsel","12":"first","13":"instock","14":"sale","15":"shipping-taxable","16":"purchasable","17":"product-type-simple"},"_links":{"self":[{"href":"https:\/\/roveyayinevi.com.tr\/index.php\/wp-json\/wp\/v2\/product\/710209","targetHints":{"allow":["GET"]}}],"collection":[{"href":"https:\/\/roveyayinevi.com.tr\/index.php\/wp-json\/wp\/v2\/product"}],"about":[{"href":"https:\/\/roveyayinevi.com.tr\/index.php\/wp-json\/wp\/v2\/types\/product"}],"wp:attachment":[{"href":"https:\/\/roveyayinevi.com.tr\/index.php\/wp-json\/wp\/v2\/media?parent=710209"}],"wp:term":[{"taxonomy":"product_brand","embeddable":true,"href":"https:\/\/roveyayinevi.com.tr\/index.php\/wp-json\/wp\/v2\/product_brand?post=710209"},{"taxonomy":"product_cat","embeddable":true,"href":"https:\/\/roveyayinevi.com.tr\/index.php\/wp-json\/wp\/v2\/product_cat?post=710209"},{"taxonomy":"product_tag","embeddable":true,"href":"https:\/\/roveyayinevi.com.tr\/index.php\/wp-json\/wp\/v2\/product_tag?post=710209"}],"curies":[{"name":"wp","href":"https:\/\/api.w.org\/{rel}","templated":true}]}}