{"id":710206,"date":"2025-08-27T16:33:28","date_gmt":"2025-08-27T13:33:28","guid":{"rendered":"https:\/\/roveyayinevi.com.tr\/index.php\/urun\/mavera\/"},"modified":"2026-04-16T02:18:53","modified_gmt":"2026-04-15T23:18:53","slug":"mavera","status":"publish","type":"product","link":"https:\/\/roveyayinevi.com.tr\/index.php\/urun\/mavera\/","title":{"rendered":"Mavera"},"content":{"rendered":"<p>Ne kimli\u011fi vard\u0131, ne ge\u00e7mi\u015fi. Sadece \u00f6fkesi\u2026   Ne do\u011fan g\u00fcne\u015fe a\u015finay\u0131m, ne yan\u0131 ba\u015f\u0131mda titreyen bedene. Bir kad\u0131n\u0131 parmak u\u00e7lar\u0131yla sevemeyecek kadar vah\u015fi korkular\u0131m. Ruhuma a\u015fina tek \u015fey kan k\u0131rm\u0131z\u0131 \u00f6fke. O k\u0131rm\u0131z\u0131 ki kur\u015funi yaln\u0131zl\u0131\u011fa perde. Ben s\u0131f\u0131r noktas\u0131nda yeni do\u011fan bir adam\u0131m. \u00d6fkem kana susam\u0131\u015f k\u0131rm\u0131z\u0131 bir \u00e7a\u011flayan. \u00d6fkem, cehennem ate\u015finden bir sandal. \u00d6fkem ge\u00e7mi\u015fe tutunan tek yan\u0131m. \u00d6fkem akl\u0131m. Akl\u0131mda, ruhumda MAVERA bir \u015feyler var biliyorum.   G\u00f6r\u00fcnenin \u00e7ok \u00f6tesinde, bilinenin \u00e7ok d\u0131\u015f\u0131nda\u2026 <\/p>\n","protected":false},"excerpt":{"rendered":"<p>Ne kimli\u011fi vard\u0131, ne ge\u00e7mi\u015fi. Sadece \u00f6fkesi\u2026 Ne do\u011fan g\u00fcne\u015fe a\u015finay\u0131m, ne yan\u0131 ba\u015f\u0131mda titreyen bedene. Bir kad\u0131n\u0131 parmak u\u00e7lar\u0131yla sevemeyecek kadar vah\u015fi korkular\u0131m. Ruhuma a\u015fina<span class=\"excerpt-hellip\"> [\u2026]<\/span><\/p>\n","protected":false},"featured_media":0,"template":"","meta":{"_monsterinsights_skip_tracking":false,"_monsterinsights_sitenote_active":false,"_monsterinsights_sitenote_note":"","_monsterinsights_sitenote_category":0},"product_brand":[],"product_cat":[12291,12711],"product_tag":[],"class_list":{"0":"post-710206","1":"product","2":"type-product","3":"status-publish","5":"product_cat-edebiyat","6":"product_cat-roman-oyku","7":"pa_cilt-ciltsiz","8":"pa_tur-kitap","9":"pa_yayinevi-muptela-yayinevi","10":"pa_yazar-nehir-erdem","12":"first","13":"instock","14":"sale","15":"shipping-taxable","16":"purchasable","17":"product-type-simple"},"_links":{"self":[{"href":"https:\/\/roveyayinevi.com.tr\/index.php\/wp-json\/wp\/v2\/product\/710206","targetHints":{"allow":["GET"]}}],"collection":[{"href":"https:\/\/roveyayinevi.com.tr\/index.php\/wp-json\/wp\/v2\/product"}],"about":[{"href":"https:\/\/roveyayinevi.com.tr\/index.php\/wp-json\/wp\/v2\/types\/product"}],"wp:attachment":[{"href":"https:\/\/roveyayinevi.com.tr\/index.php\/wp-json\/wp\/v2\/media?parent=710206"}],"wp:term":[{"taxonomy":"product_brand","embeddable":true,"href":"https:\/\/roveyayinevi.com.tr\/index.php\/wp-json\/wp\/v2\/product_brand?post=710206"},{"taxonomy":"product_cat","embeddable":true,"href":"https:\/\/roveyayinevi.com.tr\/index.php\/wp-json\/wp\/v2\/product_cat?post=710206"},{"taxonomy":"product_tag","embeddable":true,"href":"https:\/\/roveyayinevi.com.tr\/index.php\/wp-json\/wp\/v2\/product_tag?post=710206"}],"curies":[{"name":"wp","href":"https:\/\/api.w.org\/{rel}","templated":true}]}}