{"id":710205,"date":"2025-08-27T16:33:28","date_gmt":"2025-08-27T13:33:28","guid":{"rendered":"https:\/\/roveyayinevi.com.tr\/index.php\/urun\/yakin-donem-tarihi-metodolojisi\/"},"modified":"2026-04-16T02:18:53","modified_gmt":"2026-04-15T23:18:53","slug":"yakin-donem-tarihi-metodolojisi","status":"publish","type":"product","link":"https:\/\/roveyayinevi.com.tr\/index.php\/urun\/yakin-donem-tarihi-metodolojisi\/","title":{"rendered":"Yak\u0131n D\u00f6nem Tarihi Metodolojisi"},"content":{"rendered":"<p>Yak\u0131n d\u00f6nem tarihi, uzak d\u00f6nem tarihinden farkl\u0131 \u00f6zelliklere sahip bir \u00e7al\u0131\u015fma sahas\u0131d\u0131r. Bunun fark\u0131nda olan uzak d\u00f6nem tarih\u00e7ileri ya bu d\u00f6nemden tamamen uzak durarak sahay\u0131 di\u011fer sosyal bilimcilere, (siyaset bilimcileri uluslararas\u0131 ili\u015fkiler uzmanlar\u0131 sosyologlar) b\u0131rakmakta ya da uzak d\u00f6nemin tarih anlay\u0131\u015f\u0131n\u0131 ve \u00e7al\u0131\u015fma metodlar\u0131n\u0131 yak\u0131n d\u00f6neme uygulamakta, bunda da yetersiz kalmaktad\u0131r. G\u00fcn\u00fcm\u00fcz tarih\u00e7ili\u011findeki \u201cbug\u00fcn i\u00e7in tarih yazma\u201d pragmatik amac\u0131 g\u00f6z \u00f6n\u00fcne al\u0131nd\u0131\u011f\u0131nda, tarih\u00e7ilerin tav\u0131rlar\u0131n\u0131 de\u011fi\u015ftirmeleri gereklili\u011fi kendili\u011finden ortaya \u00e7\u0131kmaktad\u0131r. Bu d\u00fc\u015f\u00fcnceler i\u00e7inde haz\u0131rlad\u0131\u011f\u0131m\u0131z bu \u00e7al\u0131\u015fmada amac\u0131m\u0131z, yak\u0131n d\u00f6nem toplumu \u00e7al\u0131\u015f\u0131labilir mi veya \u00e7al\u0131\u015f\u0131lmal\u0131 m\u0131 konusunu tart\u0131\u015fmak de\u011fildir. Bunu b\u00fct\u00fcn sosyal bilimciler kendi \u00e7al\u0131\u015fma alanlar\u0131 bak\u0131m\u0131ndan zaten yap\u0131yorlar. Bizim amac\u0131m\u0131z, tarihi d\u00fc\u015f\u00fcncenin belli bir disiplini, yak\u0131n d\u00f6nem d\u00fcnyas\u0131na ba\u015far\u0131l\u0131 bir \u015fekilde uygulanabilir mi sorusuna cevap aramakt\u0131r. Konu kar\u015f\u0131la\u015ft\u0131rma yoluyla ele al\u0131nm\u0131\u015f, uzak d\u00f6nem ve yak\u0131n d\u00f6nem tarihi aras\u0131ndaki benzerlikler ve farkl\u0131l\u0131klar, yak\u0131n d\u00f6nem tarihi ve tarih\u00e7isi, yak\u0131n d\u00f6nem olaylar\u0131 ve verileri ba\u011flamlar\u0131nda tart\u0131\u015f\u0131lm\u0131\u015ft\u0131r. Bu kar\u015f\u0131la\u015ft\u0131rma neticesinde, her iki tarih t\u00fcr\u00fc aras\u0131nda farkl\u0131la\u015fan noktalar daha a\u00e7\u0131kl\u0131kla ortaya konulurken, yak\u0131n d\u00f6nem tarihinin kendine has \u00f6zellikleri daha belirgin hale gelmi\u015ftir. Yak\u0131n d\u00f6nem tarihinin kaynaklar\u0131 ve inceleme metodlar\u0131 da ele al\u0131narak, bu sahan\u0131n ara\u015ft\u0131rmaya y\u00f6nelik nitelikleri de belirlenmeye \u00e7al\u0131\u015f\u0131lm\u0131\u015ft\u0131r.T\u00fcrkiye\u2019de tarih metodolojisi konusundaki \u00e7al\u0131\u015fmalar son d\u00f6nemde giderek art\u0131\u015f kaydetse de, yabanc\u0131 dillerden yap\u0131lan terc\u00fcmeler hari\u00e7 tutuldu\u011funda, maalesef, \u00e7ok az say\u0131da oldu\u011fu g\u00f6r\u00fclmektedir. Yak\u0131n d\u00f6nem tarihi s\u00f6z konusu oldu\u011funda ise bunun yoklu\u011fa d\u00f6n\u00fc\u015ft\u00fc\u011f\u00fcn\u00fc s\u00f6ylemek abart\u0131l\u0131 olmaz san\u0131r\u0131z. Elinizdeki \u00e7al\u0131\u015fma, bu eksikli\u011fi gidermek \u00fczere kaleme al\u0131nm\u0131\u015f, yak\u0131n d\u00f6nem tarihi ara\u015ft\u0131rmac\u0131lar\u0131na ve \u00f6\u011frencilerine rehber olmay\u0131 ama\u00e7lam\u0131\u015ft\u0131r. Di\u011fer bir amac\u0131 da, yak\u0131n d\u00f6nem tarihinin nas\u0131l yaz\u0131ld\u0131\u011f\u0131 konusunda bilgi vermek suretiyle, bu d\u00f6nem tarihi okuyucular\u0131n\u0131n, okuduklar\u0131 eserleri ele\u015ftirel g\u00f6zle de\u011ferlendirmelerine yard\u0131mc\u0131 olmakt\u0131r. <\/p>\n","protected":false},"excerpt":{"rendered":"<p>Yak\u0131n d\u00f6nem tarihi, uzak d\u00f6nem tarihinden farkl\u0131 \u00f6zelliklere sahip bir \u00e7al\u0131\u015fma sahas\u0131d\u0131r. Bunun fark\u0131nda olan uzak d\u00f6nem tarih\u00e7ileri ya bu d\u00f6nemden tamamen uzak durarak sahay\u0131 di\u011fer<span class=\"excerpt-hellip\"> [\u2026]<\/span><\/p>\n","protected":false},"featured_media":0,"template":"","meta":{"_monsterinsights_skip_tracking":false,"_monsterinsights_sitenote_active":false,"_monsterinsights_sitenote_note":"","_monsterinsights_sitenote_category":0},"product_brand":[],"product_cat":[12312,12304],"product_tag":[],"class_list":{"0":"post-710205","1":"product","2":"type-product","3":"status-publish","5":"product_cat-diger","6":"product_cat-tarih","7":"pa_cilt-ciltsiz","8":"pa_tur-kitap","9":"pa_yayinevi-siyasal-kitabevi","10":"pa_yazar-fatma-acun","12":"first","13":"instock","14":"sale","15":"shipping-taxable","16":"purchasable","17":"product-type-simple"},"_links":{"self":[{"href":"https:\/\/roveyayinevi.com.tr\/index.php\/wp-json\/wp\/v2\/product\/710205","targetHints":{"allow":["GET"]}}],"collection":[{"href":"https:\/\/roveyayinevi.com.tr\/index.php\/wp-json\/wp\/v2\/product"}],"about":[{"href":"https:\/\/roveyayinevi.com.tr\/index.php\/wp-json\/wp\/v2\/types\/product"}],"wp:attachment":[{"href":"https:\/\/roveyayinevi.com.tr\/index.php\/wp-json\/wp\/v2\/media?parent=710205"}],"wp:term":[{"taxonomy":"product_brand","embeddable":true,"href":"https:\/\/roveyayinevi.com.tr\/index.php\/wp-json\/wp\/v2\/product_brand?post=710205"},{"taxonomy":"product_cat","embeddable":true,"href":"https:\/\/roveyayinevi.com.tr\/index.php\/wp-json\/wp\/v2\/product_cat?post=710205"},{"taxonomy":"product_tag","embeddable":true,"href":"https:\/\/roveyayinevi.com.tr\/index.php\/wp-json\/wp\/v2\/product_tag?post=710205"}],"curies":[{"name":"wp","href":"https:\/\/api.w.org\/{rel}","templated":true}]}}