{"id":710203,"date":"2025-08-27T16:33:27","date_gmt":"2025-08-27T13:33:27","guid":{"rendered":"https:\/\/roveyayinevi.com.tr\/index.php\/urun\/1918-arayis-imparatorluktan-cumhuriyete-1-mondrostan-istanbula\/"},"modified":"2026-04-16T02:18:53","modified_gmt":"2026-04-15T23:18:53","slug":"1918-arayis-imparatorluktan-cumhuriyete-1-mondrostan-istanbula","status":"publish","type":"product","link":"https:\/\/roveyayinevi.com.tr\/index.php\/urun\/1918-arayis-imparatorluktan-cumhuriyete-1-mondrostan-istanbula\/","title":{"rendered":"1918 Aray\u0131\u015f &#8211; \u0130mparatorluk\u2019tan Cumhuriyet\u2019e 1 &#8211; Mondros\u2019tan \u0130stanbul\u2019a"},"content":{"rendered":"<p>Bu kitapta T\u00fcrk milletini yok olma tehlikesiyle kar\u015f\u0131 kar\u015f\u0131ya getiren Birinci D\u00fcnya Sava\u015f\u0131&#8217;n\u0131n ve Mondros M\u00fctareke\u2019sinin ger\u00e7ek tarihini okuyacaks\u0131n\u0131z. 1938\/son y\u0131l kitab\u0131n\u0131n yazar\u0131 Orhan \u00c7eki\u00e7 Sultan Vahdettin ile Mustafa Kemal Pa\u015fa aras\u0131ndaki g\u00f6r\u00fc\u015fmeleri ve fikir ayr\u0131l\u0131klar\u0131n\u0131 b\u00fct\u00fcn y\u00f6nleriyle inceliyor. Sultan Vahdettin, Mustafa Kemal Pa\u015fa&#8217;y\u0131 dinlese neden tarih farkl\u0131 yaz\u0131l\u0131rd\u0131?Birinci D\u00fcnya Sava\u015f\u0131&#8217;na kat\u0131lan binlerce Mehmet\u00e7ik geri d\u00f6nemedi, geri d\u00f6nebilenler ise bu kez Anadolu&#8217;yu savunmak i\u00e7in yeniden cephelere ko\u015ftu\u2026 &#8220;\u0130ngilizlerin \u0130skenderun&#8217;a \u00e7\u0131kmaya kalkmas\u0131 halinde biliniz ki askere ate\u015f emri verdim!&#8221;\u2026 &#8220;Beyefendi ortada bir millet var, koyun s\u00fcr\u00fcs\u00fc\u2026\u0130daresi i\u00e7in bir \u00e7oban laz\u0131m o da benim!&#8221; diyen kim? Tarihten ibret almas\u0131n\u0131 bilmeyenlerin ibretlik halleri&#8230;Kitap g\u00fcn\u00fcm\u00fczde h\u00e2l\u00e2 tart\u0131\u015f\u0131lan ve merak edilen pek \u00e7ok konuya net a\u00e7\u0131klamalar getiriyor ve ak\u0131llarda gizli kalm\u0131\u015f sorulara yan\u0131t veriyor. <\/p>\n","protected":false},"excerpt":{"rendered":"<p>Bu kitapta T\u00fcrk milletini yok olma tehlikesiyle kar\u015f\u0131 kar\u015f\u0131ya getiren Birinci D\u00fcnya Sava\u015f\u0131&#8217;n\u0131n ve Mondros M\u00fctareke\u2019sinin ger\u00e7ek tarihini okuyacaks\u0131n\u0131z. 1938\/son y\u0131l kitab\u0131n\u0131n yazar\u0131 Orhan \u00c7eki\u00e7 Sultan<span class=\"excerpt-hellip\"> [\u2026]<\/span><\/p>\n","protected":false},"featured_media":0,"template":"","meta":{"_monsterinsights_skip_tracking":false,"_monsterinsights_sitenote_active":false,"_monsterinsights_sitenote_note":"","_monsterinsights_sitenote_category":0},"product_brand":[],"product_cat":[12304,13493],"product_tag":[],"class_list":{"0":"post-710203","1":"product","2":"type-product","3":"status-publish","5":"product_cat-tarih","6":"product_cat-turkiye-ve-cumhuriyet-tarihi","7":"pa_cilt-ciltsiz","8":"pa_tur-kitap","9":"pa_yayinevi-kaynak-yayinlari","10":"pa_yazar-orhan-cekic","12":"first","13":"instock","14":"sale","15":"shipping-taxable","16":"purchasable","17":"product-type-simple"},"_links":{"self":[{"href":"https:\/\/roveyayinevi.com.tr\/index.php\/wp-json\/wp\/v2\/product\/710203","targetHints":{"allow":["GET"]}}],"collection":[{"href":"https:\/\/roveyayinevi.com.tr\/index.php\/wp-json\/wp\/v2\/product"}],"about":[{"href":"https:\/\/roveyayinevi.com.tr\/index.php\/wp-json\/wp\/v2\/types\/product"}],"wp:attachment":[{"href":"https:\/\/roveyayinevi.com.tr\/index.php\/wp-json\/wp\/v2\/media?parent=710203"}],"wp:term":[{"taxonomy":"product_brand","embeddable":true,"href":"https:\/\/roveyayinevi.com.tr\/index.php\/wp-json\/wp\/v2\/product_brand?post=710203"},{"taxonomy":"product_cat","embeddable":true,"href":"https:\/\/roveyayinevi.com.tr\/index.php\/wp-json\/wp\/v2\/product_cat?post=710203"},{"taxonomy":"product_tag","embeddable":true,"href":"https:\/\/roveyayinevi.com.tr\/index.php\/wp-json\/wp\/v2\/product_tag?post=710203"}],"curies":[{"name":"wp","href":"https:\/\/api.w.org\/{rel}","templated":true}]}}