{"id":710202,"date":"2025-08-27T16:33:26","date_gmt":"2025-08-27T13:33:26","guid":{"rendered":"https:\/\/roveyayinevi.com.tr\/index.php\/urun\/madde-kara-numaralandirilmis-sinirli-sayida-ozel-edisyon\/"},"modified":"2026-04-16T02:18:53","modified_gmt":"2026-04-15T23:18:53","slug":"madde-kara-numaralandirilmis-sinirli-sayida-ozel-edisyon","status":"publish","type":"product","link":"https:\/\/roveyayinevi.com.tr\/index.php\/urun\/madde-kara-numaralandirilmis-sinirli-sayida-ozel-edisyon\/","title":{"rendered":"Madde Kara (Numaraland\u0131r\u0131lm\u0131\u015f S\u0131n\u0131rl\u0131 Say\u0131da \u00d6zel Edisyon)"},"content":{"rendered":"<p>K\u0131ran\u2019\u0131n ilk kez on \u00fc\u00e7 y\u0131l \u00f6nce yay\u0131nlanan ve y\u0131llar i\u00e7inde \u00e7o\u011falan bir ilgiyle kendi okur kitlesini yaratan, g\u00fcc\u00fcn\u00fc en \u00e7ok \u00f6fkeden alan, derin ve bir o kadar katmanl\u0131 \u015fiirleri, uzun bir aran\u0131n ard\u0131ndan yeniden okurla bulu\u015fuyor.Resul (\u015eubat 2017, Sel Yay\u0131nc\u0131l\u0131k) ve Da\u011f Yolunda Karanl\u0131k Birikiyor (Kas\u0131m 2016, Sel Yay\u0131nc\u0131l\u0131k) romanlar\u0131yla keskin kaleminin devaml\u0131l\u0131\u011f\u0131n\u0131 ispat eden K\u0131ran\u2019\u0131n \u015fiirleri, bir edebiyat yolculu\u011funun ilk k\u0131v\u0131lc\u0131mlar\u0131 olarak d\u00fc\u015ft\u00fc\u011f\u00fc yeri yak\u0131yor.\u201ck\u0131r\u00e7\u0131l k\u0131p\u0131rt\u0131larla dolu a\u011fz\u0131m ad\u0131m azg\u0131n, kam\u00e7\u0131l\u0131 nehirlere verilsin hayatta \u00e7\u00fcnk\u00fc hep, akmak halinde vard\u0131m hayat\u0131 h\u0131nc\u0131n m\u00fckemmel terazisiyle tartt\u0131m sar\u0131 sanr\u0131larla y\u0131kad\u0131m y\u00fcz\u00fcm\u00fc kendime kelimelerden binalar yapt\u0131m\u201d <\/p>\n","protected":false},"excerpt":{"rendered":"<p>K\u0131ran\u2019\u0131n ilk kez on \u00fc\u00e7 y\u0131l \u00f6nce yay\u0131nlanan ve y\u0131llar i\u00e7inde \u00e7o\u011falan bir ilgiyle kendi okur kitlesini yaratan, g\u00fcc\u00fcn\u00fc en \u00e7ok \u00f6fkeden alan, derin ve bir<span class=\"excerpt-hellip\"> [\u2026]<\/span><\/p>\n","protected":false},"featured_media":0,"template":"","meta":{"_monsterinsights_skip_tracking":false,"_monsterinsights_sitenote_active":false,"_monsterinsights_sitenote_note":"","_monsterinsights_sitenote_category":0},"product_brand":[],"product_cat":[12291,12509],"product_tag":[],"class_list":{"0":"post-710202","1":"product","2":"type-product","3":"status-publish","5":"product_cat-edebiyat","6":"product_cat-siir","7":"pa_cilt-ciltli","8":"pa_tur-kitap","9":"pa_yayinevi-sel-yayincilik","10":"pa_yazar-huseyin-kiran","12":"first","13":"instock","14":"sale","15":"shipping-taxable","16":"purchasable","17":"product-type-simple"},"_links":{"self":[{"href":"https:\/\/roveyayinevi.com.tr\/index.php\/wp-json\/wp\/v2\/product\/710202","targetHints":{"allow":["GET"]}}],"collection":[{"href":"https:\/\/roveyayinevi.com.tr\/index.php\/wp-json\/wp\/v2\/product"}],"about":[{"href":"https:\/\/roveyayinevi.com.tr\/index.php\/wp-json\/wp\/v2\/types\/product"}],"wp:attachment":[{"href":"https:\/\/roveyayinevi.com.tr\/index.php\/wp-json\/wp\/v2\/media?parent=710202"}],"wp:term":[{"taxonomy":"product_brand","embeddable":true,"href":"https:\/\/roveyayinevi.com.tr\/index.php\/wp-json\/wp\/v2\/product_brand?post=710202"},{"taxonomy":"product_cat","embeddable":true,"href":"https:\/\/roveyayinevi.com.tr\/index.php\/wp-json\/wp\/v2\/product_cat?post=710202"},{"taxonomy":"product_tag","embeddable":true,"href":"https:\/\/roveyayinevi.com.tr\/index.php\/wp-json\/wp\/v2\/product_tag?post=710202"}],"curies":[{"name":"wp","href":"https:\/\/api.w.org\/{rel}","templated":true}]}}