{"id":710201,"date":"2025-08-27T16:33:26","date_gmt":"2025-08-27T13:33:26","guid":{"rendered":"https:\/\/roveyayinevi.com.tr\/index.php\/urun\/osmanli-suriyesinde-arapciligin-dogusu-sosyo-ekonomik-degisim-ve-siyasi-dusunce\/"},"modified":"2026-04-16T02:18:53","modified_gmt":"2026-04-15T23:18:53","slug":"osmanli-suriyesinde-arapciligin-dogusu-sosyo-ekonomik-degisim-ve-siyasi-dusunce","status":"publish","type":"product","link":"https:\/\/roveyayinevi.com.tr\/index.php\/urun\/osmanli-suriyesinde-arapciligin-dogusu-sosyo-ekonomik-degisim-ve-siyasi-dusunce\/","title":{"rendered":"Osmanl\u0131 Suriyesi&#8217;nde Arap\u00e7\u0131l\u0131\u011f\u0131n Do\u011fu\u015fu (Sosyo-Ekonomik De\u011fi\u015fim ve Siyasi D\u00fc\u015f\u00fcnce)"},"content":{"rendered":"<p>Bir siyasi ideoloji olarak milliyet\u00e7ili\u011fi haz\u0131rlayan fakt\u00f6rler, daha do\u011frusu milliyet\u00e7ilerin siyasi projelerini ete kemi\u011fe b\u00fcr\u00fcnd\u00fcrecek sosyal, iktisadi, k\u00fclt\u00fcrel, toplumsal \u015fartlar tarih\u00e7ilerin her zaman ilgisini \u00e7ekmi\u015ftir. Suriye, 19. y\u00fczy\u0131lda \u00f6nce M\u0131s\u0131r, ard\u0131ndan Osmanl\u0131 egemenli\u011fi alt\u0131nda kald\u0131\u011f\u0131 d\u00f6nemde merkeziyet\u00e7i reformlarla tan\u0131\u015fm\u0131\u015f, B\u00fcy\u00fck G\u00fc\u00e7ler\u2019in \u00fczerinde \u015fiddetle rekabet etti\u011fi bir alan haline gelerek zamanla \u00f6nemli bir geli\u015fme g\u00f6stermi\u015fti. Yol, liman, demiryolu yap\u0131m\u0131; okul, matbaa ve gazetelerin kurulmas\u0131, edebi ve k\u00fclt\u00fcrel bir uyan\u0131\u015f\u0131 da motive etti. Bu tedrici de\u011fi\u015fimlerin yan\u0131nda ba\u015fl\u0131ca iki olay \u20131860\u2019taki L\u00fcbnan ve \u015eam olaylar\u0131 ile 1877\/1878\u2019deki Osmanl\u0131-Rus Sava\u015f\u0131\u2013 Araplar\u0131n gelecek tasar\u0131mlar\u0131nda ciddi de\u011fi\u015fikliklere sebep oldu. Adil Bakt\u0131aya bu \u00e7al\u0131\u015fmas\u0131nda \u00f6zellikle Osmanl\u0131 Suriyesi\u2019nde Arap milliyet\u00e7ili\u011fini \u00f6nceleyen ko\u015fullar\u0131 inceliyor.\u201cBu \u00e7al\u0131\u015fma Suriye\u2019de 19. y\u00fczy\u0131l ortalar\u0131nda ya\u015fanan ve yayg\u0131n olarak Nahda \u015feklinde adland\u0131r\u0131lan edebi ve k\u00fclt\u00fcrel uyan\u0131\u015f\u0131 ortaya \u00e7\u0131karan sosyo-ekonomik etkenleri ortaya koymay\u0131, s\u00f6z konusu etkenlerin ve \u00f6nemli d\u00f6n\u00fcm noktalar\u0131 olarak tespit edilecek tarihsel olaylar\u0131n Suriyeli H\u0131ristiyan ve M\u00fcsl\u00fcman Araplar\u0131n siyasi e\u011filimleri ve ufuklar\u0131 \u00fczerindeki etkisini incelemeyi ama\u00e7lamaktad\u0131r.\u201d AD\u0130L BAKTIAYA <\/p>\n","protected":false},"excerpt":{"rendered":"<p>Bir siyasi ideoloji olarak milliyet\u00e7ili\u011fi haz\u0131rlayan fakt\u00f6rler, daha do\u011frusu milliyet\u00e7ilerin siyasi projelerini ete kemi\u011fe b\u00fcr\u00fcnd\u00fcrecek sosyal, iktisadi, k\u00fclt\u00fcrel, toplumsal \u015fartlar tarih\u00e7ilerin her zaman ilgisini \u00e7ekmi\u015ftir. Suriye,<span class=\"excerpt-hellip\"> [\u2026]<\/span><\/p>\n","protected":false},"featured_media":0,"template":"","meta":{"_monsterinsights_skip_tracking":false,"_monsterinsights_sitenote_active":false,"_monsterinsights_sitenote_note":"","_monsterinsights_sitenote_category":0},"product_brand":[],"product_cat":[13517,12304],"product_tag":[],"class_list":{"0":"post-710201","1":"product","2":"type-product","3":"status-publish","5":"product_cat-osmanli-tarihi","6":"product_cat-tarih","7":"pa_cilt-ciltsiz","8":"pa_tur-kitap","9":"pa_yayinevi-iletisim-yayinlari","10":"pa_yazar-adil-baktiaya","12":"first","13":"instock","14":"sale","15":"shipping-taxable","16":"purchasable","17":"product-type-simple"},"_links":{"self":[{"href":"https:\/\/roveyayinevi.com.tr\/index.php\/wp-json\/wp\/v2\/product\/710201","targetHints":{"allow":["GET"]}}],"collection":[{"href":"https:\/\/roveyayinevi.com.tr\/index.php\/wp-json\/wp\/v2\/product"}],"about":[{"href":"https:\/\/roveyayinevi.com.tr\/index.php\/wp-json\/wp\/v2\/types\/product"}],"wp:attachment":[{"href":"https:\/\/roveyayinevi.com.tr\/index.php\/wp-json\/wp\/v2\/media?parent=710201"}],"wp:term":[{"taxonomy":"product_brand","embeddable":true,"href":"https:\/\/roveyayinevi.com.tr\/index.php\/wp-json\/wp\/v2\/product_brand?post=710201"},{"taxonomy":"product_cat","embeddable":true,"href":"https:\/\/roveyayinevi.com.tr\/index.php\/wp-json\/wp\/v2\/product_cat?post=710201"},{"taxonomy":"product_tag","embeddable":true,"href":"https:\/\/roveyayinevi.com.tr\/index.php\/wp-json\/wp\/v2\/product_tag?post=710201"}],"curies":[{"name":"wp","href":"https:\/\/api.w.org\/{rel}","templated":true}]}}