{"id":710200,"date":"2025-08-27T16:33:25","date_gmt":"2025-08-27T13:33:25","guid":{"rendered":"https:\/\/roveyayinevi.com.tr\/index.php\/urun\/siyaset-sosyolojisi-4\/"},"modified":"2026-04-16T02:18:53","modified_gmt":"2026-04-15T23:18:53","slug":"siyaset-sosyolojisi-4","status":"publish","type":"product","link":"https:\/\/roveyayinevi.com.tr\/index.php\/urun\/siyaset-sosyolojisi-4\/","title":{"rendered":"Siyaset Sosyolojisi"},"content":{"rendered":"<p>Siyaset sosyolojisinin konusunu, onu bilimsel bir ara\u015ft\u0131rma alan\u0131 olarak olu\u015fturan sorunlar\u0131 ve \u00e7\u00f6z\u00fcmleri, bu alan\u0131n bilgi ve tekniklerin birikimiyle veya bilimsel devrimlerle geli\u015fmesini saptayabilmek i\u00e7in, farkl\u0131 paradigmalar\u0131 birbirleriyle y\u00fczle\u015ftirmek ve bu paradigmalar\u0131, sadece bilimin farkl\u0131 d\u00fc\u015f\u00fcn\u00fcr ve ara\u015ft\u0131rmac\u0131 gruplar\u0131nca ger\u00e7ekle\u015ftirilen ilerlemesini de\u011fil, bilimin d\u0131\u015f \u00e7evresinin, ekonomik, siyasal ve k\u00fclt\u00fcrel de\u011fi\u015fimlerin bir sonucu olarak durmadan d\u00f6n\u00fc\u015f\u00fcm\u00fcn\u00fc de kapsayan bir tarihsel s\u00fcre\u00e7 ba\u011flam\u0131nda anlamak gerekir.Siyaset sosyolojisinin Bottomore bu kitab\u0131 yazd\u0131\u011f\u0131ndan beri epey geli\u015fme katetti\u011fini s\u00f6yleyebiliriz. Ancak bir sosyal bilim disiplininin nas\u0131l bir tarihsel seyir izledi\u011fini g\u00f6rmek, onu etrafl\u0131ca kavramak ve bug\u00fcn gelinen noktadan disiplinin ge\u00e7mi\u015fine dokunabilmek i\u00e7in bir k\u0131lavuza her zaman ihtiya\u00e7 vard\u0131r. Siyaset Sosyolojisi, alanla ilgili uzmanla\u015fmak ve derinle\u015fmek isteyen \u00f6\u011frenciler i\u00e7in ders kitab\u0131 olman\u0131n \u00f6tesinde, siyasi iktidar\u0131n toplum i\u00e7erisinde nas\u0131l \u00f6rg\u00fctlendi\u011fini ve pratik edildi\u011fini totalitarizm ve milliyet\u00e7ilik, devlet ve toplum ili\u015fkileri ba\u011flam\u0131nda irdeleyen, g\u00fcn\u00fcm\u00fczde kaybolmaya y\u00fcz tutmu\u015f ama \u015fu s\u0131ra tekrar alevlenmeye e\u011filimli vatanda\u015fl\u0131k\/yurtta\u015fl\u0131k idealini hakk\u0131yla ara\u015ft\u0131ran \u00e7ok k\u0131ymetli klasik metinlerin ba\u015f\u0131nda geliyor. Olgular\u0131 yaln\u0131zca anlamak de\u011fil, ayn\u0131 zamanda anlamland\u0131rabilmek i\u00e7in retrospektif k\u0131ymeti haiz bir pusula\u2026 <\/p>\n","protected":false},"excerpt":{"rendered":"<p>Siyaset sosyolojisinin konusunu, onu bilimsel bir ara\u015ft\u0131rma alan\u0131 olarak olu\u015fturan sorunlar\u0131 ve \u00e7\u00f6z\u00fcmleri, bu alan\u0131n bilgi ve tekniklerin birikimiyle veya bilimsel devrimlerle geli\u015fmesini saptayabilmek i\u00e7in, farkl\u0131<span class=\"excerpt-hellip\"> [\u2026]<\/span><\/p>\n","protected":false},"featured_media":0,"template":"","meta":{"_monsterinsights_skip_tracking":false,"_monsterinsights_sitenote_active":false,"_monsterinsights_sitenote_note":"","_monsterinsights_sitenote_category":0},"product_brand":[],"product_cat":[12337,14706],"product_tag":[],"class_list":{"0":"post-710200","1":"product","2":"type-product","3":"status-publish","5":"product_cat-politika-siyaset","6":"product_cat-siyaset-bilimi","7":"pa_cilt-ciltsiz","8":"pa_tur-kitap","9":"pa_yayinevi-iletisim-yayinlari","10":"pa_yazar-tom-bottomore","12":"first","13":"instock","14":"sale","15":"shipping-taxable","16":"purchasable","17":"product-type-simple"},"_links":{"self":[{"href":"https:\/\/roveyayinevi.com.tr\/index.php\/wp-json\/wp\/v2\/product\/710200","targetHints":{"allow":["GET"]}}],"collection":[{"href":"https:\/\/roveyayinevi.com.tr\/index.php\/wp-json\/wp\/v2\/product"}],"about":[{"href":"https:\/\/roveyayinevi.com.tr\/index.php\/wp-json\/wp\/v2\/types\/product"}],"wp:attachment":[{"href":"https:\/\/roveyayinevi.com.tr\/index.php\/wp-json\/wp\/v2\/media?parent=710200"}],"wp:term":[{"taxonomy":"product_brand","embeddable":true,"href":"https:\/\/roveyayinevi.com.tr\/index.php\/wp-json\/wp\/v2\/product_brand?post=710200"},{"taxonomy":"product_cat","embeddable":true,"href":"https:\/\/roveyayinevi.com.tr\/index.php\/wp-json\/wp\/v2\/product_cat?post=710200"},{"taxonomy":"product_tag","embeddable":true,"href":"https:\/\/roveyayinevi.com.tr\/index.php\/wp-json\/wp\/v2\/product_tag?post=710200"}],"curies":[{"name":"wp","href":"https:\/\/api.w.org\/{rel}","templated":true}]}}