{"id":710193,"date":"2025-08-27T16:33:22","date_gmt":"2025-08-27T13:33:22","guid":{"rendered":"https:\/\/roveyayinevi.com.tr\/index.php\/urun\/net-durus-15-temmuz-roportajlari\/"},"modified":"2026-04-16T02:18:53","modified_gmt":"2026-04-15T23:18:53","slug":"net-durus-15-temmuz-roportajlari","status":"publish","type":"product","link":"https:\/\/roveyayinevi.com.tr\/index.php\/urun\/net-durus-15-temmuz-roportajlari\/","title":{"rendered":"Net Duru\u015f &#8211; 15 Temmuz R\u00f6portajlar\u0131"},"content":{"rendered":"<p>15 TEMMUZ R\u00d6PORTAJLARIMeclis Ba\u015fkan\u0131- \u0130smail KahramanBa\u015fbakan- Binali Y\u0131ld\u0131r\u0131mEnerji ve Tabii Kaynaklar Bakan\u0131- Berat AlbayrakAdalet Bakan\u0131- Abd\u00fclhamit G\u00fcl- Prof. Dr. \u015eenol DurgunMEMUR-SEN veE\u011e\u0130T\u0130M-B\u0130R-SEN Genel Ba\u015fkan\u0131- Ali Yal\u00e7\u0131nAK Parti \u0130stanbul Milletvekili,TBMM Anayasa Komisyonu Ba\u015fkan\u0131- Prof. Dr. Mustafa \u015eentop <\/p>\n","protected":false},"excerpt":{"rendered":"<p>15 TEMMUZ R\u00d6PORTAJLARIMeclis Ba\u015fkan\u0131- \u0130smail KahramanBa\u015fbakan- Binali Y\u0131ld\u0131r\u0131mEnerji ve Tabii Kaynaklar Bakan\u0131- Berat AlbayrakAdalet Bakan\u0131- Abd\u00fclhamit G\u00fcl- Prof. Dr. \u015eenol DurgunMEMUR-SEN veE\u011e\u0130T\u0130M-B\u0130R-SEN Genel Ba\u015fkan\u0131- Ali Yal\u00e7\u0131nAK<span class=\"excerpt-hellip\"> [\u2026]<\/span><\/p>\n","protected":false},"featured_media":0,"template":"","meta":{"_monsterinsights_skip_tracking":false,"_monsterinsights_sitenote_active":false,"_monsterinsights_sitenote_note":"","_monsterinsights_sitenote_category":0},"product_brand":[],"product_cat":[13590,12337],"product_tag":[],"class_list":{"0":"post-710193","1":"product","2":"type-product","3":"status-publish","5":"product_cat-arastirma-inceleme-politika-siyaset","6":"product_cat-politika-siyaset","7":"pa_cilt-ciltsiz","8":"pa_tur-kitap","9":"pa_yayinevi-profil-kitap","10":"pa_yazar-nil-gulsum","12":"first","13":"instock","14":"sale","15":"shipping-taxable","16":"purchasable","17":"product-type-simple"},"_links":{"self":[{"href":"https:\/\/roveyayinevi.com.tr\/index.php\/wp-json\/wp\/v2\/product\/710193","targetHints":{"allow":["GET"]}}],"collection":[{"href":"https:\/\/roveyayinevi.com.tr\/index.php\/wp-json\/wp\/v2\/product"}],"about":[{"href":"https:\/\/roveyayinevi.com.tr\/index.php\/wp-json\/wp\/v2\/types\/product"}],"wp:attachment":[{"href":"https:\/\/roveyayinevi.com.tr\/index.php\/wp-json\/wp\/v2\/media?parent=710193"}],"wp:term":[{"taxonomy":"product_brand","embeddable":true,"href":"https:\/\/roveyayinevi.com.tr\/index.php\/wp-json\/wp\/v2\/product_brand?post=710193"},{"taxonomy":"product_cat","embeddable":true,"href":"https:\/\/roveyayinevi.com.tr\/index.php\/wp-json\/wp\/v2\/product_cat?post=710193"},{"taxonomy":"product_tag","embeddable":true,"href":"https:\/\/roveyayinevi.com.tr\/index.php\/wp-json\/wp\/v2\/product_tag?post=710193"}],"curies":[{"name":"wp","href":"https:\/\/api.w.org\/{rel}","templated":true}]}}