{"id":710188,"date":"2025-08-27T16:33:19","date_gmt":"2025-08-27T13:33:19","guid":{"rendered":"https:\/\/roveyayinevi.com.tr\/index.php\/urun\/kisa-ingiltere-tarihi\/"},"modified":"2026-04-16T02:18:52","modified_gmt":"2026-04-15T23:18:52","slug":"kisa-ingiltere-tarihi","status":"publish","type":"product","link":"https:\/\/roveyayinevi.com.tr\/index.php\/urun\/kisa-ingiltere-tarihi\/","title":{"rendered":"K\u0131sa \u0130ngiltere Tarihi"},"content":{"rendered":"<p>Britanya tarihinin nas\u0131l yaz\u0131lmas\u0131 gerekti\u011fine dair y\u00f6ntemsel bir giri\u015fle ba\u015flayan K\u0131sa \u0130ngiltere Tarihi, iklim ve co\u011frafyan\u0131n adalar\u0131 bug\u00fcne getiren tarihsel, sosyolojik ve siyasal s\u00fcre\u00e7ler \u00fczerindeki etkilerini ele alarak yola devam ediyor. \u0130ngiltere, Galler, \u0130sko\u00e7ya ve \u0130rlanda aras\u0131ndaki ba\u011flant\u0131lar\u0131n nas\u0131l kuruldu\u011funu ve bunlar\u0131n nas\u0131l olup da tek bir milletler toplulu\u011fu ve tek bir devlet olu\u015fturdu\u011funu okurun akl\u0131nda hi\u00e7bir soru i\u015faretine yer b\u0131rakmayacak bi\u00e7imde a\u00e7\u0131kl\u0131\u011fa kavu\u015fturuyor. Stonehenge\u2019in yap\u0131l\u0131\u015f\u0131; Kelt, Roma, Anglo-Sakson, Viking ve Norman istilalar\u0131; Magna Carta, G\u00fcl Sava\u015flar\u0131, Katolik Kilisesinden Kopu\u015f, \u0130\u00e7sava\u015f, Bilim ve Sanayi Devrimleri gibi \u00f6nemli ba\u015fl\u0131klara olabildi\u011fince geni\u015f yer vererek 3000 y\u0131ll\u0131k tarihi yakla\u015f\u0131k iki y\u00fcz elli sayfaya s\u0131\u011fd\u0131rmay\u0131 ba\u015far\u0131yor.\u201cBritanya tarihini, ilk a\u015famalar\u0131ndan bug\u00fcne de\u011fin kusursuz bi\u00e7imde aktaran bir eser.\u201d\u2013 William Gibson, Oxford \u00dcniversitesi <\/p>\n","protected":false},"excerpt":{"rendered":"<p>Britanya tarihinin nas\u0131l yaz\u0131lmas\u0131 gerekti\u011fine dair y\u00f6ntemsel bir giri\u015fle ba\u015flayan K\u0131sa \u0130ngiltere Tarihi, iklim ve co\u011frafyan\u0131n adalar\u0131 bug\u00fcne getiren tarihsel, sosyolojik ve siyasal s\u00fcre\u00e7ler \u00fczerindeki etkilerini<span class=\"excerpt-hellip\"> [\u2026]<\/span><\/p>\n","protected":false},"featured_media":0,"template":"","meta":{"_monsterinsights_skip_tracking":false,"_monsterinsights_sitenote_active":false,"_monsterinsights_sitenote_note":"","_monsterinsights_sitenote_category":0},"product_brand":[],"product_cat":[12305,12304],"product_tag":[],"class_list":{"0":"post-710188","1":"product","2":"type-product","3":"status-publish","5":"product_cat-dunya-tarihi","6":"product_cat-tarih","7":"pa_cilt-ciltsiz","8":"pa_tur-kitap","9":"pa_yayinevi-say-yayinlari","10":"pa_yazar-jeremy-black","12":"first","13":"instock","14":"sale","15":"shipping-taxable","16":"purchasable","17":"product-type-simple"},"_links":{"self":[{"href":"https:\/\/roveyayinevi.com.tr\/index.php\/wp-json\/wp\/v2\/product\/710188","targetHints":{"allow":["GET"]}}],"collection":[{"href":"https:\/\/roveyayinevi.com.tr\/index.php\/wp-json\/wp\/v2\/product"}],"about":[{"href":"https:\/\/roveyayinevi.com.tr\/index.php\/wp-json\/wp\/v2\/types\/product"}],"wp:attachment":[{"href":"https:\/\/roveyayinevi.com.tr\/index.php\/wp-json\/wp\/v2\/media?parent=710188"}],"wp:term":[{"taxonomy":"product_brand","embeddable":true,"href":"https:\/\/roveyayinevi.com.tr\/index.php\/wp-json\/wp\/v2\/product_brand?post=710188"},{"taxonomy":"product_cat","embeddable":true,"href":"https:\/\/roveyayinevi.com.tr\/index.php\/wp-json\/wp\/v2\/product_cat?post=710188"},{"taxonomy":"product_tag","embeddable":true,"href":"https:\/\/roveyayinevi.com.tr\/index.php\/wp-json\/wp\/v2\/product_tag?post=710188"}],"curies":[{"name":"wp","href":"https:\/\/api.w.org\/{rel}","templated":true}]}}