{"id":710186,"date":"2025-08-27T16:33:18","date_gmt":"2025-08-27T13:33:18","guid":{"rendered":"https:\/\/roveyayinevi.com.tr\/index.php\/urun\/gokkusagi-turuncu-seri-karlar-kralicesi\/"},"modified":"2026-04-16T02:18:52","modified_gmt":"2026-04-15T23:18:52","slug":"gokkusagi-turuncu-seri-karlar-kralicesi","status":"publish","type":"product","link":"https:\/\/roveyayinevi.com.tr\/index.php\/urun\/gokkusagi-turuncu-seri-karlar-kralicesi\/","title":{"rendered":"G\u00f6kku\u015fa\u011f\u0131 Turuncu Seri &#8211; Karlar Krali\u00e7esi"},"content":{"rendered":"<p>Karlar Krali\u00e7esi, Hans Christian Andersen\u2019in masal\u0131ndan uyarlanm\u0131\u015ft\u0131r.Gerda ve Kay, birbirleriyle olmaktan b\u00fcy\u00fck keyif alan ve birbirlerinden hi\u00e7 ayr\u0131\u015fmayan iki arkada\u015ft\u0131r. Ama karl\u0131 bir k\u0131\u015f g\u00fcn\u00fc her \u015fey birdenbire de\u011fi\u015fir. Karlar Krali\u00e7esi Kay\u2019e bir b\u00fcy\u00fc yapar ve onu kardan \u015fatosuna hapseder. Herkes Kay\u2019den umudunu kesmi\u015f h\u00e2lde onun bir daha geri gelmeyece\u011fini d\u00fc\u015f\u00fcn\u00fcrken, Gerda ne pahas\u0131na olursa olsun arkada\u015f\u0131n\u0131 Karlar Krali\u00e7esinin elinden kurtarmaya karar verir ve zorlu bir yolculu\u011fa \u00e7\u0131kar. <\/p>\n","protected":false},"excerpt":{"rendered":"<p>Karlar Krali\u00e7esi, Hans Christian Andersen\u2019in masal\u0131ndan uyarlanm\u0131\u015ft\u0131r.Gerda ve Kay, birbirleriyle olmaktan b\u00fcy\u00fck keyif alan ve birbirlerinden hi\u00e7 ayr\u0131\u015fmayan iki arkada\u015ft\u0131r. Ama karl\u0131 bir k\u0131\u015f g\u00fcn\u00fc her<span class=\"excerpt-hellip\"> [\u2026]<\/span><\/p>\n","protected":false},"featured_media":0,"template":"","meta":{"_monsterinsights_skip_tracking":false,"_monsterinsights_sitenote_active":false,"_monsterinsights_sitenote_note":"","_monsterinsights_sitenote_category":0},"product_brand":[],"product_cat":[12274,12284],"product_tag":[],"class_list":{"0":"post-710186","1":"product","2":"type-product","3":"status-publish","5":"product_cat-cocuk-ve-genclik-kitaplari","6":"product_cat-hikayeler","7":"pa_cilt-ciltsiz","8":"pa_tur-kitap","9":"pa_yayinevi-arkadas-yayinlari","10":"pa_yazar-hans-christian-andersen","12":"first","13":"instock","14":"sale","15":"shipping-taxable","16":"purchasable","17":"product-type-simple"},"_links":{"self":[{"href":"https:\/\/roveyayinevi.com.tr\/index.php\/wp-json\/wp\/v2\/product\/710186","targetHints":{"allow":["GET"]}}],"collection":[{"href":"https:\/\/roveyayinevi.com.tr\/index.php\/wp-json\/wp\/v2\/product"}],"about":[{"href":"https:\/\/roveyayinevi.com.tr\/index.php\/wp-json\/wp\/v2\/types\/product"}],"wp:attachment":[{"href":"https:\/\/roveyayinevi.com.tr\/index.php\/wp-json\/wp\/v2\/media?parent=710186"}],"wp:term":[{"taxonomy":"product_brand","embeddable":true,"href":"https:\/\/roveyayinevi.com.tr\/index.php\/wp-json\/wp\/v2\/product_brand?post=710186"},{"taxonomy":"product_cat","embeddable":true,"href":"https:\/\/roveyayinevi.com.tr\/index.php\/wp-json\/wp\/v2\/product_cat?post=710186"},{"taxonomy":"product_tag","embeddable":true,"href":"https:\/\/roveyayinevi.com.tr\/index.php\/wp-json\/wp\/v2\/product_tag?post=710186"}],"curies":[{"name":"wp","href":"https:\/\/api.w.org\/{rel}","templated":true}]}}