{"id":710185,"date":"2025-08-27T16:33:17","date_gmt":"2025-08-27T13:33:17","guid":{"rendered":"https:\/\/roveyayinevi.com.tr\/index.php\/urun\/gokkusagi-mavi-seri-ugultulu-tepeler\/"},"modified":"2026-04-16T02:18:52","modified_gmt":"2026-04-15T23:18:52","slug":"gokkusagi-mavi-seri-ugultulu-tepeler","status":"publish","type":"product","link":"https:\/\/roveyayinevi.com.tr\/index.php\/urun\/gokkusagi-mavi-seri-ugultulu-tepeler\/","title":{"rendered":"G\u00f6kku\u015fa\u011f\u0131 Mavi Seri &#8211; U\u011fultulu Tepeler"},"content":{"rendered":"<p>U\u011fultulu Tepeler Emily Bronte\u2019nin eserinden uyarlanm\u0131\u015ft\u0131r.Karanl\u0131k s\u0131rlar\u0131n, kavu\u015famayan \u00e2\u015f\u0131klar\u0131n vah\u015fi Yorkshire k\u0131rlar\u0131nda ge\u00e7en b\u00fcy\u00fcleyici \u00f6yk\u00fcs\u00fc\u2026 Talihsiz a\u015fklar\u0131,intikam h\u0131rs\u0131yla b\u00fcy\u00fck bir drama d\u00f6n\u00fc\u015fen Cathy ve Heathcliff ile tan\u0131\u015fmaya haz\u0131r m\u0131s\u0131n\u0131z? <\/p>\n","protected":false},"excerpt":{"rendered":"<p>U\u011fultulu Tepeler Emily Bronte\u2019nin eserinden uyarlanm\u0131\u015ft\u0131r.Karanl\u0131k s\u0131rlar\u0131n, kavu\u015famayan \u00e2\u015f\u0131klar\u0131n vah\u015fi Yorkshire k\u0131rlar\u0131nda ge\u00e7en b\u00fcy\u00fcleyici \u00f6yk\u00fcs\u00fc\u2026 Talihsiz a\u015fklar\u0131,intikam h\u0131rs\u0131yla b\u00fcy\u00fck bir drama d\u00f6n\u00fc\u015fen Cathy ve Heathcliff ile<span class=\"excerpt-hellip\"> [\u2026]<\/span><\/p>\n","protected":false},"featured_media":0,"template":"","meta":{"_monsterinsights_skip_tracking":false,"_monsterinsights_sitenote_active":false,"_monsterinsights_sitenote_note":"","_monsterinsights_sitenote_category":0},"product_brand":[],"product_cat":[12274,12284],"product_tag":[],"class_list":{"0":"post-710185","1":"product","2":"type-product","3":"status-publish","5":"product_cat-cocuk-ve-genclik-kitaplari","6":"product_cat-hikayeler","7":"pa_cilt-ciltsiz","8":"pa_tur-kitap","9":"pa_yayinevi-arkadas-yayinlari","10":"pa_yazar-emily-bronte","12":"first","13":"instock","14":"sale","15":"shipping-taxable","16":"purchasable","17":"product-type-simple"},"_links":{"self":[{"href":"https:\/\/roveyayinevi.com.tr\/index.php\/wp-json\/wp\/v2\/product\/710185","targetHints":{"allow":["GET"]}}],"collection":[{"href":"https:\/\/roveyayinevi.com.tr\/index.php\/wp-json\/wp\/v2\/product"}],"about":[{"href":"https:\/\/roveyayinevi.com.tr\/index.php\/wp-json\/wp\/v2\/types\/product"}],"wp:attachment":[{"href":"https:\/\/roveyayinevi.com.tr\/index.php\/wp-json\/wp\/v2\/media?parent=710185"}],"wp:term":[{"taxonomy":"product_brand","embeddable":true,"href":"https:\/\/roveyayinevi.com.tr\/index.php\/wp-json\/wp\/v2\/product_brand?post=710185"},{"taxonomy":"product_cat","embeddable":true,"href":"https:\/\/roveyayinevi.com.tr\/index.php\/wp-json\/wp\/v2\/product_cat?post=710185"},{"taxonomy":"product_tag","embeddable":true,"href":"https:\/\/roveyayinevi.com.tr\/index.php\/wp-json\/wp\/v2\/product_tag?post=710185"}],"curies":[{"name":"wp","href":"https:\/\/api.w.org\/{rel}","templated":true}]}}