{"id":710184,"date":"2025-08-27T16:33:17","date_gmt":"2025-08-27T13:33:17","guid":{"rendered":"https:\/\/roveyayinevi.com.tr\/index.php\/urun\/sut-ve-bal\/"},"modified":"2026-04-16T02:18:52","modified_gmt":"2026-04-15T23:18:52","slug":"sut-ve-bal","status":"publish","type":"product","link":"https:\/\/roveyayinevi.com.tr\/index.php\/urun\/sut-ve-bal\/","title":{"rendered":"S\u00fct ve Bal"},"content":{"rendered":"<p>s\u00fct ve bala\u015fkkay\u0131ptravmas\u00f6m\u00fcr\u00fcsa\u011falmave kad\u0131nl\u0131k hakk\u0131ndabir \u015fiir denemesi her biri ba\u015fka bir amaca hizmet edenba\u015fka bir ac\u0131yla u\u011fra\u015fanba\u015fka bir kalp a\u011fr\u0131s\u0131n\u0131 sa\u011faltand\u00f6rt b\u00f6l\u00fcme ayr\u0131ld\u0131 bu kitap s\u00fct ve balokuru hayat\u0131n en ac\u0131 anlar\u0131na do\u011frubir yolculu\u011fa \u00e7\u0131kar\u0131po anlar\u0131n i\u00e7indeki tatl\u0131l\u0131\u011f\u0131 buluyor\u00e7\u00fcnk\u00fce\u011fer g\u00f6rmek istersenher ac\u0131n\u0131n i\u00e7inde bir tatl\u0131l\u0131k vard\u0131r   Performans sanat\u00e7\u0131s\u0131 Rupi Kaur bir s\u00fcre \u00f6nce feminist hareketin simgelerinden biri haline geldi. Kaur\u2019un, \u201cHer ac\u0131n\u0131n i\u00e7inde bir tatl\u0131l\u0131k vard\u0131r,\u201d fikriyle yola \u00e7\u0131kt\u0131\u011f\u0131 ilk kitab\u0131 S\u00fct ve Bal \u00f6zellikle kad\u0131nlara ve t\u00fcm okuyuculara i\u00e7inden geldi\u011fi gibi olmay\u0131, y\u0131k\u0131c\u0131 ili\u015fkilerin i\u00e7inden \u00e7ok daha b\u00fcy\u00fck bir g\u00fc\u00e7le \u00e7\u0131kmay\u0131 ve bir kad\u0131n\u0131n kendisiyle bar\u0131\u015fmaya ba\u015flad\u0131\u011f\u0131nda nas\u0131l \u00f6zg\u00fcrle\u015fti\u011fini anlat\u0131yor.   \u201c24 ya\u015f\u0131ndaki Kaur, kendi neslinin sorunlar\u0131n\u0131 dile getiren b\u00fcy\u00fck bir sese d\u00f6n\u00fc\u015ft\u00fc.\u201d -USA Today- \u201cRupi Kaur\u2019un zihin d\u00fcnyas\u0131, ya\u015f\u0131n\u0131n bir hayli \u00f6tesinde. Ortaya koydu\u011fu eser \u00e7ok g\u00fc\u00e7l\u00fc ve hem evrensel anlamda insan olma deneyimini hem de \u00f6zel olarak g\u00fcn\u00fcm\u00fcz kad\u0131nlar\u0131n\u0131n m\u00fccadelesini anlat\u0131yor.\u201d -Huffington Post- \u201cBu \u015fiirler yal\u0131n, samimi ve her gen\u00e7 kad\u0131n\u0131n kendi hayat\u0131ndan par\u00e7alar bulabilece\u011fi kadar kucaklay\u0131c\u0131.\u201d -Rachel Grate- \u201cHer defas\u0131nda yeniden aya\u011fa kalkabilmeyi ve umudu anlatan bir kitap.\u201d -Bustle- \u201cRupi Kaur\u2019un ilk kitab\u0131 S\u00fct ve Bal her kad\u0131n\u0131n yan\u0131 ba\u015f\u0131nda tutmak isteyece\u011fi ufak ama derin bir \u00e7al\u0131\u015fma. Yazar\u0131n kendi \u00e7izimleriyle g\u00f6rselle\u015ftirdi\u011fi \u015fiirler, kad\u0131n olma deneyimine yolda\u015fl\u0131k ediyor.\u201d -Huffington Post- A\u015fklar, kay\u0131plar ve sonras\u0131nda muhakkak gelen iyile\u015fme d\u00f6nemi\u2026 S\u00fct ve Bal her okuyucuyla derin bir ba\u011f kurmay\u0131 rahatl\u0131kla ba\u015far\u0131yor.\u201d -Business Insider- <\/p>\n","protected":false},"excerpt":{"rendered":"<p>s\u00fct ve bala\u015fkkay\u0131ptravmas\u00f6m\u00fcr\u00fcsa\u011falmave kad\u0131nl\u0131k hakk\u0131ndabir \u015fiir denemesi her biri ba\u015fka bir amaca hizmet edenba\u015fka bir ac\u0131yla u\u011fra\u015fanba\u015fka bir kalp a\u011fr\u0131s\u0131n\u0131 sa\u011faltand\u00f6rt b\u00f6l\u00fcme ayr\u0131ld\u0131 bu kitap s\u00fct<span class=\"excerpt-hellip\"> [\u2026]<\/span><\/p>\n","protected":false},"featured_media":0,"template":"","meta":{"_monsterinsights_skip_tracking":false,"_monsterinsights_sitenote_active":false,"_monsterinsights_sitenote_note":"","_monsterinsights_sitenote_category":0},"product_brand":[],"product_cat":[12291,12509],"product_tag":[],"class_list":{"0":"post-710184","1":"product","2":"type-product","3":"status-publish","5":"product_cat-edebiyat","6":"product_cat-siir","7":"pa_cilt-ciltsiz","8":"pa_tur-kitap","9":"pa_yayinevi-pegasus-yayinlari","10":"pa_yazar-rupi-kaur","12":"first","13":"instock","14":"sale","15":"shipping-taxable","16":"purchasable","17":"product-type-simple"},"_links":{"self":[{"href":"https:\/\/roveyayinevi.com.tr\/index.php\/wp-json\/wp\/v2\/product\/710184","targetHints":{"allow":["GET"]}}],"collection":[{"href":"https:\/\/roveyayinevi.com.tr\/index.php\/wp-json\/wp\/v2\/product"}],"about":[{"href":"https:\/\/roveyayinevi.com.tr\/index.php\/wp-json\/wp\/v2\/types\/product"}],"wp:attachment":[{"href":"https:\/\/roveyayinevi.com.tr\/index.php\/wp-json\/wp\/v2\/media?parent=710184"}],"wp:term":[{"taxonomy":"product_brand","embeddable":true,"href":"https:\/\/roveyayinevi.com.tr\/index.php\/wp-json\/wp\/v2\/product_brand?post=710184"},{"taxonomy":"product_cat","embeddable":true,"href":"https:\/\/roveyayinevi.com.tr\/index.php\/wp-json\/wp\/v2\/product_cat?post=710184"},{"taxonomy":"product_tag","embeddable":true,"href":"https:\/\/roveyayinevi.com.tr\/index.php\/wp-json\/wp\/v2\/product_tag?post=710184"}],"curies":[{"name":"wp","href":"https:\/\/api.w.org\/{rel}","templated":true}]}}