{"id":710182,"date":"2025-08-27T16:33:16","date_gmt":"2025-08-27T13:33:16","guid":{"rendered":"https:\/\/roveyayinevi.com.tr\/index.php\/urun\/musait-bir-yerde-inebilir-miyim\/"},"modified":"2026-04-16T02:18:52","modified_gmt":"2026-04-15T23:18:52","slug":"musait-bir-yerde-inebilir-miyim","status":"publish","type":"product","link":"https:\/\/roveyayinevi.com.tr\/index.php\/urun\/musait-bir-yerde-inebilir-miyim\/","title":{"rendered":"M\u00fcsait Bir Yerde \u0130nebilir miyim?"},"content":{"rendered":"<p>\u201cM\u00fcsait bir yerde inebilir miyim?\u201d dedim \u015fof\u00f6re. Severim ben bu s\u00f6z\u00fc. Zaman\u0131n k\u0131y\u0131c\u0131l\u0131\u011f\u0131na direnmi\u015f ender tabirlerdendir. \u201cUygun bir yerde\u2026\u201d versiyonu tutmad\u0131. Gen\u00e7 ku\u015faklar bile h\u00e2l\u00e2 m\u00fcsait bir yerde iner. Tevekk\u00fcl belirtir bu sesleni\u015f. Kesin bir yer s\u00f6ylemezsin de orta bir noktada bulu\u015fursun s\u00fcr\u00fcc\u00fcyle ve hi\u00e7 bilemeden oran\u0131n senin i\u00e7in ger\u00e7ekten m\u00fcsait olup olmad\u0131\u011f\u0131n\u0131, inersin. \u0130ndim m\u00fcsait bir yer olan evimin \u00f6n\u00fcnde. Bir sokak k\u00f6\u015fesinde sabahlamak daha ger\u00e7ek olacakken belki de. Yurtsuzum art\u0131k evimin i\u00e7inde bile. Okuyan herkesin, i\u00e7inde kendinden bir par\u00e7a buldu\u011fu \u00f6yk\u00fcleriyle be\u011feni toplayan Karin Karaka\u015fl\u0131\u2019n\u0131n ilk roman\u0131 M\u00fcsait Bir Yerde \u0130nebilir miyim? sevginin, ayr\u0131l\u0131\u011f\u0131n ve yaln\u0131zl\u0131\u011f\u0131n, sayfalar\u0131na oya gibi i\u015flendi\u011fi, etkileyici bir eser. <\/p>\n","protected":false},"excerpt":{"rendered":"<p>\u201cM\u00fcsait bir yerde inebilir miyim?\u201d dedim \u015fof\u00f6re. Severim ben bu s\u00f6z\u00fc. Zaman\u0131n k\u0131y\u0131c\u0131l\u0131\u011f\u0131na direnmi\u015f ender tabirlerdendir. \u201cUygun bir yerde\u2026\u201d versiyonu tutmad\u0131. Gen\u00e7 ku\u015faklar bile h\u00e2l\u00e2 m\u00fcsait<span class=\"excerpt-hellip\"> [\u2026]<\/span><\/p>\n","protected":false},"featured_media":0,"template":"","meta":{"_monsterinsights_skip_tracking":false,"_monsterinsights_sitenote_active":false,"_monsterinsights_sitenote_note":"","_monsterinsights_sitenote_category":0},"product_brand":[],"product_cat":[12291,12711],"product_tag":[],"class_list":{"0":"post-710182","1":"product","2":"type-product","3":"status-publish","5":"product_cat-edebiyat","6":"product_cat-roman-oyku","7":"pa_cilt-ciltsiz","8":"pa_tur-kitap","9":"pa_yayinevi-can-yayinlari","10":"pa_yazar-karin-karakasli","12":"first","13":"instock","14":"sale","15":"shipping-taxable","16":"purchasable","17":"product-type-simple"},"_links":{"self":[{"href":"https:\/\/roveyayinevi.com.tr\/index.php\/wp-json\/wp\/v2\/product\/710182","targetHints":{"allow":["GET"]}}],"collection":[{"href":"https:\/\/roveyayinevi.com.tr\/index.php\/wp-json\/wp\/v2\/product"}],"about":[{"href":"https:\/\/roveyayinevi.com.tr\/index.php\/wp-json\/wp\/v2\/types\/product"}],"wp:attachment":[{"href":"https:\/\/roveyayinevi.com.tr\/index.php\/wp-json\/wp\/v2\/media?parent=710182"}],"wp:term":[{"taxonomy":"product_brand","embeddable":true,"href":"https:\/\/roveyayinevi.com.tr\/index.php\/wp-json\/wp\/v2\/product_brand?post=710182"},{"taxonomy":"product_cat","embeddable":true,"href":"https:\/\/roveyayinevi.com.tr\/index.php\/wp-json\/wp\/v2\/product_cat?post=710182"},{"taxonomy":"product_tag","embeddable":true,"href":"https:\/\/roveyayinevi.com.tr\/index.php\/wp-json\/wp\/v2\/product_tag?post=710182"}],"curies":[{"name":"wp","href":"https:\/\/api.w.org\/{rel}","templated":true}]}}