{"id":710180,"date":"2025-08-27T16:33:15","date_gmt":"2025-08-27T13:33:15","guid":{"rendered":"https:\/\/roveyayinevi.com.tr\/index.php\/urun\/turkiye-neden-feda-edildi\/"},"modified":"2026-04-16T02:18:52","modified_gmt":"2026-04-15T23:18:52","slug":"turkiye-neden-feda-edildi","status":"publish","type":"product","link":"https:\/\/roveyayinevi.com.tr\/index.php\/urun\/turkiye-neden-feda-edildi\/","title":{"rendered":"T\u00fcrkiye Neden Feda Edildi"},"content":{"rendered":"<p>Merdan Yanarda\u011f T\u00fcrkiye Neden Feda Edildi kitab\u0131nda kurucu g\u00fc\u00e7lerinin kendi devrimine, kurulu\u015f felsefesine ve de\u011ferlerine ihanet etti\u011fi bir \u00fclkeden \u00e7arp\u0131c\u0131 manzaralar aktar\u0131yor. Cumhuriyet\u2019in ba\u015flang\u0131\u00e7 ilkeleri ve kurulu\u015f felsefesi neden terk edildi&#8230; \u0130bn-i R\u00fc\u015ft\u2019\u00fcn ve felsefenin, teolojiyle bin y\u0131ll\u0131k kavgas\u0131n\u0131n anlam\u0131 neydi&#8230; \u0130mam Gazali, 21. y\u00fczy\u0131l M\u00fcsl\u00fcmanl\u0131\u011f\u0131n\u0131 ve T\u00fcrkiye\u2019yi nas\u0131l teslim ald\u0131&#8230; Harbiye, \u0130mam Hatip\u2019e neden yenildi&#8230; TSK, dinci gericili\u011fe nas\u0131l teslim edildi&#8230; Osmanl\u0131-T\u00fcrk modernle\u015fmesi ve ayd\u0131nlanma s\u00fcrecinin k\u0131r\u0131lmas\u0131ndan kimler sorumlu&#8230; AKP ve Cemaat\u2019in operasyonlar\u0131 T\u00fcrkiye\u2019ye ne kaybettirdi&#8230; Bir halk nas\u0131l mankurtla\u015ft\u0131&#8230; B\u00fcrokrasi ve ordudaki son Kemalist kadrolar nas\u0131l tasfiye edildi&#8230; Sa\u011f Kemalistlerin \u00f6dedi\u011fi bedel ne oldu&#8230; Gezi direni\u015fi, \u201cvasat\u0131n krall\u0131\u011f\u0131n\u0131\u201d nas\u0131l y\u0131kt\u0131&#8230; 15 Temmuz\u2019a giden yolun ta\u015flar\u0131 nas\u0131l d\u00f6\u015fendi&#8230; \u201cCumhuriyet\u2019in soluna kapal\u0131 yap\u0131s\u0131, kendisinin tasfiye edilme s\u00fcrecinde \u00f6nemli bir rol oynad\u0131. T\u00fcrkiye \u00f6nce So\u011fuk Sava\u015f\u2019a, sonra da \u2018Il\u0131ml\u0131 \u0130slam\u2019 projesine kurban edildi.\u201d <\/p>\n","protected":false},"excerpt":{"rendered":"<p>Merdan Yanarda\u011f T\u00fcrkiye Neden Feda Edildi kitab\u0131nda kurucu g\u00fc\u00e7lerinin kendi devrimine, kurulu\u015f felsefesine ve de\u011ferlerine ihanet etti\u011fi bir \u00fclkeden \u00e7arp\u0131c\u0131 manzaralar aktar\u0131yor. Cumhuriyet\u2019in ba\u015flang\u0131\u00e7 ilkeleri ve<span class=\"excerpt-hellip\"> [\u2026]<\/span><\/p>\n","protected":false},"featured_media":0,"template":"","meta":{"_monsterinsights_skip_tracking":false,"_monsterinsights_sitenote_active":false,"_monsterinsights_sitenote_note":"","_monsterinsights_sitenote_category":0},"product_brand":[],"product_cat":[13590,12337],"product_tag":[],"class_list":{"0":"post-710180","1":"product","2":"type-product","3":"status-publish","5":"product_cat-arastirma-inceleme-politika-siyaset","6":"product_cat-politika-siyaset","7":"pa_cilt-ciltsiz","8":"pa_tur-kitap","9":"pa_yayinevi-kirmizi-kedi-yayinevi","10":"pa_yazar-merdan-yanardag","12":"first","13":"instock","14":"sale","15":"shipping-taxable","16":"purchasable","17":"product-type-simple"},"_links":{"self":[{"href":"https:\/\/roveyayinevi.com.tr\/index.php\/wp-json\/wp\/v2\/product\/710180","targetHints":{"allow":["GET"]}}],"collection":[{"href":"https:\/\/roveyayinevi.com.tr\/index.php\/wp-json\/wp\/v2\/product"}],"about":[{"href":"https:\/\/roveyayinevi.com.tr\/index.php\/wp-json\/wp\/v2\/types\/product"}],"wp:attachment":[{"href":"https:\/\/roveyayinevi.com.tr\/index.php\/wp-json\/wp\/v2\/media?parent=710180"}],"wp:term":[{"taxonomy":"product_brand","embeddable":true,"href":"https:\/\/roveyayinevi.com.tr\/index.php\/wp-json\/wp\/v2\/product_brand?post=710180"},{"taxonomy":"product_cat","embeddable":true,"href":"https:\/\/roveyayinevi.com.tr\/index.php\/wp-json\/wp\/v2\/product_cat?post=710180"},{"taxonomy":"product_tag","embeddable":true,"href":"https:\/\/roveyayinevi.com.tr\/index.php\/wp-json\/wp\/v2\/product_tag?post=710180"}],"curies":[{"name":"wp","href":"https:\/\/api.w.org\/{rel}","templated":true}]}}