{"id":710179,"date":"2025-08-27T16:33:14","date_gmt":"2025-08-27T13:33:14","guid":{"rendered":"https:\/\/roveyayinevi.com.tr\/index.php\/urun\/canterbury-hikayeleri-2\/"},"modified":"2026-04-16T02:18:52","modified_gmt":"2026-04-15T23:18:52","slug":"canterbury-hikayeleri-2","status":"publish","type":"product","link":"https:\/\/roveyayinevi.com.tr\/index.php\/urun\/canterbury-hikayeleri-2\/","title":{"rendered":"Canterbury Hikayeleri"},"content":{"rendered":"<p>Chaucer\u2019\u0131n Canterbury Hik\u00e2yeleri g\u00fcn\u00fcm\u00fcz okurlar\u0131 i\u00e7in yeniden anlat\u0131ld\u0131. Alt\u0131 y\u00fcz y\u0131l \u00f6nce kaleme al\u0131nan bu eser, yaz\u0131ld\u0131\u011f\u0131 ilk g\u00fcnk\u00fc kadar komik ve ironik kalmay\u0131 ba\u015fard\u0131.Orta\u00e7a\u011fda, birbirine yabanc\u0131 ve birbirinden \u00e7ok farkl\u0131 insanlardan olu\u015fan bir kafile, Canterbury Katedrali\u2019ne do\u011fru yola \u00e7\u0131kar. Hac\u0131lar, yolda e\u011flenmek i\u00e7in bir hik\u00e2ye anlatma yar\u0131\u015fmas\u0131 d\u00fczenler, fakat s\u00f6z konusu yar\u0131\u015fma k\u0131sa zaman sonra kusursuz anlat\u0131lardan kaba laf dala\u015flar\u0131na d\u00f6n\u00fc\u015f\u00fcr. Bu eser, hac\u0131lar\u0131n anlatt\u0131\u011f\u0131 tuhaf ve harika hik\u00e2yelerle ilgili oldu\u011fu kadar asil kanl\u0131 \u015e\u00f6valye, ne\u015fe dolu Kapl\u0131cal\u0131 Kad\u0131n ve sahtek\u00e2r Ba\u011f\u0131\u015flay\u0131c\u0131 gibi bir\u00e7ok unutulmaz karakter hakk\u0131ndad\u0131r. <\/p>\n","protected":false},"excerpt":{"rendered":"<p>Chaucer\u2019\u0131n Canterbury Hik\u00e2yeleri g\u00fcn\u00fcm\u00fcz okurlar\u0131 i\u00e7in yeniden anlat\u0131ld\u0131. Alt\u0131 y\u00fcz y\u0131l \u00f6nce kaleme al\u0131nan bu eser, yaz\u0131ld\u0131\u011f\u0131 ilk g\u00fcnk\u00fc kadar komik ve ironik kalmay\u0131 ba\u015fard\u0131.Orta\u00e7a\u011fda, birbirine<span class=\"excerpt-hellip\"> [\u2026]<\/span><\/p>\n","protected":false},"featured_media":0,"template":"","meta":{"_monsterinsights_skip_tracking":false,"_monsterinsights_sitenote_active":false,"_monsterinsights_sitenote_note":"","_monsterinsights_sitenote_category":0},"product_brand":[],"product_cat":[12291,15117],"product_tag":[],"class_list":{"0":"post-710179","1":"product","2":"type-product","3":"status-publish","5":"product_cat-edebiyat","6":"product_cat-genclik-edebiyati","7":"pa_cilt-ciltsiz","8":"pa_tur-kitap","9":"pa_yayinevi-buyulu-fener-yayinlari","10":"pa_yazar-geoffrey-chaucer","12":"first","13":"instock","14":"sale","15":"shipping-taxable","16":"purchasable","17":"product-type-simple"},"_links":{"self":[{"href":"https:\/\/roveyayinevi.com.tr\/index.php\/wp-json\/wp\/v2\/product\/710179","targetHints":{"allow":["GET"]}}],"collection":[{"href":"https:\/\/roveyayinevi.com.tr\/index.php\/wp-json\/wp\/v2\/product"}],"about":[{"href":"https:\/\/roveyayinevi.com.tr\/index.php\/wp-json\/wp\/v2\/types\/product"}],"wp:attachment":[{"href":"https:\/\/roveyayinevi.com.tr\/index.php\/wp-json\/wp\/v2\/media?parent=710179"}],"wp:term":[{"taxonomy":"product_brand","embeddable":true,"href":"https:\/\/roveyayinevi.com.tr\/index.php\/wp-json\/wp\/v2\/product_brand?post=710179"},{"taxonomy":"product_cat","embeddable":true,"href":"https:\/\/roveyayinevi.com.tr\/index.php\/wp-json\/wp\/v2\/product_cat?post=710179"},{"taxonomy":"product_tag","embeddable":true,"href":"https:\/\/roveyayinevi.com.tr\/index.php\/wp-json\/wp\/v2\/product_tag?post=710179"}],"curies":[{"name":"wp","href":"https:\/\/api.w.org\/{rel}","templated":true}]}}