{"id":710178,"date":"2025-08-27T16:33:13","date_gmt":"2025-08-27T13:33:13","guid":{"rendered":"https:\/\/roveyayinevi.com.tr\/index.php\/urun\/gizli-bahce-8\/"},"modified":"2026-04-16T02:18:52","modified_gmt":"2026-04-15T23:18:52","slug":"gizli-bahce-8","status":"publish","type":"product","link":"https:\/\/roveyayinevi.com.tr\/index.php\/urun\/gizli-bahce-8\/","title":{"rendered":"Gizli Bah\u00e7e"},"content":{"rendered":"<p>E\u011fer bakmay\u0131 bilirseniz t\u00fcm d\u00fcnya bir bah\u00e7edir\u2026Bencil ve \u015f\u0131mar\u0131k Mary Lennox, eni\u015ftesiyle ya\u015famak \u00fczere Yorkshire\u2019a g\u00f6nderilmekten son derece mutsuzdur. Ancak gizli bir bah\u00e7enin giri\u015fini bulup onun s\u0131rlar\u0131n\u0131 \u00e7\u00f6zmeye ba\u015flad\u0131\u011f\u0131nda, kendisi de, t\u00fcm hayat\u0131 da de\u011fi\u015fecektir. Mary, hasta kuzeni Colin ve yetenekli Dickon, bah\u00e7eyi canland\u0131r\u0131rken kendileri de canlanacak, bah\u00e7enin sihrini ke\u015ffedeceklerdir.T\u00fcm zamanlar\u0131n en sevilen klasiklerinden Gizli Bah\u00e7e otuzdan fazla dile \u00e7evrilmi\u015f, defalarca televizyona, sinemaya ve tiyatroya uyarlanm\u0131\u015ft\u0131r. <\/p>\n","protected":false},"excerpt":{"rendered":"<p>E\u011fer bakmay\u0131 bilirseniz t\u00fcm d\u00fcnya bir bah\u00e7edir\u2026Bencil ve \u015f\u0131mar\u0131k Mary Lennox, eni\u015ftesiyle ya\u015famak \u00fczere Yorkshire\u2019a g\u00f6nderilmekten son derece mutsuzdur. Ancak gizli bir bah\u00e7enin giri\u015fini bulup onun<span class=\"excerpt-hellip\"> [\u2026]<\/span><\/p>\n","protected":false},"featured_media":0,"template":"","meta":{"_monsterinsights_skip_tracking":false,"_monsterinsights_sitenote_active":false,"_monsterinsights_sitenote_note":"","_monsterinsights_sitenote_category":0},"product_brand":[],"product_cat":[12274,12284],"product_tag":[],"class_list":{"0":"post-710178","1":"product","2":"type-product","3":"status-publish","5":"product_cat-cocuk-ve-genclik-kitaplari","6":"product_cat-hikayeler","7":"pa_cilt-ciltsiz","8":"pa_tur-kitap","9":"pa_yayinevi-bilgi-yayinevi-cocuk","10":"pa_yazar-frances-hodgson-burnett","12":"first","13":"instock","14":"sale","15":"shipping-taxable","16":"purchasable","17":"product-type-simple"},"_links":{"self":[{"href":"https:\/\/roveyayinevi.com.tr\/index.php\/wp-json\/wp\/v2\/product\/710178","targetHints":{"allow":["GET"]}}],"collection":[{"href":"https:\/\/roveyayinevi.com.tr\/index.php\/wp-json\/wp\/v2\/product"}],"about":[{"href":"https:\/\/roveyayinevi.com.tr\/index.php\/wp-json\/wp\/v2\/types\/product"}],"wp:attachment":[{"href":"https:\/\/roveyayinevi.com.tr\/index.php\/wp-json\/wp\/v2\/media?parent=710178"}],"wp:term":[{"taxonomy":"product_brand","embeddable":true,"href":"https:\/\/roveyayinevi.com.tr\/index.php\/wp-json\/wp\/v2\/product_brand?post=710178"},{"taxonomy":"product_cat","embeddable":true,"href":"https:\/\/roveyayinevi.com.tr\/index.php\/wp-json\/wp\/v2\/product_cat?post=710178"},{"taxonomy":"product_tag","embeddable":true,"href":"https:\/\/roveyayinevi.com.tr\/index.php\/wp-json\/wp\/v2\/product_tag?post=710178"}],"curies":[{"name":"wp","href":"https:\/\/api.w.org\/{rel}","templated":true}]}}