{"id":710176,"date":"2025-08-27T16:33:12","date_gmt":"2025-08-27T13:33:12","guid":{"rendered":"https:\/\/roveyayinevi.com.tr\/index.php\/urun\/ayni-gokyuzunun-kiyameti\/"},"modified":"2026-04-16T02:18:52","modified_gmt":"2026-04-15T23:18:52","slug":"ayni-gokyuzunun-kiyameti","status":"publish","type":"product","link":"https:\/\/roveyayinevi.com.tr\/index.php\/urun\/ayni-gokyuzunun-kiyameti\/","title":{"rendered":"Ayn\u0131 G\u00f6ky\u00fcz\u00fcn\u00fcn K\u0131yameti"},"content":{"rendered":"<p>Adam, cennetin anahtar\u0131n\u0131 buldu\u011funa inan\u0131yordu. Ama buldu\u011fu anahtar, cehennemin kap\u0131lar\u0131n\u0131 aralayacakt\u0131.   Yaln\u0131zca \u00f6l\u00fcm vard\u0131. Bir \u015fey onlar\u0131 deliye \u00e7evirmi\u015fti.   Bir patlama&#8230; Patlaman\u0131n ard\u0131ndan silah sesleri ve \u00e7\u0131\u011fl\u0131klar\u2026   Bir yanda, her \u015feyini feda eden Kaan ve dostlar\u0131&#8230; Di\u011fer yanda, ilk canl\u0131 yay\u0131n\u0131nda kana bulanm\u0131\u015f s\u00f6zc\u00fcklerle \u00f6l\u00fcm haberleri veren Gamze\u2026   Olacaklar, y\u0131llar \u00f6ncesinden planlanm\u0131\u015f, do\u011fru zamanda oynanmas\u0131 gereken bir senaryodan ibaretti. \u0130nsanl\u0131k, y\u00fczy\u0131llar boyunca h\u00fckmetti\u011fi d\u00fcnyada s\u00fcrekli sava\u015ft\u0131. Ama bir yerlerde, m\u00fckemmel toplum hayali olan birileri vard\u0131. \u00d6fkenin, kinin, nefretin olmad\u0131\u011f\u0131 bir d\u00fcnya hayal eden be\u015f adam\u2026 Be\u015fli\u2026 G\u00fc\u00e7leri vard\u0131. \u00d6nlerindeki tek engel, yakla\u015f\u0131k yedi milyar insand\u0131.   Mutlak iyilik i\u00e7in ilk \u00f6nce katliam yap\u0131lmal\u0131yd\u0131. * \u201cKalp at\u0131\u015flar\u0131n\u0131z\u0131 zorlayacak bu macera size bamba\u015fka bir ger\u00e7eklik sunacak.\u201d -B\u00fc\u015fra Toraman <\/p>\n","protected":false},"excerpt":{"rendered":"<p>Adam, cennetin anahtar\u0131n\u0131 buldu\u011funa inan\u0131yordu. Ama buldu\u011fu anahtar, cehennemin kap\u0131lar\u0131n\u0131 aralayacakt\u0131. Yaln\u0131zca \u00f6l\u00fcm vard\u0131. Bir \u015fey onlar\u0131 deliye \u00e7evirmi\u015fti. Bir patlama&#8230; Patlaman\u0131n ard\u0131ndan silah sesleri ve<span class=\"excerpt-hellip\"> [\u2026]<\/span><\/p>\n","protected":false},"featured_media":0,"template":"","meta":{"_monsterinsights_skip_tracking":false,"_monsterinsights_sitenote_active":false,"_monsterinsights_sitenote_note":"","_monsterinsights_sitenote_category":0},"product_brand":[],"product_cat":[12291,12711],"product_tag":[],"class_list":{"0":"post-710176","1":"product","2":"type-product","3":"status-publish","5":"product_cat-edebiyat","6":"product_cat-roman-oyku","7":"pa_cilt-ciltli","8":"pa_tur-kitap","9":"pa_yayinevi-ephesus-yayinlari","10":"pa_yazar-koray-yersuren","12":"first","13":"instock","14":"sale","15":"shipping-taxable","16":"purchasable","17":"product-type-simple"},"_links":{"self":[{"href":"https:\/\/roveyayinevi.com.tr\/index.php\/wp-json\/wp\/v2\/product\/710176","targetHints":{"allow":["GET"]}}],"collection":[{"href":"https:\/\/roveyayinevi.com.tr\/index.php\/wp-json\/wp\/v2\/product"}],"about":[{"href":"https:\/\/roveyayinevi.com.tr\/index.php\/wp-json\/wp\/v2\/types\/product"}],"wp:attachment":[{"href":"https:\/\/roveyayinevi.com.tr\/index.php\/wp-json\/wp\/v2\/media?parent=710176"}],"wp:term":[{"taxonomy":"product_brand","embeddable":true,"href":"https:\/\/roveyayinevi.com.tr\/index.php\/wp-json\/wp\/v2\/product_brand?post=710176"},{"taxonomy":"product_cat","embeddable":true,"href":"https:\/\/roveyayinevi.com.tr\/index.php\/wp-json\/wp\/v2\/product_cat?post=710176"},{"taxonomy":"product_tag","embeddable":true,"href":"https:\/\/roveyayinevi.com.tr\/index.php\/wp-json\/wp\/v2\/product_tag?post=710176"}],"curies":[{"name":"wp","href":"https:\/\/api.w.org\/{rel}","templated":true}]}}