{"id":710175,"date":"2025-08-27T16:33:12","date_gmt":"2025-08-27T13:33:12","guid":{"rendered":"https:\/\/roveyayinevi.com.tr\/index.php\/urun\/gozlerimin-icine-bak\/"},"modified":"2026-04-16T02:18:52","modified_gmt":"2026-04-15T23:18:52","slug":"gozlerimin-icine-bak","status":"publish","type":"product","link":"https:\/\/roveyayinevi.com.tr\/index.php\/urun\/gozlerimin-icine-bak\/","title":{"rendered":"G\u00f6zlerimin \u0130\u00e7ine Bak"},"content":{"rendered":"<p>On \u00fc\u00e7 ya\u015f\u0131nda bir k\u0131z olsan ve gizli bir istihbarat \u00f6rg\u00fct\u00fc k\u00f6t\u00fc adamlar\u0131 yakalamak i\u00e7in senin yard\u0131m\u0131n\u0131 istese ne yapars\u0131n?Twinford\u2019da b\u00fcy\u00fck bir soygun ger\u00e7ekle\u015fecek. Bu soygunu engellemek ise on \u00fc\u00e7 ya\u015f\u0131ndaki Ruby Redfort\u2019un elinde. Ruby \u00e7\u00f6z\u00fclmesi neredeyse imk\u00e2ns\u0131z olan \u015fifreleri ad\u0131m ad\u0131m de\u015fifre etmeye \u00e7al\u0131\u015ft\u0131k\u00e7a i\u015fler iyice karma\u015f\u0131k hale geliyor. Peki ya ger\u00e7ek asl\u0131nda bamba\u015fkaysa? Ruby ile birlikte dedektifli\u011fe var m\u0131s\u0131n?Ama unutma! 1 numaral\u0131 ve en \u00f6nemli kural: \u00c7eneni kapal\u0131 tut!\u201cModern bir klasik.\u201dThe Times\u201cKesinlikle m\u00fckemmel\u2026 \u0130nsan bu kitab\u0131 elinden b\u0131rakam\u0131yor!\u201dwww.goodreads.com\u201c\u00d6zg\u00fcn ve vurucu bir roman.\u201dSun <\/p>\n","protected":false},"excerpt":{"rendered":"<p>On \u00fc\u00e7 ya\u015f\u0131nda bir k\u0131z olsan ve gizli bir istihbarat \u00f6rg\u00fct\u00fc k\u00f6t\u00fc adamlar\u0131 yakalamak i\u00e7in senin yard\u0131m\u0131n\u0131 istese ne yapars\u0131n?Twinford\u2019da b\u00fcy\u00fck bir soygun ger\u00e7ekle\u015fecek. Bu soygunu<span class=\"excerpt-hellip\"> [\u2026]<\/span><\/p>\n","protected":false},"featured_media":0,"template":"","meta":{"_monsterinsights_skip_tracking":false,"_monsterinsights_sitenote_active":false,"_monsterinsights_sitenote_note":"","_monsterinsights_sitenote_category":0},"product_brand":[],"product_cat":[12291,12711],"product_tag":[],"class_list":{"0":"post-710175","1":"product","2":"type-product","3":"status-publish","5":"product_cat-edebiyat","6":"product_cat-roman-oyku","7":"pa_cilt-ciltli","8":"pa_tur-kitap","9":"pa_yayinevi-epsilon-yayinlari","10":"pa_yazar-lauren-child","12":"first","13":"instock","14":"sale","15":"shipping-taxable","16":"purchasable","17":"product-type-simple"},"_links":{"self":[{"href":"https:\/\/roveyayinevi.com.tr\/index.php\/wp-json\/wp\/v2\/product\/710175","targetHints":{"allow":["GET"]}}],"collection":[{"href":"https:\/\/roveyayinevi.com.tr\/index.php\/wp-json\/wp\/v2\/product"}],"about":[{"href":"https:\/\/roveyayinevi.com.tr\/index.php\/wp-json\/wp\/v2\/types\/product"}],"wp:attachment":[{"href":"https:\/\/roveyayinevi.com.tr\/index.php\/wp-json\/wp\/v2\/media?parent=710175"}],"wp:term":[{"taxonomy":"product_brand","embeddable":true,"href":"https:\/\/roveyayinevi.com.tr\/index.php\/wp-json\/wp\/v2\/product_brand?post=710175"},{"taxonomy":"product_cat","embeddable":true,"href":"https:\/\/roveyayinevi.com.tr\/index.php\/wp-json\/wp\/v2\/product_cat?post=710175"},{"taxonomy":"product_tag","embeddable":true,"href":"https:\/\/roveyayinevi.com.tr\/index.php\/wp-json\/wp\/v2\/product_tag?post=710175"}],"curies":[{"name":"wp","href":"https:\/\/api.w.org\/{rel}","templated":true}]}}