{"id":710173,"date":"2025-08-27T16:33:11","date_gmt":"2025-08-27T13:33:11","guid":{"rendered":"https:\/\/roveyayinevi.com.tr\/index.php\/urun\/icimde-buyuyen-dunya\/"},"modified":"2026-04-16T02:18:52","modified_gmt":"2026-04-15T23:18:52","slug":"icimde-buyuyen-dunya","status":"publish","type":"product","link":"https:\/\/roveyayinevi.com.tr\/index.php\/urun\/icimde-buyuyen-dunya\/","title":{"rendered":"\u0130\u00e7imde B\u00fcy\u00fcyen D\u00fcnya"},"content":{"rendered":"<p>\u201cMary Costello, ola\u011fan\u00fcst\u00fc bir adanm\u0131\u015fl\u0131kla yazarak, kimsenin fark etmedi\u011fi silik y\u0131\u011f\u0131nlar\u0131n aras\u0131nda unutulup gidecek bir kad\u0131na hayat veriyor.\u201d \u2014J. M. Coetzee   \u0130rlanda\u2019da Y\u0131l\u0131n Kitab\u0131 \u00d6du\u0308lu\u0308\u2019ne lay\u0131k g\u00f6ru\u0308len, Costa \u0130lk Roman\u00d6du\u0308lu\u0308 ve Uluslararas\u0131 Dublin Edebiyat \u00d6du\u0308lu\u0308 gibi prestijli \u00f6du\u0308llereaday g\u00f6sterilen gu\u0308\u00e7lu\u0308 bir roman. 1940\u2019l\u0131 y\u0131llarda \u0130rlanda\u2019n\u0131n bat\u0131s\u0131nda ya\u015fayan Tess utanga\u00e7, i\u00e7ed\u00f6nu\u0308k bir \u00e7ocuktur.Gelgelelim suskun d\u0131\u015f g\u00f6ru\u0308ntu\u0308su\u0308nu\u0308n alt\u0131nda ate\u015ften bir yu\u0308rek yatmaktad\u0131r. Buate\u015f sonradan 1960\u2019lar\u0131n New York\u2019unun ke\u015fmeke\u015finde kendi yuvas\u0131n\u0131 kurmayaitecektir onu. Yukar\u0131 Manhattan\u2019daki Akademi Soka\u011f\u0131\u2019nda k\u0131rk seneyi a\u015fk\u0131n birzaman ve dolu dolu bir \u00f6mu\u0308r ge\u00e7iren Tess ac\u0131mas\u0131z bir a\u015fk ya\u015fayacak ve bu\u0308yu\u0308k birfelaketle yu\u0308zle\u015fecektir. Ancak cesareti ve metaneti, bunun yan\u0131 s\u0131ra da \u201cbilinmediktehlikeli bir \u015feyin e\u015fi\u011finde su\u0308zu\u0308lu\u0308rken\u201d bile sahip oldu\u011fu \u00e7arp\u0131c\u0131 i\u00e7g\u00f6ru\u0308su\u0308 hep bakikalacakt\u0131r. Yaratt\u0131\u011f\u0131 atmosferle okurunu derinden sarsan roman, Amerika\u2019n\u0131n en bu\u0308yu\u0308k\u015fehrinin \u015fatafat\u0131 ve heng\u00e2mesi i\u00e7inde ait olabilece\u011fi bir \u015fey, bir insan, sabit birs\u0131\u011f\u0131nak arayan bir kad\u0131n\u0131n izini su\u0308ru\u0308yor. \u0130\u00e7imde Bu\u0308yu\u0308yen Du\u0308nya ile Mary Costello,\u0130rlanda edebiyat\u0131n\u0131n en heyecan verici seslerinden biri olarak yerini al\u0131yor. <\/p>\n","protected":false},"excerpt":{"rendered":"<p>\u201cMary Costello, ola\u011fan\u00fcst\u00fc bir adanm\u0131\u015fl\u0131kla yazarak, kimsenin fark etmedi\u011fi silik y\u0131\u011f\u0131nlar\u0131n aras\u0131nda unutulup gidecek bir kad\u0131na hayat veriyor.\u201d \u2014J. M. Coetzee \u0130rlanda\u2019da Y\u0131l\u0131n Kitab\u0131 \u00d6du\u0308lu\u0308\u2019ne lay\u0131k<span class=\"excerpt-hellip\"> [\u2026]<\/span><\/p>\n","protected":false},"featured_media":0,"template":"","meta":{"_monsterinsights_skip_tracking":false,"_monsterinsights_sitenote_active":false,"_monsterinsights_sitenote_note":"","_monsterinsights_sitenote_category":0},"product_brand":[],"product_cat":[12291,12711],"product_tag":[],"class_list":{"0":"post-710173","1":"product","2":"type-product","3":"status-publish","5":"product_cat-edebiyat","6":"product_cat-roman-oyku","7":"pa_cilt-ciltsiz","8":"pa_tur-kitap","9":"pa_yayinevi-kafka-yayinevi","10":"pa_yazar-mary-costello","12":"first","13":"instock","14":"sale","15":"shipping-taxable","16":"purchasable","17":"product-type-simple"},"_links":{"self":[{"href":"https:\/\/roveyayinevi.com.tr\/index.php\/wp-json\/wp\/v2\/product\/710173","targetHints":{"allow":["GET"]}}],"collection":[{"href":"https:\/\/roveyayinevi.com.tr\/index.php\/wp-json\/wp\/v2\/product"}],"about":[{"href":"https:\/\/roveyayinevi.com.tr\/index.php\/wp-json\/wp\/v2\/types\/product"}],"wp:attachment":[{"href":"https:\/\/roveyayinevi.com.tr\/index.php\/wp-json\/wp\/v2\/media?parent=710173"}],"wp:term":[{"taxonomy":"product_brand","embeddable":true,"href":"https:\/\/roveyayinevi.com.tr\/index.php\/wp-json\/wp\/v2\/product_brand?post=710173"},{"taxonomy":"product_cat","embeddable":true,"href":"https:\/\/roveyayinevi.com.tr\/index.php\/wp-json\/wp\/v2\/product_cat?post=710173"},{"taxonomy":"product_tag","embeddable":true,"href":"https:\/\/roveyayinevi.com.tr\/index.php\/wp-json\/wp\/v2\/product_tag?post=710173"}],"curies":[{"name":"wp","href":"https:\/\/api.w.org\/{rel}","templated":true}]}}