{"id":710172,"date":"2025-08-27T16:33:10","date_gmt":"2025-08-27T13:33:10","guid":{"rendered":"https:\/\/roveyayinevi.com.tr\/index.php\/urun\/citir-citir-felsefe-serisi-30-anlasmak-ve-anlasamamak\/"},"modified":"2026-04-16T02:18:52","modified_gmt":"2026-04-15T23:18:52","slug":"citir-citir-felsefe-serisi-30-anlasmak-ve-anlasamamak","status":"publish","type":"product","link":"https:\/\/roveyayinevi.com.tr\/index.php\/urun\/citir-citir-felsefe-serisi-30-anlasmak-ve-anlasamamak\/","title":{"rendered":"\u00c7\u0131t\u0131r \u00c7\u0131t\u0131r Felsefe Serisi 30 &#8211; Anla\u015fmak ve Anla\u015famamak"},"content":{"rendered":"<p>Anla\u015fmazl\u0131klar yararl\u0131d\u0131r,insan\u0131 d\u00fc\u015f\u00fcnmeye iter.Felsefeyi \u00e7ocuklar\u0131n g\u00fcndelik ya\u015fam\u0131na ustal\u0131kla yerle\u015ftiren ve d\u00fcnyada milyonlarca okura ula\u015fan &#8220;\u00c7\u0131t\u0131r \u00c7\u0131t\u0131r Felsefe&#8221; dizisinin 30. kitab\u0131, g\u00fcndelik ve toplumsal hayat\u0131 etkileyen &#8220;anla\u015fmak&#8221; ve &#8220;anla\u015famamak&#8221; konular\u0131n\u0131 tart\u0131\u015fmaya a\u00e7\u0131yor. Dizinin yarat\u0131c\u0131s\u0131 Brigitte Labb\u00e9, \u00e7ocuklar\u0131n s\u0131k kar\u015f\u0131la\u015ft\u0131\u011f\u0131 farkl\u0131 farkl\u0131 g\u00f6r\u00fc\u015flerden ve deneyimlerden \u00f6rnekler vererek, diyalo\u011fu, uzla\u015f\u0131y\u0131, fikir ayr\u0131l\u0131klar\u0131n\u0131, d\u00fc\u015f\u00fcncelerin de\u011fi\u015fmesini ve insanl\u0131\u011f\u0131n geli\u015fimini anlat\u0131yor. Jacques Azam&#8217;\u0131n karikat\u00fcr tad\u0131ndaki desenleri de, okul \u00e7a\u011f\u0131ndaki filozoflar\u0131n \u00e7ok y\u00f6nl\u00fc d\u00fc\u015f\u00fcnmesine katk\u0131da bulunuyor. Her ya\u015ftan okuru etkileyen, sorular sormay\u0131 g\u00fcndelik ya\u015fam\u0131n bir prati\u011fi haline getirmeye \u00f6zendiren, e\u011fitimcilerin ve ebeveynlerin ilk okuma \u00f6nerileri aras\u0131ndaki dizi, yeni kitaplar\u0131yla zenginle\u015fiyor. Kimileri i\u00e7in g\u00fczel olan, kimileri i\u00e7in \u00e7irkindir; baz\u0131lar\u0131 i\u00e7in k\u00f6t\u00fc olan, di\u011ferleri i\u00e7in k\u00f6t\u00fc olmayabilir&#8230; Burada adil buldu\u011fumuz, ama ba\u015fka yerde haks\u0131zl\u0131k say\u0131lan \u015feyler vard\u0131r; bug\u00fcn yasak olana, yar\u0131n belki de izin verilir&#8230; Y\u00fczlerce ve y\u00fczlerce \u015fey konusunda insanlar ayn\u0131 fikirde de\u011fildir, ama bir anla\u015fmazl\u0131ktan di\u011ferine, yeni bak\u0131\u015f a\u00e7\u0131lar\u0131, fikirler, d\u00fc\u015f\u00fcnceler, g\u00f6r\u00fc\u015fler olu\u015fur. Yazar Brigitte Labb\u00e9 uzun s\u00fcre ileti\u015fim sekt\u00f6r\u00fcnde g\u00f6rev ald\u0131ktan sonra Paris Sorbonne \u00dcniversitesi&#8217;nde felsefe e\u011fitimi g\u00f6rd\u00fc. \u00c7al\u0131\u015fmalar\u0131n\u0131, kar\u0131\u015f\u0131k felsefi kavramlar\u0131 \u00e7ocuklara aktarabilmek \u00fczerine yo\u011funla\u015ft\u0131rd\u0131. &#8220;\u00c7\u0131t\u0131r \u00c7\u0131t\u0131r Felsefe&#8221; dizisinde, \u00e7ocuklara felsefenin s\u00fcrekli kendini yenileyen bir sorgulama oldu\u011funu g\u00f6stermek istedi. Okullarda, k\u00fct\u00fcphanelerde ve kafelerde, \u00e7ikolata, kurabiye ve \u015feker e\u015fli\u011finde \u00e7ocuklar i\u00e7in &#8220;\u00c7\u0131t\u0131r \u00c7\u0131t\u0131r Felsefe&#8221; g\u00fcnleri d\u00fczenleyip tart\u0131\u015fmalar yapan Labb\u00e9, kat\u0131ld\u0131\u011f\u0131 ulusal ve uluslararas\u0131 konferanslarda, yeti\u015fkinler i\u00e7in, \u00e7ocuklara zor konular\u0131 anlatmak \u00fczerine sunumlar ger\u00e7ekle\u015ftiriyor. \u0130stanbul&#8217;da da okullarda \u00e7ocuklarla bir araya gelen yazar, m\u00fczisyen e\u015fi Wassim Soubra ve iki k\u0131z\u0131yla birlikte Paris&#8217;te ya\u015f\u0131yor. <\/p>\n","protected":false},"excerpt":{"rendered":"<p>Anla\u015fmazl\u0131klar yararl\u0131d\u0131r,insan\u0131 d\u00fc\u015f\u00fcnmeye iter.Felsefeyi \u00e7ocuklar\u0131n g\u00fcndelik ya\u015fam\u0131na ustal\u0131kla yerle\u015ftiren ve d\u00fcnyada milyonlarca okura ula\u015fan &#8220;\u00c7\u0131t\u0131r \u00c7\u0131t\u0131r Felsefe&#8221; dizisinin 30. kitab\u0131, g\u00fcndelik ve toplumsal hayat\u0131 etkileyen &#8220;anla\u015fmak&#8221;<span class=\"excerpt-hellip\"> [\u2026]<\/span><\/p>\n","protected":false},"featured_media":0,"template":"","meta":{"_monsterinsights_skip_tracking":false,"_monsterinsights_sitenote_active":false,"_monsterinsights_sitenote_note":"","_monsterinsights_sitenote_category":0},"product_brand":[],"product_cat":[12312,12304],"product_tag":[],"class_list":{"0":"post-710172","1":"product","2":"type-product","3":"status-publish","5":"product_cat-diger","6":"product_cat-tarih","7":"pa_cilt-ciltsiz","8":"pa_tur-kitap","9":"pa_yayinevi-gunisigi-kitapligi","10":"pa_yazar-brigitte-labbe","12":"first","13":"instock","14":"sale","15":"shipping-taxable","16":"purchasable","17":"product-type-simple"},"_links":{"self":[{"href":"https:\/\/roveyayinevi.com.tr\/index.php\/wp-json\/wp\/v2\/product\/710172","targetHints":{"allow":["GET"]}}],"collection":[{"href":"https:\/\/roveyayinevi.com.tr\/index.php\/wp-json\/wp\/v2\/product"}],"about":[{"href":"https:\/\/roveyayinevi.com.tr\/index.php\/wp-json\/wp\/v2\/types\/product"}],"wp:attachment":[{"href":"https:\/\/roveyayinevi.com.tr\/index.php\/wp-json\/wp\/v2\/media?parent=710172"}],"wp:term":[{"taxonomy":"product_brand","embeddable":true,"href":"https:\/\/roveyayinevi.com.tr\/index.php\/wp-json\/wp\/v2\/product_brand?post=710172"},{"taxonomy":"product_cat","embeddable":true,"href":"https:\/\/roveyayinevi.com.tr\/index.php\/wp-json\/wp\/v2\/product_cat?post=710172"},{"taxonomy":"product_tag","embeddable":true,"href":"https:\/\/roveyayinevi.com.tr\/index.php\/wp-json\/wp\/v2\/product_tag?post=710172"}],"curies":[{"name":"wp","href":"https:\/\/api.w.org\/{rel}","templated":true}]}}