{"id":710163,"date":"2025-08-27T16:33:05","date_gmt":"2025-08-27T13:33:05","guid":{"rendered":"https:\/\/roveyayinevi.com.tr\/index.php\/urun\/kuklanin-ruhu-insan-ozgurlugune-kisa-bir-bakis\/"},"modified":"2026-04-16T02:18:52","modified_gmt":"2026-04-15T23:18:52","slug":"kuklanin-ruhu-insan-ozgurlugune-kisa-bir-bakis","status":"publish","type":"product","link":"https:\/\/roveyayinevi.com.tr\/index.php\/urun\/kuklanin-ruhu-insan-ozgurlugune-kisa-bir-bakis\/","title":{"rendered":"Kuklan\u0131n Ruhu (\u0130nsan \u00d6zg\u00fcrl\u00fc\u011f\u00fcne K\u0131sa Bir Bak\u0131\u015f)"},"content":{"rendered":"<p>Herkes \u00f6zg\u00fcr olmak istedi\u011fini d\u00fc\u015f\u00fcn\u00fcr ama asl\u0131nda ne istemektedir? John Gray bu provokatif kitab\u0131nda insan \u00f6zg\u00fcrl\u00fc\u011f\u00fcn\u00fc din, felsefe ve fantastik edebiyattan \u00f6rnekler \u00fczerinden irdeliyor. Kuklan\u0131n Ruhu antik ve modern gnostisizm, Azteklerde insan kurban etme rit\u00fcelleri, sayborg ekonomisi, komplo teorileri, g\u00f6zetleme toplumu ve internet \u00e7a\u011f\u0131nda sanal ya\u015fam gibi \u00e7e\u015fitli konular \u00fczerine d\u00fc\u015f\u00fcnce deneyleriyle okuru y\u00fczy\u0131llar\u0131n d\u00fc\u015f\u00fcnce iklimi i\u00e7inde heyecanl\u0131 bir yolculu\u011fa \u00e7\u0131kar\u0131yor ve \u015fu soruya yan\u0131t ar\u0131yor: Hayat\u0131m\u0131zda daha fazla se\u00e7enek mi istiyoruz yoksa \u00f6zg\u00fcrl\u00fck bizim i\u00e7in tercih yapma y\u00fck\u00fcnden kurtulmak m\u0131? <\/p>\n","protected":false},"excerpt":{"rendered":"<p>Herkes \u00f6zg\u00fcr olmak istedi\u011fini d\u00fc\u015f\u00fcn\u00fcr ama asl\u0131nda ne istemektedir? John Gray bu provokatif kitab\u0131nda insan \u00f6zg\u00fcrl\u00fc\u011f\u00fcn\u00fc din, felsefe ve fantastik edebiyattan \u00f6rnekler \u00fczerinden irdeliyor. Kuklan\u0131n Ruhu<span class=\"excerpt-hellip\"> [\u2026]<\/span><\/p>\n","protected":false},"featured_media":0,"template":"","meta":{"_monsterinsights_skip_tracking":false,"_monsterinsights_sitenote_active":false,"_monsterinsights_sitenote_note":"","_monsterinsights_sitenote_category":0},"product_brand":[],"product_cat":[12312,12304],"product_tag":[],"class_list":{"0":"post-710163","1":"product","2":"type-product","3":"status-publish","5":"product_cat-diger","6":"product_cat-tarih","7":"pa_cilt-ciltsiz","8":"pa_tur-kitap","9":"pa_yayinevi-yapi-kredi-yayinlari","10":"pa_yazar-john-gray","12":"first","13":"instock","14":"sale","15":"shipping-taxable","16":"purchasable","17":"product-type-simple"},"_links":{"self":[{"href":"https:\/\/roveyayinevi.com.tr\/index.php\/wp-json\/wp\/v2\/product\/710163","targetHints":{"allow":["GET"]}}],"collection":[{"href":"https:\/\/roveyayinevi.com.tr\/index.php\/wp-json\/wp\/v2\/product"}],"about":[{"href":"https:\/\/roveyayinevi.com.tr\/index.php\/wp-json\/wp\/v2\/types\/product"}],"wp:attachment":[{"href":"https:\/\/roveyayinevi.com.tr\/index.php\/wp-json\/wp\/v2\/media?parent=710163"}],"wp:term":[{"taxonomy":"product_brand","embeddable":true,"href":"https:\/\/roveyayinevi.com.tr\/index.php\/wp-json\/wp\/v2\/product_brand?post=710163"},{"taxonomy":"product_cat","embeddable":true,"href":"https:\/\/roveyayinevi.com.tr\/index.php\/wp-json\/wp\/v2\/product_cat?post=710163"},{"taxonomy":"product_tag","embeddable":true,"href":"https:\/\/roveyayinevi.com.tr\/index.php\/wp-json\/wp\/v2\/product_tag?post=710163"}],"curies":[{"name":"wp","href":"https:\/\/api.w.org\/{rel}","templated":true}]}}