{"id":710162,"date":"2025-08-27T16:33:05","date_gmt":"2025-08-27T13:33:05","guid":{"rendered":"https:\/\/roveyayinevi.com.tr\/index.php\/urun\/izanin-sarkisi\/"},"modified":"2026-04-16T02:18:52","modified_gmt":"2026-04-15T23:18:52","slug":"izanin-sarkisi","status":"publish","type":"product","link":"https:\/\/roveyayinevi.com.tr\/index.php\/urun\/izanin-sarkisi\/","title":{"rendered":"Iza&#8217;n\u0131n \u015eark\u0131s\u0131"},"content":{"rendered":"<p>Iza, babas\u0131 \u00f6l\u00fcnce yaln\u0131z kalan annesini yan\u0131na almak ister. Doktor k\u0131z\u0131yla gurur duyan ya\u015fl\u0131 kad\u0131n, s\u00fcrd\u00fcrd\u00fc\u011f\u00fc ta\u015fra hayat\u0131n\u0131, an\u0131lar\u0131n\u0131, al\u0131\u015fkanl\u0131klar\u0131n\u0131, bir anlamda kimli\u011fini b\u0131rak\u0131p ba\u015fkente ta\u015f\u0131n\u0131r. Ne yaz\u0131k ki, yirminci y\u00fczy\u0131l\u0131n ikinci yar\u0131s\u0131nda, sava\u015f sonras\u0131nda b\u00fcy\u00fck bir h\u0131zla de\u011fi\u015fen Macar toplumunda, yaln\u0131zl\u0131k ve ku\u015fak \u00e7at\u0131\u015fmas\u0131 anlam\u0131na gelmektedir bu. Szab\u00f3 ilk kez 1963 y\u0131l\u0131nda yay\u0131mlanan roman\u0131nda, insani de\u011ferlere en ba\u011fl\u0131, en idealist ki\u015filerin bile yak\u0131nlar\u0131n\u0131 anlamakta nas\u0131l yetersiz kalabilece\u011fini, insan ili\u015fkilerine s\u0131zan empati yoksunlu\u011funu anlat\u0131yor. Magda Szab\u00f3\u2019yu ke\u015ffettiyseniz alt\u0131n bir bal\u0131k yakalad\u0131n\u0131z demektir. Yazmakta oldu\u011fu b\u00fct\u00fcn kitaplar\u0131 al\u0131n, ileride yazacaklar\u0131n\u0131 da. &#8211; Hermann Hesse \ufffc<\/p>\n","protected":false},"excerpt":{"rendered":"<p>Iza, babas\u0131 \u00f6l\u00fcnce yaln\u0131z kalan annesini yan\u0131na almak ister. Doktor k\u0131z\u0131yla gurur duyan ya\u015fl\u0131 kad\u0131n, s\u00fcrd\u00fcrd\u00fc\u011f\u00fc ta\u015fra hayat\u0131n\u0131, an\u0131lar\u0131n\u0131, al\u0131\u015fkanl\u0131klar\u0131n\u0131, bir anlamda kimli\u011fini b\u0131rak\u0131p ba\u015fkente ta\u015f\u0131n\u0131r.<span class=\"excerpt-hellip\"> [\u2026]<\/span><\/p>\n","protected":false},"featured_media":0,"template":"","meta":{"_monsterinsights_skip_tracking":false,"_monsterinsights_sitenote_active":false,"_monsterinsights_sitenote_note":"","_monsterinsights_sitenote_category":0},"product_brand":[],"product_cat":[12291,12711],"product_tag":[],"class_list":{"0":"post-710162","1":"product","2":"type-product","3":"status-publish","5":"product_cat-edebiyat","6":"product_cat-roman-oyku","7":"pa_cilt-ciltsiz","8":"pa_tur-kitap","9":"pa_yayinevi-yapi-kredi-yayinlari","10":"pa_yazar-magda-szabo","12":"first","13":"instock","14":"sale","15":"shipping-taxable","16":"purchasable","17":"product-type-simple"},"_links":{"self":[{"href":"https:\/\/roveyayinevi.com.tr\/index.php\/wp-json\/wp\/v2\/product\/710162","targetHints":{"allow":["GET"]}}],"collection":[{"href":"https:\/\/roveyayinevi.com.tr\/index.php\/wp-json\/wp\/v2\/product"}],"about":[{"href":"https:\/\/roveyayinevi.com.tr\/index.php\/wp-json\/wp\/v2\/types\/product"}],"wp:attachment":[{"href":"https:\/\/roveyayinevi.com.tr\/index.php\/wp-json\/wp\/v2\/media?parent=710162"}],"wp:term":[{"taxonomy":"product_brand","embeddable":true,"href":"https:\/\/roveyayinevi.com.tr\/index.php\/wp-json\/wp\/v2\/product_brand?post=710162"},{"taxonomy":"product_cat","embeddable":true,"href":"https:\/\/roveyayinevi.com.tr\/index.php\/wp-json\/wp\/v2\/product_cat?post=710162"},{"taxonomy":"product_tag","embeddable":true,"href":"https:\/\/roveyayinevi.com.tr\/index.php\/wp-json\/wp\/v2\/product_tag?post=710162"}],"curies":[{"name":"wp","href":"https:\/\/api.w.org\/{rel}","templated":true}]}}