{"id":710160,"date":"2025-08-27T16:33:03","date_gmt":"2025-08-27T13:33:03","guid":{"rendered":"https:\/\/roveyayinevi.com.tr\/index.php\/urun\/bir-bir-uc-yaraticiligi-kiskirtan-hikayeler\/"},"modified":"2026-04-11T02:23:56","modified_gmt":"2026-04-10T23:23:56","slug":"bir-bir-uc-yaraticiligi-kiskirtan-hikayeler","status":"publish","type":"product","link":"https:\/\/roveyayinevi.com.tr\/index.php\/urun\/bir-bir-uc-yaraticiligi-kiskirtan-hikayeler\/","title":{"rendered":"Bir + Bir = \u00dc\u00e7 (Yarat\u0131c\u0131l\u0131\u011f\u0131 K\u0131\u015fk\u0131rtan Hikayeler)"},"content":{"rendered":"<p>Cehalet kimi zaman de\u011ferli, felaket bazen bir arma\u011fan m\u0131d\u0131r?Bir ile bir\u2019i toplay\u0131nca iki\u2019den ba\u015fka bir sonuca ula\u015fabildi\u011fimiz zamanlarda evet!Reklamc\u0131 ve kreatif direkt\u00f6r Dave Trott, elinizdeki kitapta, farkl\u0131 tarihlerden ve k\u00fclt\u00fcrlerden ger\u00e7ek ya\u015fam \u00f6yk\u00fcleri anlat\u0131yor: Birinci D\u00fcnya Sava\u015f\u0131\u2019nda batan \u00fc\u00e7 gemiden kurtulan bir asker, tsunaminin geldi\u011fini g\u00f6rerek hayat kurtaran on ya\u015f\u0131nda bir k\u0131z, iki parma\u011f\u0131n\u0131 kaybetti\u011fi i\u00e7in caz\u0131 yeniden ke\u015ffeden bir m\u00fczisyen, 18. Y\u00fczy\u0131lda ya\u015fayan bir samuray ve yazar\u0131n kendisinin ve ailesinin ya\u015fam\u0131ndan kesitler\u2026Birbirinden olduk\u00e7a farkl\u0131 hayatlar ya\u015fayan bu karakterlerin bir ortak noktas\u0131 var: \u0130\u00e7inde bulunduklar\u0131 durum her neyse, ona farkl\u0131 bir g\u00f6zle bakabilmeleri, herkesin sustu\u011fu anda konu\u015fmaya ve hareket etmeye cesaret edebilmeleri, geleneksel bilgiyi sorgulamaya, hatta kimi zaman g\u00f6z ard\u0131 etmeye kalk\u0131\u015fabilmeleri\u2026Dave Trott, adeta bir Zen sadeli\u011fiyle dokudu\u011fu hik\u00e2yelerini anlat\u0131rken okura bir \u015fey \u201c\u00f6\u011fretmiyor\u201d, sadece hissettiriyor. Analiz yapan zihnimizi de\u011fil, yaratmaya ve cesurca ad\u0131mlar atmaya meyilli kalbimizi k\u0131\u015fk\u0131rt\u0131yor. Zaten yarat\u0131c\u0131l\u0131k da bilinenin sundu\u011fu g\u00fcven ortam\u0131nda de\u011fil, belirsizli\u011fin karma\u015fas\u0131nda filizlenmez mi? <\/p>\n","protected":false},"excerpt":{"rendered":"<p>Cehalet kimi zaman de\u011ferli, felaket bazen bir arma\u011fan m\u0131d\u0131r?Bir ile bir\u2019i toplay\u0131nca iki\u2019den ba\u015fka bir sonuca ula\u015fabildi\u011fimiz zamanlarda evet!Reklamc\u0131 ve kreatif direkt\u00f6r Dave Trott, elinizdeki kitapta,<span class=\"excerpt-hellip\"> [\u2026]<\/span><\/p>\n","protected":false},"featured_media":0,"template":"","meta":{"_monsterinsights_skip_tracking":false,"_monsterinsights_sitenote_active":false,"_monsterinsights_sitenote_note":"","_monsterinsights_sitenote_category":0},"product_brand":[],"product_cat":[13043,17647],"product_tag":[],"class_list":{"0":"post-710160","1":"product","2":"type-product","3":"status-publish","5":"product_cat-ekonomi","6":"product_cat-is-dunyasi","7":"pa_cilt-ciltsiz","8":"pa_tur-kitap","9":"pa_yayinevi-mediacat-kitaplari","10":"pa_yazar-dave-trot","12":"first","13":"instock","14":"sale","15":"shipping-taxable","16":"purchasable","17":"product-type-simple"},"_links":{"self":[{"href":"https:\/\/roveyayinevi.com.tr\/index.php\/wp-json\/wp\/v2\/product\/710160","targetHints":{"allow":["GET"]}}],"collection":[{"href":"https:\/\/roveyayinevi.com.tr\/index.php\/wp-json\/wp\/v2\/product"}],"about":[{"href":"https:\/\/roveyayinevi.com.tr\/index.php\/wp-json\/wp\/v2\/types\/product"}],"wp:attachment":[{"href":"https:\/\/roveyayinevi.com.tr\/index.php\/wp-json\/wp\/v2\/media?parent=710160"}],"wp:term":[{"taxonomy":"product_brand","embeddable":true,"href":"https:\/\/roveyayinevi.com.tr\/index.php\/wp-json\/wp\/v2\/product_brand?post=710160"},{"taxonomy":"product_cat","embeddable":true,"href":"https:\/\/roveyayinevi.com.tr\/index.php\/wp-json\/wp\/v2\/product_cat?post=710160"},{"taxonomy":"product_tag","embeddable":true,"href":"https:\/\/roveyayinevi.com.tr\/index.php\/wp-json\/wp\/v2\/product_tag?post=710160"}],"curies":[{"name":"wp","href":"https:\/\/api.w.org\/{rel}","templated":true}]}}