{"id":710158,"date":"2025-08-27T16:33:02","date_gmt":"2025-08-27T13:33:02","guid":{"rendered":"https:\/\/roveyayinevi.com.tr\/index.php\/urun\/bulut-bulut-ustune\/"},"modified":"2026-02-03T02:29:56","modified_gmt":"2026-02-02T23:29:56","slug":"bulut-bulut-ustune","status":"publish","type":"product","link":"https:\/\/roveyayinevi.com.tr\/index.php\/urun\/bulut-bulut-ustune\/","title":{"rendered":"Bulut Bulut \u00dcst\u00fcne"},"content":{"rendered":"<p>\u201c\u00d6zellikle yolda y\u00fcr\u00fcrken, d\u0131\u015far\u0131dayken olurdu; beni birilerinin izledi\u011fini, g\u00f6lgemmi\u015f gibi benimle birlikte y\u00fcr\u00fcd\u00fc\u011f\u00fcn\u00fc ama her nedense yukar\u0131lardan bir yerlerden beni g\u00f6rd\u00fc\u011f\u00fcn\u00fc d\u00fc\u015f\u00fcn\u00fcrd\u00fcm. Hareketlerime dikkat ederdim. Oyuna dalarsam unuturdum; bazen de g\u00fcnlerce akl\u0131ma gelmezdi izlendi\u011fim.\u201d Ethem Baran g\u00fcndelik hayattan yal\u0131n kesitler aktarmadaki, herhangi bir insan\u0131n ba\u015f\u0131na gelebilecek herhangi bir olay\u0131 anlatmadaki ustal\u0131\u011f\u0131na sa\u011flam bir halka ekliyor Bulut Bulut \u00dcst\u00fcne\u2019yle. Kar\u0131s\u0131n\u0131 bir ba\u015fkas\u0131ndan ka\u00e7\u0131rarak evlenen adam\u0131n, kar\u0131s\u0131n\u0131n \u015fimdi de bir ba\u015fkas\u0131na ka\u00e7abilece\u011fi ku\u015fkusunu; bir t\u00fcrl\u00fc ya\u015fad\u0131klar\u0131 yerden kopamayan, kendilerini oray\u0131 bekleyen deniz fenerleri olarak g\u00f6ren kasabal\u0131lar\u0131 veya hi\u00e7 kimsenin tan\u0131mad\u0131\u011f\u0131, k\u0131y\u0131da k\u00f6\u015fede kalm\u0131\u015f yazarlar\u0131\u2026 Hepsini bir sarraf\u0131n mercek \u00fczerinden e\u011fildi\u011fi de\u011ferli bir kuyummu\u015f gibi inceliyor, ince ince yaz\u0131yor. <\/p>\n","protected":false},"excerpt":{"rendered":"<p>\u201c\u00d6zellikle yolda y\u00fcr\u00fcrken, d\u0131\u015far\u0131dayken olurdu; beni birilerinin izledi\u011fini, g\u00f6lgemmi\u015f gibi benimle birlikte y\u00fcr\u00fcd\u00fc\u011f\u00fcn\u00fc ama her nedense yukar\u0131lardan bir yerlerden beni g\u00f6rd\u00fc\u011f\u00fcn\u00fc d\u00fc\u015f\u00fcn\u00fcrd\u00fcm. Hareketlerime dikkat ederdim. Oyuna<span class=\"excerpt-hellip\"> [\u2026]<\/span><\/p>\n","protected":false},"featured_media":0,"template":"","meta":{"_monsterinsights_skip_tracking":false,"_monsterinsights_sitenote_active":false,"_monsterinsights_sitenote_note":"","_monsterinsights_sitenote_category":0},"product_brand":[],"product_cat":[12777,12291],"product_tag":[],"class_list":{"0":"post-710158","1":"product","2":"type-product","3":"status-publish","5":"product_cat-deneme","6":"product_cat-edebiyat","7":"pa_cilt-ciltsiz","8":"pa_tur-kitap","9":"pa_yayinevi-iletisim-yayinlari","10":"pa_yazar-ethem-baran","12":"first","13":"instock","14":"sale","15":"shipping-taxable","16":"purchasable","17":"product-type-simple"},"_links":{"self":[{"href":"https:\/\/roveyayinevi.com.tr\/index.php\/wp-json\/wp\/v2\/product\/710158","targetHints":{"allow":["GET"]}}],"collection":[{"href":"https:\/\/roveyayinevi.com.tr\/index.php\/wp-json\/wp\/v2\/product"}],"about":[{"href":"https:\/\/roveyayinevi.com.tr\/index.php\/wp-json\/wp\/v2\/types\/product"}],"wp:attachment":[{"href":"https:\/\/roveyayinevi.com.tr\/index.php\/wp-json\/wp\/v2\/media?parent=710158"}],"wp:term":[{"taxonomy":"product_brand","embeddable":true,"href":"https:\/\/roveyayinevi.com.tr\/index.php\/wp-json\/wp\/v2\/product_brand?post=710158"},{"taxonomy":"product_cat","embeddable":true,"href":"https:\/\/roveyayinevi.com.tr\/index.php\/wp-json\/wp\/v2\/product_cat?post=710158"},{"taxonomy":"product_tag","embeddable":true,"href":"https:\/\/roveyayinevi.com.tr\/index.php\/wp-json\/wp\/v2\/product_tag?post=710158"}],"curies":[{"name":"wp","href":"https:\/\/api.w.org\/{rel}","templated":true}]}}