{"id":710156,"date":"2025-08-27T16:33:01","date_gmt":"2025-08-27T13:33:01","guid":{"rendered":"https:\/\/roveyayinevi.com.tr\/index.php\/urun\/yil-501-fetih-devam-ediyor-year-501-the-conquest-continues\/"},"modified":"2026-04-16T02:18:52","modified_gmt":"2026-04-15T23:18:52","slug":"yil-501-fetih-devam-ediyor-year-501-the-conquest-continues","status":"publish","type":"product","link":"https:\/\/roveyayinevi.com.tr\/index.php\/urun\/yil-501-fetih-devam-ediyor-year-501-the-conquest-continues\/","title":{"rendered":"Y\u0131l 501 &#8211; Fetih Devam Ediyor (Year 501 &#8211; The Conquest Continues)"},"content":{"rendered":"<p>Chomsky, ABD ve Bat\u0131\u2019n\u0131n d\u0131\u015f politikalar\u0131n\u0131 bu \u015fekilde \u00f6zetliyor: Y\u0131l 501 \u2013 Fetih Devam Ediyor. \u201cAvrupal\u0131lar, \u2018\u00f6ld\u00fcrmek \u00fczere sava\u015f\u0131yordu\u2019 ve kana susam\u0131\u015fl\u0131klar\u0131n\u0131 tatmin edecek ara\u00e7lara da sahiplerdi. Amerika kolonilerinde, yerliler \u0130spanyollar ile Britanyal\u0131lar\u0131n vah\u015filiklerinden \u015fa\u015fk\u0131nl\u0131\u011fa d\u00fc\u015fm\u00fc\u015ft\u00fc\u2026 D\u00fcnya n\u00fcfusunun \u00e7o\u011fu i\u00e7in bu \u00e7at\u0131\u015fmalar b\u00fcy\u00fck \u00f6l\u00e7\u00fcde rakip uyu\u015fturucu \u00e7eteleri ya da mafya babalar\u0131 aras\u0131ndaki \u00e7at\u0131\u015fmalara benzer. Tek mesele, h\u0131rs\u0131zl\u0131k ve cinayet hakk\u0131na kimin sahip olaca\u011f\u0131d\u0131r. II. D\u00fcnya Sava\u015f\u0131 sonras\u0131 d\u00f6nemde, ABD k\u00fcresel polis haline gelmi\u015f, imtiyaz\u0131n \u00e7\u0131karlar\u0131n\u0131 garanti etmi\u015ftir. Dolay\u0131s\u0131yla, sald\u0131rganl\u0131k, uluslararas\u0131 ter\u00f6rizm, katliam, i\u015fkence, kimyasal ve bakteriyolojik sava\u015f ve akla gelebilecek her t\u00fcrl\u00fc insan hakk\u0131 ihlali alanlar\u0131nda etkileyici bir sicile sahip olmu\u015ftur. \u015ea\u015f\u0131rt\u0131c\u0131 de\u011fildir, oyunun kural\u0131 budur. Ayr\u0131ca bu olgular\u0131n ana ak\u0131m\u0131n d\u0131\u015f\u0131nda ara s\u0131ra belgelenmesinin yetkililer aras\u0131nda sinir krizlerine yol a\u00e7mas\u0131 da \u015fa\u015f\u0131rt\u0131c\u0131 de\u011fildir.\u201d <\/p>\n","protected":false},"excerpt":{"rendered":"<p>Chomsky, ABD ve Bat\u0131\u2019n\u0131n d\u0131\u015f politikalar\u0131n\u0131 bu \u015fekilde \u00f6zetliyor: Y\u0131l 501 \u2013 Fetih Devam Ediyor. \u201cAvrupal\u0131lar, \u2018\u00f6ld\u00fcrmek \u00fczere sava\u015f\u0131yordu\u2019 ve kana susam\u0131\u015fl\u0131klar\u0131n\u0131 tatmin edecek ara\u00e7lara da<span class=\"excerpt-hellip\"> [\u2026]<\/span><\/p>\n","protected":false},"featured_media":0,"template":"","meta":{"_monsterinsights_skip_tracking":false,"_monsterinsights_sitenote_active":false,"_monsterinsights_sitenote_note":"","_monsterinsights_sitenote_category":0},"product_brand":[],"product_cat":[13548,12408],"product_tag":[],"class_list":{"0":"post-710156","1":"product","2":"type-product","3":"status-publish","5":"product_cat-kuram","6":"product_cat-sanat","7":"pa_cilt-ciltsiz","8":"pa_tur-kitap","9":"pa_yayinevi-ithaki-yayinlari","10":"pa_yazar-noam-chomsky","12":"first","13":"instock","14":"sale","15":"shipping-taxable","16":"purchasable","17":"product-type-simple"},"_links":{"self":[{"href":"https:\/\/roveyayinevi.com.tr\/index.php\/wp-json\/wp\/v2\/product\/710156","targetHints":{"allow":["GET"]}}],"collection":[{"href":"https:\/\/roveyayinevi.com.tr\/index.php\/wp-json\/wp\/v2\/product"}],"about":[{"href":"https:\/\/roveyayinevi.com.tr\/index.php\/wp-json\/wp\/v2\/types\/product"}],"wp:attachment":[{"href":"https:\/\/roveyayinevi.com.tr\/index.php\/wp-json\/wp\/v2\/media?parent=710156"}],"wp:term":[{"taxonomy":"product_brand","embeddable":true,"href":"https:\/\/roveyayinevi.com.tr\/index.php\/wp-json\/wp\/v2\/product_brand?post=710156"},{"taxonomy":"product_cat","embeddable":true,"href":"https:\/\/roveyayinevi.com.tr\/index.php\/wp-json\/wp\/v2\/product_cat?post=710156"},{"taxonomy":"product_tag","embeddable":true,"href":"https:\/\/roveyayinevi.com.tr\/index.php\/wp-json\/wp\/v2\/product_tag?post=710156"}],"curies":[{"name":"wp","href":"https:\/\/api.w.org\/{rel}","templated":true}]}}