{"id":710153,"date":"2025-08-27T16:33:00","date_gmt":"2025-08-27T13:33:00","guid":{"rendered":"https:\/\/roveyayinevi.com.tr\/index.php\/urun\/halil-inalcikin-merceginden-tarih-bilinci\/"},"modified":"2026-04-16T02:18:52","modified_gmt":"2026-04-15T23:18:52","slug":"halil-inalcikin-merceginden-tarih-bilinci","status":"publish","type":"product","link":"https:\/\/roveyayinevi.com.tr\/index.php\/urun\/halil-inalcikin-merceginden-tarih-bilinci\/","title":{"rendered":"Halil \u0130nalc\u0131k\u2019\u0131n Merce\u011finden Tarih Bilinci"},"content":{"rendered":"<p>Eserleri t\u00fcm d\u00fcnyada ilgiyle okunan Halil \u0130nalc\u0131k\u2019\u0131n bu kitab\u0131 ; baz\u0131 s\u00f6yle\u015filerinin, r\u00f6portajlar\u0131n\u0131n ve yaz\u0131lar\u0131n\u0131n Tarih Bilinci ba\u015fl\u0131\u011f\u0131 alt\u0131nda bir araya getirilmesiyle olu\u015ftu. T\u00fcrkiye\u2019de k\u00fclt\u00fcr\u00fc yok eden, siyaseti karma\u015faya g\u00f6t\u00fcren ve nihayetinde ekonomiyi tehlike i\u00e7ine atabilecek bak\u0131\u015f a\u00e7\u0131lar\u0131n\u0131n \u00f6ncelikli olarak de\u011fi\u015fmesi gerekti\u011fine de\u011finen \u0130nalc\u0131k; tarihte tenkidin nas\u0131l yap\u0131lmas\u0131 gerekti\u011fini verdi\u011fi \u00f6rneklerle peki\u015ftiriyor ve geleneksel tarih\u00e7ilik alg\u0131s\u0131ndan s\u0131yr\u0131labilmemiz i\u00e7in tarih okurlar\u0131na \u0131\u015f\u0131k tutuyor. <\/p>\n","protected":false},"excerpt":{"rendered":"<p>Eserleri t\u00fcm d\u00fcnyada ilgiyle okunan Halil \u0130nalc\u0131k\u2019\u0131n bu kitab\u0131 ; baz\u0131 s\u00f6yle\u015filerinin, r\u00f6portajlar\u0131n\u0131n ve yaz\u0131lar\u0131n\u0131n Tarih Bilinci ba\u015fl\u0131\u011f\u0131 alt\u0131nda bir araya getirilmesiyle olu\u015ftu. T\u00fcrkiye\u2019de k\u00fclt\u00fcr\u00fc yok<span class=\"excerpt-hellip\"> [\u2026]<\/span><\/p>\n","protected":false},"featured_media":0,"template":"","meta":{"_monsterinsights_skip_tracking":false,"_monsterinsights_sitenote_active":false,"_monsterinsights_sitenote_note":"","_monsterinsights_sitenote_category":0},"product_brand":[],"product_cat":[13590,12337],"product_tag":[],"class_list":{"0":"post-710153","1":"product","2":"type-product","3":"status-publish","5":"product_cat-arastirma-inceleme-politika-siyaset","6":"product_cat-politika-siyaset","7":"pa_cilt-ciltsiz","8":"pa_tur-kitap","9":"pa_yayinevi-profil-kitap","10":"pa_yazar-halil-inalcik","12":"first","13":"instock","14":"sale","15":"shipping-taxable","16":"purchasable","17":"product-type-simple"},"_links":{"self":[{"href":"https:\/\/roveyayinevi.com.tr\/index.php\/wp-json\/wp\/v2\/product\/710153","targetHints":{"allow":["GET"]}}],"collection":[{"href":"https:\/\/roveyayinevi.com.tr\/index.php\/wp-json\/wp\/v2\/product"}],"about":[{"href":"https:\/\/roveyayinevi.com.tr\/index.php\/wp-json\/wp\/v2\/types\/product"}],"wp:attachment":[{"href":"https:\/\/roveyayinevi.com.tr\/index.php\/wp-json\/wp\/v2\/media?parent=710153"}],"wp:term":[{"taxonomy":"product_brand","embeddable":true,"href":"https:\/\/roveyayinevi.com.tr\/index.php\/wp-json\/wp\/v2\/product_brand?post=710153"},{"taxonomy":"product_cat","embeddable":true,"href":"https:\/\/roveyayinevi.com.tr\/index.php\/wp-json\/wp\/v2\/product_cat?post=710153"},{"taxonomy":"product_tag","embeddable":true,"href":"https:\/\/roveyayinevi.com.tr\/index.php\/wp-json\/wp\/v2\/product_tag?post=710153"}],"curies":[{"name":"wp","href":"https:\/\/api.w.org\/{rel}","templated":true}]}}