{"id":710150,"date":"2025-08-27T16:32:58","date_gmt":"2025-08-27T13:32:58","guid":{"rendered":"https:\/\/roveyayinevi.com.tr\/index.php\/urun\/bir-elmanin-yarasi\/"},"modified":"2026-04-16T02:18:52","modified_gmt":"2026-04-15T23:18:52","slug":"bir-elmanin-yarasi","status":"publish","type":"product","link":"https:\/\/roveyayinevi.com.tr\/index.php\/urun\/bir-elmanin-yarasi\/","title":{"rendered":"Bir Elman\u0131n Yaras\u0131"},"content":{"rendered":"<p>ben, g\u00f6kselbekmezci. kendimibiryerlerdentan\u0131r\u0131mama\u00e7\u0131karamam.yaln\u0131zya\u015far\u0131m. fakatevimege\u00e7kald\u0131\u011f\u0131mdatela\u015flan\u0131r\u0131m.  kalbim \u201878 model ve tektanr\u0131l\u0131d\u0131r, ruhumsayansanayi. baz\u0131\u015feylerhayalg\u00fcc\u00fcmegider, \u00e7ok\u015feysebilin\u00e7alt\u0131mdaezilir. a\u015fklar\u0131mdayoklamaal\u0131r\u0131m. i\u00e7imyan\u0131mdaysa, herkesivaryazar\u0131m.  bayramlardatanr\u0131&#8217;yla\u015feytan&#8217;\u0131nbar\u0131\u015fmas\u0131n\u0131bekler; k\u0131yamet, birpazarg\u00fcn\u00fcnedenkgelse, can kayb\u0131fazlaolmazsan\u0131r\u0131m.  dilbilgisinin\u00f6nemini\u00f6p\u00fc\u015f\u00fcrkenhat\u0131rlar, sevi\u015firken ne hazkontrol\u00fcyapar ne de seksesiyasetikar\u0131\u015ft\u0131r\u0131r\u0131m. oturur, kendime\u00e7al\u0131\u015f\u0131r\u0131m. edebimetinlerini\u00e7inde en \u00e7okebedimetinleriseverim. h\u00fczneyetenekliyim. baz\u0131g\u00fcnlerkendimida\u011f\u0131t\u0131r, zamanlatoplar, \u00e7\u0131kansonu\u00e7lar\u0131y\u00fcz\u00fcme\u00e7arpar\u0131m.   d\u00f6n\u00fc\u015fsanatlar\u0131 da olsunisterim. herkes, hi\u00e7olmad\u0131klar\u0131yerleregitmekisterken, ben, kendimegelsemyeterim. kendim, bana ne diyecek, can\u0131ma ne istetecek; onumerakeder, onudinler, onasusar\u0131m. kendimegelmek, pasaportsuzyolculu\u011fumdurbenim.   aceleetmeki\u00e7inheperkendavran\u0131r\u0131m. erkendavranmayaisege\u00e7kal\u0131r\u0131m.adamolmaktansa\u00e2\u015f\u0131kolmay\u0131ye\u011flerim. <\/p>\n","protected":false},"excerpt":{"rendered":"<p>ben, g\u00f6kselbekmezci. kendimibiryerlerdentan\u0131r\u0131mama\u00e7\u0131karamam.yaln\u0131zya\u015far\u0131m. fakatevimege\u00e7kald\u0131\u011f\u0131mdatela\u015flan\u0131r\u0131m. kalbim \u201878 model ve tektanr\u0131l\u0131d\u0131r, ruhumsayansanayi. baz\u0131\u015feylerhayalg\u00fcc\u00fcmegider, \u00e7ok\u015feysebilin\u00e7alt\u0131mdaezilir. a\u015fklar\u0131mdayoklamaal\u0131r\u0131m. i\u00e7imyan\u0131mdaysa, herkesivaryazar\u0131m. bayramlardatanr\u0131&#8217;yla\u015feytan&#8217;\u0131nbar\u0131\u015fmas\u0131n\u0131bekler; k\u0131yamet, birpazarg\u00fcn\u00fcnedenkgelse, can kayb\u0131fazlaolmazsan\u0131r\u0131m. dilbilgisinin\u00f6nemini\u00f6p\u00fc\u015f\u00fcrkenhat\u0131rlar, sevi\u015firken ne hazkontrol\u00fcyapar ne de<span class=\"excerpt-hellip\"> [\u2026]<\/span><\/p>\n","protected":false},"featured_media":0,"template":"","meta":{"_monsterinsights_skip_tracking":false,"_monsterinsights_sitenote_active":false,"_monsterinsights_sitenote_note":"","_monsterinsights_sitenote_category":0},"product_brand":[],"product_cat":[12777,12291],"product_tag":[],"class_list":{"0":"post-710150","1":"product","2":"type-product","3":"status-publish","5":"product_cat-deneme","6":"product_cat-edebiyat","7":"pa_cilt-ciltsiz","8":"pa_tur-kitap","9":"pa_yayinevi-inkilap-kitabevi","10":"pa_yazar-goksel-bekmezci","12":"first","13":"instock","14":"sale","15":"shipping-taxable","16":"purchasable","17":"product-type-simple"},"_links":{"self":[{"href":"https:\/\/roveyayinevi.com.tr\/index.php\/wp-json\/wp\/v2\/product\/710150","targetHints":{"allow":["GET"]}}],"collection":[{"href":"https:\/\/roveyayinevi.com.tr\/index.php\/wp-json\/wp\/v2\/product"}],"about":[{"href":"https:\/\/roveyayinevi.com.tr\/index.php\/wp-json\/wp\/v2\/types\/product"}],"wp:attachment":[{"href":"https:\/\/roveyayinevi.com.tr\/index.php\/wp-json\/wp\/v2\/media?parent=710150"}],"wp:term":[{"taxonomy":"product_brand","embeddable":true,"href":"https:\/\/roveyayinevi.com.tr\/index.php\/wp-json\/wp\/v2\/product_brand?post=710150"},{"taxonomy":"product_cat","embeddable":true,"href":"https:\/\/roveyayinevi.com.tr\/index.php\/wp-json\/wp\/v2\/product_cat?post=710150"},{"taxonomy":"product_tag","embeddable":true,"href":"https:\/\/roveyayinevi.com.tr\/index.php\/wp-json\/wp\/v2\/product_tag?post=710150"}],"curies":[{"name":"wp","href":"https:\/\/api.w.org\/{rel}","templated":true}]}}