{"id":710149,"date":"2025-08-27T16:32:57","date_gmt":"2025-08-27T13:32:57","guid":{"rendered":"https:\/\/roveyayinevi.com.tr\/index.php\/urun\/turk-kultur-cografyasinda-kafkas-halk-inanclari\/"},"modified":"2026-04-16T02:18:52","modified_gmt":"2026-04-15T23:18:52","slug":"turk-kultur-cografyasinda-kafkas-halk-inanclari","status":"publish","type":"product","link":"https:\/\/roveyayinevi.com.tr\/index.php\/urun\/turk-kultur-cografyasinda-kafkas-halk-inanclari\/","title":{"rendered":"T\u00fcrk K\u00fclt\u00fcr Co\u011frafyas\u0131nda Kafkas Halk \u0130nan\u00e7lar\u0131"},"content":{"rendered":"<p>Kuzey ve G\u00fcney Kafkasya, etno-k\u00fclt\u00fcrel bak\u0131mdan Anadolu&#8217;nun, Anadolu da Kafkasya genelinin bir uzant\u0131s\u0131 konumundad\u0131r. K\u00fclt\u00fcrel hayat\u0131n stratejik obje konumunun giderek \u00f6nem kazand\u0131\u011f\u0131 g\u00fcn\u00fcm\u00fczde, baz\u0131 tespitlerden hareketle bu eserde, T\u00fcrkiye&#8217;nin b\u00f6lge ile olan tarihi ve g\u00fcn\u00fcm\u00fcz ba\u011flant\u0131lar\u0131 ele al\u0131nm\u0131\u015ft\u0131r. <\/p>\n","protected":false},"excerpt":{"rendered":"<p>Kuzey ve G\u00fcney Kafkasya, etno-k\u00fclt\u00fcrel bak\u0131mdan Anadolu&#8217;nun, Anadolu da Kafkasya genelinin bir uzant\u0131s\u0131 konumundad\u0131r. K\u00fclt\u00fcrel hayat\u0131n stratejik obje konumunun giderek \u00f6nem kazand\u0131\u011f\u0131 g\u00fcn\u00fcm\u00fczde, baz\u0131 tespitlerden hareketle<span class=\"excerpt-hellip\"> [\u2026]<\/span><\/p>\n","protected":false},"featured_media":0,"template":"","meta":{"_monsterinsights_skip_tracking":false,"_monsterinsights_sitenote_active":false,"_monsterinsights_sitenote_note":"","_monsterinsights_sitenote_category":0},"product_brand":[],"product_cat":[13590,12337],"product_tag":[],"class_list":{"0":"post-710149","1":"product","2":"type-product","3":"status-publish","5":"product_cat-arastirma-inceleme-politika-siyaset","6":"product_cat-politika-siyaset","7":"pa_cilt-ciltsiz","8":"pa_tur-kitap","9":"pa_yayinevi-berikan-yayinlari","10":"pa_yazar-yasar-kalafat","12":"first","13":"instock","14":"sale","15":"shipping-taxable","16":"purchasable","17":"product-type-simple"},"_links":{"self":[{"href":"https:\/\/roveyayinevi.com.tr\/index.php\/wp-json\/wp\/v2\/product\/710149","targetHints":{"allow":["GET"]}}],"collection":[{"href":"https:\/\/roveyayinevi.com.tr\/index.php\/wp-json\/wp\/v2\/product"}],"about":[{"href":"https:\/\/roveyayinevi.com.tr\/index.php\/wp-json\/wp\/v2\/types\/product"}],"wp:attachment":[{"href":"https:\/\/roveyayinevi.com.tr\/index.php\/wp-json\/wp\/v2\/media?parent=710149"}],"wp:term":[{"taxonomy":"product_brand","embeddable":true,"href":"https:\/\/roveyayinevi.com.tr\/index.php\/wp-json\/wp\/v2\/product_brand?post=710149"},{"taxonomy":"product_cat","embeddable":true,"href":"https:\/\/roveyayinevi.com.tr\/index.php\/wp-json\/wp\/v2\/product_cat?post=710149"},{"taxonomy":"product_tag","embeddable":true,"href":"https:\/\/roveyayinevi.com.tr\/index.php\/wp-json\/wp\/v2\/product_tag?post=710149"}],"curies":[{"name":"wp","href":"https:\/\/api.w.org\/{rel}","templated":true}]}}