{"id":710148,"date":"2025-08-27T16:32:57","date_gmt":"2025-08-27T13:32:57","guid":{"rendered":"https:\/\/roveyayinevi.com.tr\/index.php\/urun\/maralin-pesinde\/"},"modified":"2026-04-16T02:18:52","modified_gmt":"2026-04-15T23:18:52","slug":"maralin-pesinde","status":"publish","type":"product","link":"https:\/\/roveyayinevi.com.tr\/index.php\/urun\/maralin-pesinde\/","title":{"rendered":"Maral&#8217;\u0131n Pe\u015finde"},"content":{"rendered":"<p>Saadettin Ya\u011fmur G\u00f6me\u00e7 bir edebiyat\u00e7\u0131 olmay\u0131p, asl\u0131nda tarih\u00e7idir. Ancak T\u00fcrk \u00e7ocuklar\u0131na tarihlerini \u00f6\u011fretme ve sevdirme hususunda roman ve hik\u00e2yelerin de \u00f6nemli bir yeri oldu\u011funu d\u00fc\u015f\u00fcnd\u00fc\u011f\u00fcnden zaman zaman bu t\u00fcr denemeler yapmaktad\u0131r. Dolay\u0131s\u0131yla G\u00f6k Maral&#8217;\u0131n Pe\u015finde adl\u0131 bu romanda hi\u00e7bir edebi iddiada bulunulmamaktad\u0131r. Eser tamamen tarihi hakikatler \u00e7er\u00e7evesinde, i\u00e7erisine birtak\u0131m edebi unsur ve s\u00fcslemeler kat\u0131larak kaleme al\u0131nm\u0131\u015ft\u0131r.<\/p>\n","protected":false},"excerpt":{"rendered":"<p>Saadettin Ya\u011fmur G\u00f6me\u00e7 bir edebiyat\u00e7\u0131 olmay\u0131p, asl\u0131nda tarih\u00e7idir. Ancak T\u00fcrk \u00e7ocuklar\u0131na tarihlerini \u00f6\u011fretme ve sevdirme hususunda roman ve hik\u00e2yelerin de \u00f6nemli bir yeri oldu\u011funu d\u00fc\u015f\u00fcnd\u00fc\u011f\u00fcnden zaman<span class=\"excerpt-hellip\"> [\u2026]<\/span><\/p>\n","protected":false},"featured_media":0,"template":"","meta":{"_monsterinsights_skip_tracking":false,"_monsterinsights_sitenote_active":false,"_monsterinsights_sitenote_note":"","_monsterinsights_sitenote_category":0},"product_brand":[],"product_cat":[12312,12304],"product_tag":[],"class_list":{"0":"post-710148","1":"product","2":"type-product","3":"status-publish","5":"product_cat-diger","6":"product_cat-tarih","7":"pa_cilt-ciltsiz","8":"pa_tur-kitap","9":"pa_yayinevi-berikan-yayinlari","10":"pa_yazar-saadettin-yagmur-gomec","12":"first","13":"instock","14":"sale","15":"shipping-taxable","16":"purchasable","17":"product-type-simple"},"_links":{"self":[{"href":"https:\/\/roveyayinevi.com.tr\/index.php\/wp-json\/wp\/v2\/product\/710148","targetHints":{"allow":["GET"]}}],"collection":[{"href":"https:\/\/roveyayinevi.com.tr\/index.php\/wp-json\/wp\/v2\/product"}],"about":[{"href":"https:\/\/roveyayinevi.com.tr\/index.php\/wp-json\/wp\/v2\/types\/product"}],"wp:attachment":[{"href":"https:\/\/roveyayinevi.com.tr\/index.php\/wp-json\/wp\/v2\/media?parent=710148"}],"wp:term":[{"taxonomy":"product_brand","embeddable":true,"href":"https:\/\/roveyayinevi.com.tr\/index.php\/wp-json\/wp\/v2\/product_brand?post=710148"},{"taxonomy":"product_cat","embeddable":true,"href":"https:\/\/roveyayinevi.com.tr\/index.php\/wp-json\/wp\/v2\/product_cat?post=710148"},{"taxonomy":"product_tag","embeddable":true,"href":"https:\/\/roveyayinevi.com.tr\/index.php\/wp-json\/wp\/v2\/product_tag?post=710148"}],"curies":[{"name":"wp","href":"https:\/\/api.w.org\/{rel}","templated":true}]}}