{"id":710147,"date":"2025-08-27T16:32:57","date_gmt":"2025-08-27T13:32:57","guid":{"rendered":"https:\/\/roveyayinevi.com.tr\/index.php\/urun\/sana-tek-bir-sey-soyleyecek-olsaydim\/"},"modified":"2026-04-16T02:18:52","modified_gmt":"2026-04-15T23:18:52","slug":"sana-tek-bir-sey-soyleyecek-olsaydim","status":"publish","type":"product","link":"https:\/\/roveyayinevi.com.tr\/index.php\/urun\/sana-tek-bir-sey-soyleyecek-olsaydim\/","title":{"rendered":"Sana Tek Bir \u015eey S\u00f6yleyecek Olsayd\u0131m"},"content":{"rendered":"<p>Ba\u015fkan Bill Clinton, Judi Dench, James Corden, Margaret Atwood, Annie Lennox, Marina Abramovi\u0107, Sir Richard Branson, Jude Law, Harry Belafonte, Olivia Colman, Simon Cowell, Mike Bloomberg, Ruby Wax, Alain de Botton, Jo Malone&#8230; Hepimizin en az\u0131ndan ad\u0131n\u0131 duydu\u011fumuz bu isimler Richard Reed\u2019in kitab\u0131ndaki ilham kayna\u011f\u0131 fenomenlerden sadece birka\u00e7\u0131. 1988 y\u0131l\u0131nda \u201cMasum \u0130\u00e7ecekler\u201d adl\u0131 \u015firketi kurup 2013 y\u0131l\u0131nda Coca-Cola\u2019ya satan Richard Reed y\u0131llar i\u00e7erisinde pek \u00e7ok sayg\u0131n ve \u00fcnl\u00fc simayla tan\u0131\u015fma, arkada\u015fl\u0131k etme f\u0131rsat\u0131 buldu ve onlarla vaktini hi\u00e7bir zaman bo\u015fa harcamad\u0131: Bu hayatta neler \u00f6\u011frendik- lerini, \u201ctek bir \u00f6\u011f\u00fct verebilecek olsalard\u0131\u201d ne diyeceklerini sordu. Ve i\u015fte ortaya elinizdeki bu nadide eser \u00e7\u0131kt\u0131. Sana Tek Bir \u015eey S\u00f6yleyecek Olsayd\u0131m yaln\u0131zca birbirinden \u00f6nemli ki\u015filiklerin anekdotlar\u0131yla dolu bir yap\u0131t de\u011fil, ayn\u0131 zamanda e\u011flenceli, \u00e7ok iyi bir dille yaz\u0131lm\u0131\u015f, profesyonelce tasarlanm\u0131\u015f, yazar\u0131n her biriyle nas\u0131l vakit ge\u00e7irdi\u011fine, hangi ortamlarda neler ya\u015fad\u0131\u011f\u0131na tan\u0131kl\u0131k eden ve laf\u0131 \u00e7ok da uzatmadan esas s\u00f6ylemek istediklerini yal\u0131n bir dille ortaya koyan bir ba\u015fucu kitab\u0131&#8230; <\/p>\n","protected":false},"excerpt":{"rendered":"<p>Ba\u015fkan Bill Clinton, Judi Dench, James Corden, Margaret Atwood, Annie Lennox, Marina Abramovi\u0107, Sir Richard Branson, Jude Law, Harry Belafonte, Olivia Colman, Simon Cowell, Mike Bloomberg,<span class=\"excerpt-hellip\"> [\u2026]<\/span><\/p>\n","protected":false},"featured_media":0,"template":"","meta":{"_monsterinsights_skip_tracking":false,"_monsterinsights_sitenote_active":false,"_monsterinsights_sitenote_note":"","_monsterinsights_sitenote_category":0},"product_brand":[],"product_cat":[12364],"product_tag":[],"class_list":{"0":"post-710147","1":"product","2":"type-product","3":"status-publish","5":"product_cat-genel-konular","6":"pa_cilt-ciltsiz","7":"pa_tur-kitap","8":"pa_yayinevi-beyaz-baykus-yayinlari","9":"pa_yazar-richard-reed","11":"first","12":"instock","13":"sale","14":"shipping-taxable","15":"purchasable","16":"product-type-simple"},"_links":{"self":[{"href":"https:\/\/roveyayinevi.com.tr\/index.php\/wp-json\/wp\/v2\/product\/710147","targetHints":{"allow":["GET"]}}],"collection":[{"href":"https:\/\/roveyayinevi.com.tr\/index.php\/wp-json\/wp\/v2\/product"}],"about":[{"href":"https:\/\/roveyayinevi.com.tr\/index.php\/wp-json\/wp\/v2\/types\/product"}],"wp:attachment":[{"href":"https:\/\/roveyayinevi.com.tr\/index.php\/wp-json\/wp\/v2\/media?parent=710147"}],"wp:term":[{"taxonomy":"product_brand","embeddable":true,"href":"https:\/\/roveyayinevi.com.tr\/index.php\/wp-json\/wp\/v2\/product_brand?post=710147"},{"taxonomy":"product_cat","embeddable":true,"href":"https:\/\/roveyayinevi.com.tr\/index.php\/wp-json\/wp\/v2\/product_cat?post=710147"},{"taxonomy":"product_tag","embeddable":true,"href":"https:\/\/roveyayinevi.com.tr\/index.php\/wp-json\/wp\/v2\/product_tag?post=710147"}],"curies":[{"name":"wp","href":"https:\/\/api.w.org\/{rel}","templated":true}]}}