{"id":710145,"date":"2025-08-27T16:32:56","date_gmt":"2025-08-27T13:32:56","guid":{"rendered":"https:\/\/roveyayinevi.com.tr\/index.php\/urun\/saman-doganin-sifasi-uyaninca\/"},"modified":"2026-04-16T02:18:51","modified_gmt":"2026-04-15T23:18:51","slug":"saman-doganin-sifasi-uyaninca","status":"publish","type":"product","link":"https:\/\/roveyayinevi.com.tr\/index.php\/urun\/saman-doganin-sifasi-uyaninca\/","title":{"rendered":"\u015eaman &#8211; Do\u011fa&#8217;n\u0131n \u015eifas\u0131 Uyan\u0131nca"},"content":{"rendered":"<p>\u015eamanizm bir \u201cDin\u201dmi, yoksa baz\u0131lar\u0131n\u0131n iddia etti\u011fi gibi Avrasya co\u011frafyas\u0131 halklar\u0131n\u0131n g\u00fcn\u00fcm\u00fczde de s\u00fcrd\u00fcrd\u00fc\u011f\u00fc eski zamanlardan aktar\u0131larak gelen k\u00fclt\u00fcrel bir rit\u00fcel mi? Yunan ba\u015fta olmak \u00fczere d\u00fcnyan\u0131n halklar\u0131 ge\u00e7mi\u015findeki \u201c\u00e7oktanr\u0131l\u0131\u201d mitolojik zamanlar\u0131 bir k\u00fclt\u00fcrel miras olarak sahiplenip, o mitolojinin yeniden \u00fcretimini yap\u0131p d\u00fcnyaya kendini yeniden anlat\u0131rken, neden biz \u00f6zellikle \u0131srarla \u201cT\u00fcrkler hi\u00e7bir zaman \u00e7oktanr\u0131l\u0131\u201d olmad\u0131 diyerek mitolojimizi, atalar\u0131m\u0131z\u0131n dinini utan\u0131lacak bir olguymu\u015f gibi saklamaya \u00e7al\u0131\u015f\u0131r\u0131z Tektanr\u0131l\u0131 dinler \u201cinsan\u201d ve \u201cinsan merkezli\u201d bir d\u00fcnya sunuyor. D\u00fcnyan\u0131n neredeyse 40 bin y\u0131ll\u0131k dini \u015eamanizm ise b\u00fct\u00fcn insanl\u0131k k\u00fclt\u00fcr\u00fcn\u00fcn i\u00e7ine girmi\u015f, tektanr\u0131l\u0131 dinlerde de birer motif, bir kal\u0131t olarak \u00e7e\u015fitli bi\u00e7imlerde varl\u0131\u011f\u0131n\u0131 s\u00fcrd\u00fcr\u00fcyor. Do\u011fayla bir olmay\u0131, onun sesini duymay\u0131, dinlemeyi \u00f6\u011f\u00fctleyen, b\u00fct\u00fcn canl\u0131lar\u0131 ve cans\u0131zlar\u0131 \u201ccan\u201d sayan bu \u00e7oktanr\u0131l\u0131 laik din nas\u0131l bir inan\u00e7 sistemi \u00f6neriyor. Mustafa Kemal Atat\u00fcrk\u2019\u00fcn \u015eamanizme yakla\u015f\u0131m\u0131 nas\u0131ld\u0131, onun i\u00e7in neler demi\u015fti? Belki de \u015eamanizmin b\u00fct\u00fcn felsefesini \u015fu s\u00f6zlerle \u00f6zetlemek m\u00fcmk\u00fcnd\u00fcr: bir orman i\u00e7in k\u00f6t\u00fc ve zararl\u0131 olan bizler i\u00e7in de k\u00f6t\u00fc ve zararl\u0131d\u0131r. <\/p>\n","protected":false},"excerpt":{"rendered":"<p>\u015eamanizm bir \u201cDin\u201dmi, yoksa baz\u0131lar\u0131n\u0131n iddia etti\u011fi gibi Avrasya co\u011frafyas\u0131 halklar\u0131n\u0131n g\u00fcn\u00fcm\u00fczde de s\u00fcrd\u00fcrd\u00fc\u011f\u00fc eski zamanlardan aktar\u0131larak gelen k\u00fclt\u00fcrel bir rit\u00fcel mi? Yunan ba\u015fta olmak \u00fczere<span class=\"excerpt-hellip\"> [\u2026]<\/span><\/p>\n","protected":false},"featured_media":0,"template":"","meta":{"_monsterinsights_skip_tracking":false,"_monsterinsights_sitenote_active":false,"_monsterinsights_sitenote_note":"","_monsterinsights_sitenote_category":0},"product_brand":[],"product_cat":[13590,12337],"product_tag":[],"class_list":{"0":"post-710145","1":"product","2":"type-product","3":"status-publish","5":"product_cat-arastirma-inceleme-politika-siyaset","6":"product_cat-politika-siyaset","7":"pa_cilt-ciltsiz","8":"pa_tur-kitap","9":"pa_yayinevi-asi-kitap","10":"pa_yazar-timur-b-davletov","12":"first","13":"instock","14":"sale","15":"shipping-taxable","16":"purchasable","17":"product-type-simple"},"_links":{"self":[{"href":"https:\/\/roveyayinevi.com.tr\/index.php\/wp-json\/wp\/v2\/product\/710145","targetHints":{"allow":["GET"]}}],"collection":[{"href":"https:\/\/roveyayinevi.com.tr\/index.php\/wp-json\/wp\/v2\/product"}],"about":[{"href":"https:\/\/roveyayinevi.com.tr\/index.php\/wp-json\/wp\/v2\/types\/product"}],"wp:attachment":[{"href":"https:\/\/roveyayinevi.com.tr\/index.php\/wp-json\/wp\/v2\/media?parent=710145"}],"wp:term":[{"taxonomy":"product_brand","embeddable":true,"href":"https:\/\/roveyayinevi.com.tr\/index.php\/wp-json\/wp\/v2\/product_brand?post=710145"},{"taxonomy":"product_cat","embeddable":true,"href":"https:\/\/roveyayinevi.com.tr\/index.php\/wp-json\/wp\/v2\/product_cat?post=710145"},{"taxonomy":"product_tag","embeddable":true,"href":"https:\/\/roveyayinevi.com.tr\/index.php\/wp-json\/wp\/v2\/product_tag?post=710145"}],"curies":[{"name":"wp","href":"https:\/\/api.w.org\/{rel}","templated":true}]}}