{"id":710142,"date":"2025-08-27T16:32:54","date_gmt":"2025-08-27T13:32:54","guid":{"rendered":"https:\/\/roveyayinevi.com.tr\/index.php\/urun\/surpriz-modeller-origami\/"},"modified":"2026-04-16T02:18:51","modified_gmt":"2026-04-15T23:18:51","slug":"surpriz-modeller-origami","status":"publish","type":"product","link":"https:\/\/roveyayinevi.com.tr\/index.php\/urun\/surpriz-modeller-origami\/","title":{"rendered":"S\u00fcrpriz Modeller Origami"},"content":{"rendered":"<p>OR\u0130GAM\u0130 kitab\u0131nda muhte\u015fem b\u00f6ceklerden a\u00e7g\u00f6zl\u00fc canavarlara, Akrobasi u\u00e7aklar\u0131ndan uzay gemilerine, pek \u00e7ok farkl\u0131 model seni bekliyor. Ad\u0131m ad\u0131m a\u00e7\u0131klamalar sayesinde kitaptaki t\u00fcm modelleri kolayca yapacak, k\u00e2\u011f\u0131t katlama sanat\u0131nda ustala\u015facaks\u0131n. E\u011flenceli ve keyifli bir hobi seni bekliyor. <\/p>\n","protected":false},"excerpt":{"rendered":"<p>OR\u0130GAM\u0130 kitab\u0131nda muhte\u015fem b\u00f6ceklerden a\u00e7g\u00f6zl\u00fc canavarlara, Akrobasi u\u00e7aklar\u0131ndan uzay gemilerine, pek \u00e7ok farkl\u0131 model seni bekliyor. Ad\u0131m ad\u0131m a\u00e7\u0131klamalar sayesinde kitaptaki t\u00fcm modelleri kolayca yapacak, k\u00e2\u011f\u0131t<span class=\"excerpt-hellip\"> [\u2026]<\/span><\/p>\n","protected":false},"featured_media":0,"template":"","meta":{"_monsterinsights_skip_tracking":false,"_monsterinsights_sitenote_active":false,"_monsterinsights_sitenote_note":"","_monsterinsights_sitenote_category":0},"product_brand":[],"product_cat":[12274,15842],"product_tag":[],"class_list":{"0":"post-710142","1":"product","2":"type-product","3":"status-publish","5":"product_cat-cocuk-ve-genclik-kitaplari","6":"product_cat-egitici-kitaplar","7":"pa_cilt-ciltsiz","8":"pa_tur-kitap10","9":"pa_yayinevi-mavi-kelebek-yayinlari","10":"pa_yazar-catherine-ard","12":"first","13":"instock","14":"sale","15":"shipping-taxable","16":"purchasable","17":"product-type-simple"},"_links":{"self":[{"href":"https:\/\/roveyayinevi.com.tr\/index.php\/wp-json\/wp\/v2\/product\/710142","targetHints":{"allow":["GET"]}}],"collection":[{"href":"https:\/\/roveyayinevi.com.tr\/index.php\/wp-json\/wp\/v2\/product"}],"about":[{"href":"https:\/\/roveyayinevi.com.tr\/index.php\/wp-json\/wp\/v2\/types\/product"}],"wp:attachment":[{"href":"https:\/\/roveyayinevi.com.tr\/index.php\/wp-json\/wp\/v2\/media?parent=710142"}],"wp:term":[{"taxonomy":"product_brand","embeddable":true,"href":"https:\/\/roveyayinevi.com.tr\/index.php\/wp-json\/wp\/v2\/product_brand?post=710142"},{"taxonomy":"product_cat","embeddable":true,"href":"https:\/\/roveyayinevi.com.tr\/index.php\/wp-json\/wp\/v2\/product_cat?post=710142"},{"taxonomy":"product_tag","embeddable":true,"href":"https:\/\/roveyayinevi.com.tr\/index.php\/wp-json\/wp\/v2\/product_tag?post=710142"}],"curies":[{"name":"wp","href":"https:\/\/api.w.org\/{rel}","templated":true}]}}