{"id":710141,"date":"2025-08-27T16:32:54","date_gmt":"2025-08-27T13:32:54","guid":{"rendered":"https:\/\/roveyayinevi.com.tr\/index.php\/urun\/sufi-bilgesi-nasreddin-hoca\/"},"modified":"2026-04-16T02:18:51","modified_gmt":"2026-04-15T23:18:51","slug":"sufi-bilgesi-nasreddin-hoca","status":"publish","type":"product","link":"https:\/\/roveyayinevi.com.tr\/index.php\/urun\/sufi-bilgesi-nasreddin-hoca\/","title":{"rendered":"Sufi Bilgesi Nasreddin Hoca"},"content":{"rendered":"<p>II. D\u00fcnya Sava\u015f\u0131\u2019n\u0131n  en yo\u011fun ge\u00e7ti\u011fi 1940\u2019l\u0131 y\u0131llarda \u201cAmerika\u2019n\u0131n Sesi Radyosu\u201d T\u00fcrkiye\u2019de yay\u0131n yapmaktayd\u0131. Ama\u00e7 T\u00fcrkiye\u2019yi Amerika\u2019n\u0131n yan\u0131na \u00e7ekmekti. Ve b\u00f6ylece T\u00fcrkiye de sava\u015fa girmi\u015f olacakt\u0131. Bir g\u00fcn canl\u0131 yay\u0131na d\u00f6nemin \u00fcnl\u00fc sinema y\u0131ld\u0131z\u0131 Charlie Chaplin davet edilir.7 Aral\u0131k 1942 tarihinde b\u00fct\u00fcn T\u00fcrkiye radyo ba\u015f\u0131nda program\u0131 beklemeye ba\u015flam\u0131\u015ft\u0131. Spiker program\u0131 \u015fu s\u00f6zlerle a\u00e7ar:  \u201c\u015eu an b\u00fct\u00fcn T\u00fcrkiye sizi dinliyor. Onlara ne s\u00f6ylemek istersiniz?\u201dCharlie Chaplin de, sizlere bir Nasreddin Hoca f\u0131kras\u0131 anlatmak istiyorum diyerek f\u0131kray\u0131 anlatmaya ba\u015flar:Bir g\u00fcn kom\u015fusu Hoca\u2019dan e\u015fe\u011fini birka\u00e7 saatli\u011fine \u00f6d\u00fcn\u00e7 ister. Hoca \u201cE\u015fek \u015fu anda burada de\u011fil.\u201d der. O esnada e\u015fek i\u00e7eriden an\u0131rmaya ba\u015flar.Bunun \u00fczerine adam: \u201cEfendi, sen e\u015fek yok diyorsun ama bak e\u015fe\u011fin ah\u0131rdan sesi geliyor!\u201dHoca ba\u015f\u0131n\u0131 sallayarak sitemli bir ses tonuyla \u015f\u00f6yle der:- \u201cAllah Allah&#8230; Yahu sen ne acayip adams\u0131n! E\u015fe\u011fin s\u00f6z\u00fcne inan\u0131yorsun da, ak sakal\u0131mla benim s\u00f6z\u00fcme mi inanm\u0131yorsun?\u201dCharlie Chaplin f\u0131kray\u0131 bitirdikten sonra s\u00f6zlerine \u015f\u00f6yle devam eder:2017 y\u0131l\u0131nda biz de yeniden Hocam\u0131z\u2019\u0131n f\u0131kralar\u0131n\u0131 birlikte hissetmeye, anlamaya, anlatmaya \u00e7al\u0131\u015f\u0131yoruz.. Anlayanlar Hocam\u0131z\u0131 y\u0131llar \u00f6nce anlam\u0131\u015f zaten. Bazen biz de\u011ferlerimizin k\u0131ymetini ya bilmiyor, ya unutuyor, ya da birileri bu de\u011ferleri bize unutturuyor.Sufi Bilgesi- \u201cT\u00fcrkiye\u2019den beni sevenlerime \u015funu s\u00f6ylemek istiyorum: \u0130nsanl\u0131k art\u0131k bir karara vars\u0131n. \u0130nsanlar\u0131n sesini mi dinleyecekler? Yoksa e\u015feklerin an\u0131rmalar\u0131n\u0131 m\u0131?\u201dMevl\u00e2na\u2019n\u0131n m\u00fcritlerinden Seyyid Mahmud Hayrani taraf\u0131ndan yeti\u015ftirilen ve  Hac\u0131 Bekta\u015f Veli\u2019nin \u00f6zel sohbetlerine kat\u0131lan, Sufi Derg\u00e2hlar\u0131nda b\u00e2t\u0131ni \u00f6\u011fretiyle e\u011fitilmi\u015f olan bir dervi\u015fti.Mizahi \u00fcslubu tam bir bilgelik \u00f6rne\u011fidir. Kendisine \u00f6zeldir. Ald\u0131\u011f\u0131 e\u011fitimi halka anlat\u0131rken, o mizah\u0131 se\u00e7mi\u015ftir. G\u00fcld\u00fcrerek \u00f6\u011fretmi\u015ftir.. Ama o da di\u011fer Sufi \u00f6nderleri gibi s\u0131rlar\u0131n\u0131 a\u00e7\u0131klarken sembolizmi kullanm\u0131\u015ft\u0131r. Ancak onun sembolizmi, mizah\u0131n g\u00fcld\u00fcren diline gizlenmi\u015ftir. \u0130lk kez kullan\u0131lm\u0131\u015f ve sadece ona \u00f6zeldir&#8230; <\/p>\n","protected":false},"excerpt":{"rendered":"<p>II. D\u00fcnya Sava\u015f\u0131\u2019n\u0131n en yo\u011fun ge\u00e7ti\u011fi 1940\u2019l\u0131 y\u0131llarda \u201cAmerika\u2019n\u0131n Sesi Radyosu\u201d T\u00fcrkiye\u2019de yay\u0131n yapmaktayd\u0131. Ama\u00e7 T\u00fcrkiye\u2019yi Amerika\u2019n\u0131n yan\u0131na \u00e7ekmekti. Ve b\u00f6ylece T\u00fcrkiye de sava\u015fa girmi\u015f olacakt\u0131.<span class=\"excerpt-hellip\"> [\u2026]<\/span><\/p>\n","protected":false},"featured_media":0,"template":"","meta":{"_monsterinsights_skip_tracking":false,"_monsterinsights_sitenote_active":false,"_monsterinsights_sitenote_note":"","_monsterinsights_sitenote_category":0},"product_brand":[],"product_cat":[12312,12304],"product_tag":[],"class_list":{"0":"post-710141","1":"product","2":"type-product","3":"status-publish","5":"product_cat-diger","6":"product_cat-tarih","7":"pa_cilt-ciltsiz","8":"pa_tur-kitap","9":"pa_yayinevi-sinir-otesi-yayinlari","10":"pa_yazar-ergun-candan","12":"first","13":"instock","14":"sale","15":"shipping-taxable","16":"purchasable","17":"product-type-simple"},"_links":{"self":[{"href":"https:\/\/roveyayinevi.com.tr\/index.php\/wp-json\/wp\/v2\/product\/710141","targetHints":{"allow":["GET"]}}],"collection":[{"href":"https:\/\/roveyayinevi.com.tr\/index.php\/wp-json\/wp\/v2\/product"}],"about":[{"href":"https:\/\/roveyayinevi.com.tr\/index.php\/wp-json\/wp\/v2\/types\/product"}],"wp:attachment":[{"href":"https:\/\/roveyayinevi.com.tr\/index.php\/wp-json\/wp\/v2\/media?parent=710141"}],"wp:term":[{"taxonomy":"product_brand","embeddable":true,"href":"https:\/\/roveyayinevi.com.tr\/index.php\/wp-json\/wp\/v2\/product_brand?post=710141"},{"taxonomy":"product_cat","embeddable":true,"href":"https:\/\/roveyayinevi.com.tr\/index.php\/wp-json\/wp\/v2\/product_cat?post=710141"},{"taxonomy":"product_tag","embeddable":true,"href":"https:\/\/roveyayinevi.com.tr\/index.php\/wp-json\/wp\/v2\/product_tag?post=710141"}],"curies":[{"name":"wp","href":"https:\/\/api.w.org\/{rel}","templated":true}]}}