{"id":710140,"date":"2025-08-27T16:32:53","date_gmt":"2025-08-27T13:32:53","guid":{"rendered":"https:\/\/roveyayinevi.com.tr\/index.php\/urun\/ella-cilgin-kar-tatili\/"},"modified":"2026-02-01T10:36:40","modified_gmt":"2026-02-01T07:36:40","slug":"ella-cilgin-kar-tatili","status":"publish","type":"product","link":"https:\/\/roveyayinevi.com.tr\/index.php\/urun\/ella-cilgin-kar-tatili\/","title":{"rendered":"Ella \u00c7\u0131lg\u0131n Kar Tatili"},"content":{"rendered":"<p>Bug\u00fcne dek 20&#8217;den fazla dile \u00e7evrilen ve 1 milyondan fazla satan &#8220;Ella ve Arkada\u015flar\u0131 Dizisi&#8221;nin 3. kitab\u0131nda yine kahkahalar\u0131n\u0131z\u0131 tutamayacaks\u0131n\u0131z.Ella ve arkada\u015flar\u0131 tatile gidiyor! Ancak \u00f6\u011fretmenleri u\u00e7aklar\u0131 kar\u0131\u015ft\u0131r\u0131nca g\u00fcneyin s\u0131cak kumsallar\u0131nda g\u00fcne\u015flenmeyi beklerken kendilerini kuzeyin karl\u0131 tepelerinin aras\u0131nda buluyorlar. Buradan kurtulmalar\u0131 i\u00e7in \u00f6\u011fretmenleri d\u00e2hiyane bir plan yapsa da bu \u00e7\u0131lg\u0131nlar s\u0131n\u0131f\u0131 yine i\u015fleri kar\u0131\u015ft\u0131racak gibi g\u00f6r\u00fcn\u00fcyor&#8230; <\/p>\n","protected":false},"excerpt":{"rendered":"<p>Bug\u00fcne dek 20&#8217;den fazla dile \u00e7evrilen ve 1 milyondan fazla satan &#8220;Ella ve Arkada\u015flar\u0131 Dizisi&#8221;nin 3. kitab\u0131nda yine kahkahalar\u0131n\u0131z\u0131 tutamayacaks\u0131n\u0131z.Ella ve arkada\u015flar\u0131 tatile gidiyor! Ancak \u00f6\u011fretmenleri<span class=\"excerpt-hellip\"> [\u2026]<\/span><\/p>\n","protected":false},"featured_media":0,"template":"","meta":{"_monsterinsights_skip_tracking":false,"_monsterinsights_sitenote_active":false,"_monsterinsights_sitenote_note":"","_monsterinsights_sitenote_category":0},"product_brand":[],"product_cat":[12274,12284],"product_tag":[],"class_list":{"0":"post-710140","1":"product","2":"type-product","3":"status-publish","5":"product_cat-cocuk-ve-genclik-kitaplari","6":"product_cat-hikayeler","7":"pa_cilt-ciltsiz","8":"pa_tur-kitap","9":"pa_yayinevi-mavi-bulut-yayinlari","10":"pa_yazar-timo-parvela","12":"first","13":"outofstock","14":"sale","15":"shipping-taxable","16":"purchasable","17":"product-type-simple"},"_links":{"self":[{"href":"https:\/\/roveyayinevi.com.tr\/index.php\/wp-json\/wp\/v2\/product\/710140","targetHints":{"allow":["GET"]}}],"collection":[{"href":"https:\/\/roveyayinevi.com.tr\/index.php\/wp-json\/wp\/v2\/product"}],"about":[{"href":"https:\/\/roveyayinevi.com.tr\/index.php\/wp-json\/wp\/v2\/types\/product"}],"wp:attachment":[{"href":"https:\/\/roveyayinevi.com.tr\/index.php\/wp-json\/wp\/v2\/media?parent=710140"}],"wp:term":[{"taxonomy":"product_brand","embeddable":true,"href":"https:\/\/roveyayinevi.com.tr\/index.php\/wp-json\/wp\/v2\/product_brand?post=710140"},{"taxonomy":"product_cat","embeddable":true,"href":"https:\/\/roveyayinevi.com.tr\/index.php\/wp-json\/wp\/v2\/product_cat?post=710140"},{"taxonomy":"product_tag","embeddable":true,"href":"https:\/\/roveyayinevi.com.tr\/index.php\/wp-json\/wp\/v2\/product_tag?post=710140"}],"curies":[{"name":"wp","href":"https:\/\/api.w.org\/{rel}","templated":true}]}}