{"id":710139,"date":"2025-08-27T16:32:53","date_gmt":"2025-08-27T13:32:53","guid":{"rendered":"https:\/\/roveyayinevi.com.tr\/index.php\/urun\/bal-gibi-felsefe-kurallara-uymazsam-ne-olur\/"},"modified":"2026-04-16T02:18:51","modified_gmt":"2026-04-15T23:18:51","slug":"bal-gibi-felsefe-kurallara-uymazsam-ne-olur","status":"publish","type":"product","link":"https:\/\/roveyayinevi.com.tr\/index.php\/urun\/bal-gibi-felsefe-kurallara-uymazsam-ne-olur\/","title":{"rendered":"Bal Gibi Felsefe Kurallara Uymazsam Ne Olur"},"content":{"rendered":"<p>\u00c7ocuklar i\u00e7in yazd\u0131\u011f\u0131 felsefe kitaplar\u0131yla t\u00fcm d\u00fcnyada be\u011feni toplayan \u00fcnl\u00fc yazar BrigitteLabb\u00e9\u2019nin usta kaleminden&#8230; Soru sormay\u0131 seven t\u00fcm k\u00fc\u00e7\u00fck filozoflar i\u00e7in\u2026 Filo, anne ve babas\u0131na hi\u00e7 durmadan sorular soruyor. Sohbetleri genelde \u00e7\u00f6z\u00fcms\u00fcz sonlara ula\u015fsa bile Filo\u2019nun her ak\u015fam ona ak\u0131l vermeye gelen bir ziyaret\u00e7isi var: Bilgin ku\u015f Zof! Filo babas\u0131na arabay\u0131 daha h\u0131zl\u0131 s\u00fcrmesi i\u00e7in \u0131srar ediyordu \u00e7\u00fcnk\u00fc ortal\u0131kta hi\u00e7 trafik polisi g\u00f6r\u00fcnm\u00fcyordu. Babas\u0131 bu konuyu ge\u00e7i\u015ftirmek istemedi. Kurallar\u0131n ve yasalar\u0131n ne i\u015fe yarad\u0131\u011f\u0131n\u0131 ona a\u00e7\u0131klamal\u0131yd\u0131. Ama Filo sab\u0131rs\u0131zd\u0131: \u201cPeki, kurallara uymazsam ne olur?\u201d <\/p>\n","protected":false},"excerpt":{"rendered":"<p>\u00c7ocuklar i\u00e7in yazd\u0131\u011f\u0131 felsefe kitaplar\u0131yla t\u00fcm d\u00fcnyada be\u011feni toplayan \u00fcnl\u00fc yazar BrigitteLabb\u00e9\u2019nin usta kaleminden&#8230; Soru sormay\u0131 seven t\u00fcm k\u00fc\u00e7\u00fck filozoflar i\u00e7in\u2026 Filo, anne ve babas\u0131na hi\u00e7<span class=\"excerpt-hellip\"> [\u2026]<\/span><\/p>\n","protected":false},"featured_media":0,"template":"","meta":{"_monsterinsights_skip_tracking":false,"_monsterinsights_sitenote_active":false,"_monsterinsights_sitenote_note":"","_monsterinsights_sitenote_category":0},"product_brand":[],"product_cat":[12312,12304],"product_tag":[],"class_list":{"0":"post-710139","1":"product","2":"type-product","3":"status-publish","5":"product_cat-diger","6":"product_cat-tarih","7":"pa_cilt-ciltsiz","8":"pa_tur-kitap","9":"pa_yayinevi-dogan-egmont-yayincilik","10":"pa_yazar-brigitte-labbe-and-eric-gaste","12":"first","13":"instock","14":"sale","15":"shipping-taxable","16":"purchasable","17":"product-type-simple"},"_links":{"self":[{"href":"https:\/\/roveyayinevi.com.tr\/index.php\/wp-json\/wp\/v2\/product\/710139","targetHints":{"allow":["GET"]}}],"collection":[{"href":"https:\/\/roveyayinevi.com.tr\/index.php\/wp-json\/wp\/v2\/product"}],"about":[{"href":"https:\/\/roveyayinevi.com.tr\/index.php\/wp-json\/wp\/v2\/types\/product"}],"wp:attachment":[{"href":"https:\/\/roveyayinevi.com.tr\/index.php\/wp-json\/wp\/v2\/media?parent=710139"}],"wp:term":[{"taxonomy":"product_brand","embeddable":true,"href":"https:\/\/roveyayinevi.com.tr\/index.php\/wp-json\/wp\/v2\/product_brand?post=710139"},{"taxonomy":"product_cat","embeddable":true,"href":"https:\/\/roveyayinevi.com.tr\/index.php\/wp-json\/wp\/v2\/product_cat?post=710139"},{"taxonomy":"product_tag","embeddable":true,"href":"https:\/\/roveyayinevi.com.tr\/index.php\/wp-json\/wp\/v2\/product_tag?post=710139"}],"curies":[{"name":"wp","href":"https:\/\/api.w.org\/{rel}","templated":true}]}}