{"id":710138,"date":"2025-08-27T16:32:52","date_gmt":"2025-08-27T13:32:52","guid":{"rendered":"https:\/\/roveyayinevi.com.tr\/index.php\/urun\/binbir-gece-masallari-2\/"},"modified":"2026-04-16T02:18:51","modified_gmt":"2026-04-15T23:18:51","slug":"binbir-gece-masallari-2","status":"publish","type":"product","link":"https:\/\/roveyayinevi.com.tr\/index.php\/urun\/binbir-gece-masallari-2\/","title":{"rendered":"Binbir Gece Masallar\u0131"},"content":{"rendered":"<p>Binbir Gece Masallar\u0131, Hint ve \u00c7in \u00fclkelerinde egemen olan \u015eehriyar\u2019\u0131n, e\u015fi taraf\u0131ndan aldat\u0131lmas\u0131yla ba\u015flar. H\u00fck\u00fcmdar \u015eehriyar, bu duruma \u00f6ylesine \u00f6fkelenir ki her g\u00fcn bir gen\u00e7 k\u0131zla evlenip ertesi g\u00fcn onu katletmeye ba\u015flar. Ta ki \u015eehrazat ile evleninceye kadar&#8230; \u015eehrazat, her gece \u00f6yle heyecanl\u0131 masallar anlat\u0131r ki ertesi geceyi merakla beklemekten ba\u015fka bir \u015fey gelmez \u015eehriyar\u2019\u0131n elinden. Ve \u015eehrazat\u2019\u0131n bu g\u00fczel masallar\u0131 o g\u00fcnden bu yana yaz\u0131l\u0131r, s\u00f6ylenir, anlat\u0131l\u0131r&#8230; <\/p>\n","protected":false},"excerpt":{"rendered":"<p>Binbir Gece Masallar\u0131, Hint ve \u00c7in \u00fclkelerinde egemen olan \u015eehriyar\u2019\u0131n, e\u015fi taraf\u0131ndan aldat\u0131lmas\u0131yla ba\u015flar. H\u00fck\u00fcmdar \u015eehriyar, bu duruma \u00f6ylesine \u00f6fkelenir ki her g\u00fcn bir gen\u00e7 k\u0131zla<span class=\"excerpt-hellip\"> [\u2026]<\/span><\/p>\n","protected":false},"featured_media":0,"template":"","meta":{"_monsterinsights_skip_tracking":false,"_monsterinsights_sitenote_active":false,"_monsterinsights_sitenote_note":"","_monsterinsights_sitenote_category":0},"product_brand":[],"product_cat":[13661,12291],"product_tag":[],"class_list":{"0":"post-710138","1":"product","2":"type-product","3":"status-publish","5":"product_cat-diger-ulke-edebiyatlari","6":"product_cat-edebiyat","7":"pa_cilt-ciltsiz","8":"pa_tur-kitap","9":"pa_yayinevi-antik-kitap","10":"pa_yazar-anonim","12":"first","13":"instock","14":"sale","15":"shipping-taxable","16":"purchasable","17":"product-type-simple"},"_links":{"self":[{"href":"https:\/\/roveyayinevi.com.tr\/index.php\/wp-json\/wp\/v2\/product\/710138","targetHints":{"allow":["GET"]}}],"collection":[{"href":"https:\/\/roveyayinevi.com.tr\/index.php\/wp-json\/wp\/v2\/product"}],"about":[{"href":"https:\/\/roveyayinevi.com.tr\/index.php\/wp-json\/wp\/v2\/types\/product"}],"wp:attachment":[{"href":"https:\/\/roveyayinevi.com.tr\/index.php\/wp-json\/wp\/v2\/media?parent=710138"}],"wp:term":[{"taxonomy":"product_brand","embeddable":true,"href":"https:\/\/roveyayinevi.com.tr\/index.php\/wp-json\/wp\/v2\/product_brand?post=710138"},{"taxonomy":"product_cat","embeddable":true,"href":"https:\/\/roveyayinevi.com.tr\/index.php\/wp-json\/wp\/v2\/product_cat?post=710138"},{"taxonomy":"product_tag","embeddable":true,"href":"https:\/\/roveyayinevi.com.tr\/index.php\/wp-json\/wp\/v2\/product_tag?post=710138"}],"curies":[{"name":"wp","href":"https:\/\/api.w.org\/{rel}","templated":true}]}}