{"id":710135,"date":"2025-08-27T16:32:50","date_gmt":"2025-08-27T13:32:50","guid":{"rendered":"https:\/\/roveyayinevi.com.tr\/index.php\/urun\/gece-ucusu\/"},"modified":"2026-04-16T02:18:51","modified_gmt":"2026-04-15T23:18:51","slug":"gece-ucusu","status":"publish","type":"product","link":"https:\/\/roveyayinevi.com.tr\/index.php\/urun\/gece-ucusu\/","title":{"rendered":"Gece U\u00e7u\u015fu"},"content":{"rendered":"<p>K\u00fc\u00e7\u00fck Prens\u2019le milyonlarca okurun kalbine taht kuran Antoine de Saint-Exup\u00e9ry\u2019den kahraman pilotlara, gece u\u00e7u\u015flar\u0131n\u0131n krallar\u0131- na bir sayg\u0131 duru\u015fu: Gece U\u00e7u\u015fu&#8230; \u201c&#8230;Bin kilometrelik bir yoldan gelince, derinlerden y\u00fckselen dalgalar\u0131, soluk al\u0131p veren bir u\u00e7a\u011f\u0131n ini\u015flerini hissedince, sava\u015ftaki \u00fclkelerden ge\u00e7ercesine on f\u0131rt\u0131nan\u0131n i\u00e7inden ve bunlar\u0131n aras\u0131ndan s\u0131zan ay \u0131\u015f\u0131\u011f\u0131 demetlerinden ge\u00e7ince, zafere ula\u015fman\u0131n hazz\u0131yla her bir \u0131\u015f\u0131k demetine tek tek ula\u015f\u0131nca anlar insan. O insanlar san\u0131r ki lambalar\u0131 sadece g\u00f6steri\u015fsiz masalar\u0131n\u0131 ayd\u0131nlat\u0131r. Oysa seksen kilometre \u00f6teye bile bu \u0131\u015f\u0131klar\u0131n \u00e7a\u011fr\u0131s\u0131 ula\u015f\u0131r, sanki \u0131ss\u0131z bir adada, denizin k\u0131y\u0131s\u0131nda umutsuzca sall\u0131yorlarm\u0131\u015f\u00e7as\u0131na \u0131\u015f\u0131klar\u0131n\u0131.\u201d \ufffcTan\u0131t\u0131m Metni<\/p>\n","protected":false},"excerpt":{"rendered":"<p>K\u00fc\u00e7\u00fck Prens\u2019le milyonlarca okurun kalbine taht kuran Antoine de Saint-Exup\u00e9ry\u2019den kahraman pilotlara, gece u\u00e7u\u015flar\u0131n\u0131n krallar\u0131- na bir sayg\u0131 duru\u015fu: Gece U\u00e7u\u015fu&#8230; \u201c&#8230;Bin kilometrelik bir yoldan gelince,<span class=\"excerpt-hellip\"> [\u2026]<\/span><\/p>\n","protected":false},"featured_media":0,"template":"","meta":{"_monsterinsights_skip_tracking":false,"_monsterinsights_sitenote_active":false,"_monsterinsights_sitenote_note":"","_monsterinsights_sitenote_category":0},"product_brand":[],"product_cat":[12291,12711],"product_tag":[],"class_list":{"0":"post-710135","1":"product","2":"type-product","3":"status-publish","5":"product_cat-edebiyat","6":"product_cat-roman-oyku","7":"pa_cilt-ciltsiz","8":"pa_tur-kitap","9":"pa_yayinevi-timas-yayinlari","10":"pa_yazar-antoine-de-saint-exupery","12":"first","13":"instock","14":"sale","15":"shipping-taxable","16":"purchasable","17":"product-type-simple"},"_links":{"self":[{"href":"https:\/\/roveyayinevi.com.tr\/index.php\/wp-json\/wp\/v2\/product\/710135","targetHints":{"allow":["GET"]}}],"collection":[{"href":"https:\/\/roveyayinevi.com.tr\/index.php\/wp-json\/wp\/v2\/product"}],"about":[{"href":"https:\/\/roveyayinevi.com.tr\/index.php\/wp-json\/wp\/v2\/types\/product"}],"wp:attachment":[{"href":"https:\/\/roveyayinevi.com.tr\/index.php\/wp-json\/wp\/v2\/media?parent=710135"}],"wp:term":[{"taxonomy":"product_brand","embeddable":true,"href":"https:\/\/roveyayinevi.com.tr\/index.php\/wp-json\/wp\/v2\/product_brand?post=710135"},{"taxonomy":"product_cat","embeddable":true,"href":"https:\/\/roveyayinevi.com.tr\/index.php\/wp-json\/wp\/v2\/product_cat?post=710135"},{"taxonomy":"product_tag","embeddable":true,"href":"https:\/\/roveyayinevi.com.tr\/index.php\/wp-json\/wp\/v2\/product_tag?post=710135"}],"curies":[{"name":"wp","href":"https:\/\/api.w.org\/{rel}","templated":true}]}}