{"id":710134,"date":"2025-08-27T16:32:50","date_gmt":"2025-08-27T13:32:50","guid":{"rendered":"https:\/\/roveyayinevi.com.tr\/index.php\/urun\/istanbulun-ilkleri\/"},"modified":"2026-04-16T02:18:51","modified_gmt":"2026-04-15T23:18:51","slug":"istanbulun-ilkleri","status":"publish","type":"product","link":"https:\/\/roveyayinevi.com.tr\/index.php\/urun\/istanbulun-ilkleri\/","title":{"rendered":"\u0130stanbulun \u0130lk&#8217;leri"},"content":{"rendered":"<p>\u0130stanbul \u2018\u0130lk\u2019 Kez Bu Kitapta! Fatih\u2019in Konstantinopolis\u2019i almadan \u00f6nceki uykusuzluklar\u0131, Sinan\u2019\u0131n r\u00fcyas\u0131na d\u00f6n\u00fc\u015fm\u00fc\u015f ve kar\u015f\u0131m\u0131za bug\u00fcn bile k\u0131r\u0131nt\u0131lar\u0131 masal gibi gelen \u0130stanbul\u2019u \u00e7\u0131karm\u0131\u015ft\u0131r. * D\u00fcnya\u2019n\u0131n en g\u00fczel yeri neresi? * \u0130stanbul\u2019da ilk deprem ne zaman oldu? * Bizans\u2019\u0131n T\u00fcrk damad\u0131 kimdi? * \u0130stanbul\u2019un fethini engelleyen M\u00fcsl\u00fcman kimdi? * Org sesini ilk hangi padi\u015fah duydu? * Sadece kad\u0131nlar\u0131n g\u00f6m\u00fcld\u00fc\u011f\u00fc mezarl\u0131k neredeydi? * Sultanahmet Cami neden boykot edildi? * Osmanl\u0131\u2019da sigara i\u00e7me yasa\u011f\u0131 ne zaman uyguland\u0131? * Tap\u0131nak \u015e\u00f6valyeleri\u2019nin simgeleri hangi kilisede yer al\u0131yor? \u2018\u0130stanbul\u2019un \u0130lkleri\u2019ni okuduk\u00e7a i\u00e7 i\u00e7e ge\u00e7mi\u015f, kenetlenmi\u015f, uzunca bir tarihin y\u00fcz\u00fcn\u00fc g\u00f6receksiniz. Ve avu\u00e7lar\u0131n\u0131za s\u00fcrpriz anahtarlar d\u00fc\u015fecek, hangi kap\u0131y\u0131 a\u00e7arsan\u0131z, kar\u015f\u0131n\u0131za Dersaadet \u00e7\u0131kacak. Elinizdeki kitap, ne bir akademik \u00e7al\u0131\u015fman\u0131n ne de bir hevesin \u00fcr\u00fcn\u00fcd\u00fcr. Bu \u00e7al\u0131\u015fma, i\u00e7inde ya\u015fad\u0131\u011f\u0131m\u0131z ve idrak etti\u011fimiz y\u00fczy\u0131l i\u00e7erisinde h\u0131zla geli\u015fen ve de\u011fi\u015fen \u0130stanbul\u2019un \u2018d\u00fcnya \u015fehri\u2019 kimli\u011fini biraz olsun tan\u0131maya yarayacak bilgiler ihtiva etmektedir. Unutmay\u0131n, \u0130stanbul bir g\u00fcn sizi mutlaka \u00e7a\u011f\u0131racak! <\/p>\n","protected":false},"excerpt":{"rendered":"<p>\u0130stanbul \u2018\u0130lk\u2019 Kez Bu Kitapta! Fatih\u2019in Konstantinopolis\u2019i almadan \u00f6nceki uykusuzluklar\u0131, Sinan\u2019\u0131n r\u00fcyas\u0131na d\u00f6n\u00fc\u015fm\u00fc\u015f ve kar\u015f\u0131m\u0131za bug\u00fcn bile k\u0131r\u0131nt\u0131lar\u0131 masal gibi gelen \u0130stanbul\u2019u \u00e7\u0131karm\u0131\u015ft\u0131r. * D\u00fcnya\u2019n\u0131n en<span class=\"excerpt-hellip\"> [\u2026]<\/span><\/p>\n","protected":false},"featured_media":0,"template":"","meta":{"_monsterinsights_skip_tracking":false,"_monsterinsights_sitenote_active":false,"_monsterinsights_sitenote_note":"","_monsterinsights_sitenote_category":0},"product_brand":[],"product_cat":[12312,12304],"product_tag":[],"class_list":{"0":"post-710134","1":"product","2":"type-product","3":"status-publish","5":"product_cat-diger","6":"product_cat-tarih","7":"pa_cilt-ciltsiz","8":"pa_tur-kitap","9":"pa_yayinevi-timas-yayinlari","10":"pa_yazar-suleyman-faruk-goncuoglu","12":"first","13":"instock","14":"sale","15":"shipping-taxable","16":"purchasable","17":"product-type-simple"},"_links":{"self":[{"href":"https:\/\/roveyayinevi.com.tr\/index.php\/wp-json\/wp\/v2\/product\/710134","targetHints":{"allow":["GET"]}}],"collection":[{"href":"https:\/\/roveyayinevi.com.tr\/index.php\/wp-json\/wp\/v2\/product"}],"about":[{"href":"https:\/\/roveyayinevi.com.tr\/index.php\/wp-json\/wp\/v2\/types\/product"}],"wp:attachment":[{"href":"https:\/\/roveyayinevi.com.tr\/index.php\/wp-json\/wp\/v2\/media?parent=710134"}],"wp:term":[{"taxonomy":"product_brand","embeddable":true,"href":"https:\/\/roveyayinevi.com.tr\/index.php\/wp-json\/wp\/v2\/product_brand?post=710134"},{"taxonomy":"product_cat","embeddable":true,"href":"https:\/\/roveyayinevi.com.tr\/index.php\/wp-json\/wp\/v2\/product_cat?post=710134"},{"taxonomy":"product_tag","embeddable":true,"href":"https:\/\/roveyayinevi.com.tr\/index.php\/wp-json\/wp\/v2\/product_tag?post=710134"}],"curies":[{"name":"wp","href":"https:\/\/api.w.org\/{rel}","templated":true}]}}